{"id":967,"date":"2023-07-25T00:13:44","date_gmt":"2023-07-25T00:13:44","guid":{"rendered":"https:\/\/hostidex.com\/teknodrom\/?page_id=967"},"modified":"2023-10-10T09:55:55","modified_gmt":"2023-10-10T09:55:55","slug":"hakkimizda","status":"publish","type":"page","link":"https:\/\/teknodrom.com.tr\/en\/hakkimizda\/","title":{"rendered":"Hakk\u0131m\u0131zda"},"content":{"rendered":"<div data-elementor-type=\"wp-page\" data-elementor-id=\"967\" class=\"elementor elementor-967\">\n\t\t\t\t\t\t<section class=\"elementor-section elementor-top-section elementor-element elementor-element-9e89c9e elementor-section-height-min-height elementor-section-boxed elementor-section-height-default elementor-section-items-middle\" data-id=\"9e89c9e\" data-element_type=\"section\" data-settings=\"{&quot;background_background&quot;:&quot;classic&quot;}\">\n\t\t\t\t\t\t\t<div class=\"elementor-background-overlay\"><\/div>\n\t\t\t\t\t\t\t<div class=\"elementor-container elementor-column-gap-default\">\n\t\t\t\t\t<div class=\"elementor-column elementor-col-100 elementor-top-column elementor-element elementor-element-954515a\" data-id=\"954515a\" data-element_type=\"column\">\n\t\t\t<div class=\"elementor-widget-wrap elementor-element-populated\">\n\t\t\t\t\t\t<div class=\"elementor-element elementor-element-3aa8378 elementor-widget elementor-widget-heading\" data-id=\"3aa8378\" data-element_type=\"widget\" data-widget_type=\"heading.default\">\n\t\t\t\t<div class=\"elementor-widget-container\">\n\t\t\t\t\t<h1 class=\"elementor-heading-title elementor-size-default\">Hakk\u0131m\u0131zda<\/h1>\t\t\t\t<\/div>\n\t\t\t\t<\/div>\n\t\t\t\t\t<\/div>\n\t\t<\/div>\n\t\t\t\t\t<\/div>\n\t\t<\/section>\n\t\t\t\t<section class=\"elementor-section elementor-top-section elementor-element elementor-element-689846a elementor-section-boxed elementor-section-height-default elementor-section-height-default\" data-id=\"689846a\" data-element_type=\"section\">\n\t\t\t\t\t\t<div class=\"elementor-container elementor-column-gap-default\">\n\t\t\t\t\t<div class=\"elementor-column elementor-col-16 elementor-top-column elementor-element elementor-element-3bd8d96\" data-id=\"3bd8d96\" data-element_type=\"column\" data-settings=\"{&quot;background_background&quot;:&quot;classic&quot;}\">\n\t\t\t<div class=\"elementor-widget-wrap elementor-element-populated\">\n\t\t\t\t\t\t<div class=\"elementor-element elementor-element-1f34083 elementor-widget elementor-widget-heading\" data-id=\"1f34083\" data-element_type=\"widget\" data-widget_type=\"heading.default\">\n\t\t\t\t<div class=\"elementor-widget-container\">\n\t\t\t\t\t<h2 class=\"elementor-heading-title elementor-size-default\"><a href=\"https:\/\/teknodrom.com.tr\/en\/hakkimizda\/\">Hakk\u0131m\u0131zda<\/a><\/h2>\t\t\t\t<\/div>\n\t\t\t\t<\/div>\n\t\t\t\t\t<\/div>\n\t\t<\/div>\n\t\t\t\t<div class=\"elementor-column elementor-col-16 elementor-top-column elementor-element elementor-element-12a80e0\" data-id=\"12a80e0\" data-element_type=\"column\" data-settings=\"{&quot;background_background&quot;:&quot;classic&quot;}\">\n\t\t\t<div class=\"elementor-widget-wrap elementor-element-populated\">\n\t\t\t\t\t\t<div class=\"elementor-element elementor-element-7e1cde1 elementor-widget elementor-widget-heading\" data-id=\"7e1cde1\" data-element_type=\"widget\" data-widget_type=\"heading.default\">\n\t\t\t\t<div class=\"elementor-widget-container\">\n\t\t\t\t\t<h2 class=\"elementor-heading-title elementor-size-default\"><a href=\"https:\/\/teknodrom.com.tr\/en\/vizyon-misyon\/\">Vizyon \/ Misyon<\/a><\/h2>\t\t\t\t<\/div>\n\t\t\t\t<\/div>\n\t\t\t\t\t<\/div>\n\t\t<\/div>\n\t\t\t\t<div class=\"elementor-column elementor-col-16 elementor-top-column elementor-element elementor-element-f2ec8de\" data-id=\"f2ec8de\" data-element_type=\"column\" data-settings=\"{&quot;background_background&quot;:&quot;classic&quot;}\">\n\t\t\t<div class=\"elementor-widget-wrap elementor-element-populated\">\n\t\t\t\t\t\t<div class=\"elementor-element elementor-element-c6947d2 elementor-widget elementor-widget-heading\" data-id=\"c6947d2\" data-element_type=\"widget\" data-widget_type=\"heading.default\">\n\t\t\t\t<div class=\"elementor-widget-container\">\n\t\t\t\t\t<h2 class=\"elementor-heading-title elementor-size-default\"><a href=\"https:\/\/teknodrom.com.tr\/en\/tarihce\/\">Tarih\u00e7e<\/a><\/h2>\t\t\t\t<\/div>\n\t\t\t\t<\/div>\n\t\t\t\t\t<\/div>\n\t\t<\/div>\n\t\t\t\t<div class=\"elementor-column elementor-col-16 elementor-top-column elementor-element elementor-element-f917ca6\" data-id=\"f917ca6\" data-element_type=\"column\" data-settings=\"{&quot;background_background&quot;:&quot;classic&quot;}\">\n\t\t\t<div class=\"elementor-widget-wrap elementor-element-populated\">\n\t\t\t\t\t\t<div class=\"elementor-element elementor-element-63e83a1 elementor-widget elementor-widget-heading\" data-id=\"63e83a1\" data-element_type=\"widget\" data-widget_type=\"heading.default\">\n\t\t\t\t<div class=\"elementor-widget-container\">\n\t\t\t\t\t<h2 class=\"elementor-heading-title elementor-size-default\"><a href=\"https:\/\/teknodrom.com.tr\/en\/yatirim-ve-projeler\/\">Yat\u0131r\u0131m ve Projeler<\/a><\/h2>\t\t\t\t<\/div>\n\t\t\t\t<\/div>\n\t\t\t\t\t<\/div>\n\t\t<\/div>\n\t\t\t\t<div class=\"elementor-column elementor-col-16 elementor-top-column elementor-element elementor-element-f33cec2\" data-id=\"f33cec2\" data-element_type=\"column\" data-settings=\"{&quot;background_background&quot;:&quot;classic&quot;}\">\n\t\t\t<div class=\"elementor-widget-wrap elementor-element-populated\">\n\t\t\t\t\t\t<div class=\"elementor-element elementor-element-7fccabf elementor-widget elementor-widget-heading\" data-id=\"7fccabf\" data-element_type=\"widget\" data-widget_type=\"heading.default\">\n\t\t\t\t<div class=\"elementor-widget-container\">\n\t\t\t\t\t<h2 class=\"elementor-heading-title elementor-size-default\"><a href=\"https:\/\/teknodrom.com.tr\/en\/politikalarimiz\/\">Politikalar\u0131m\u0131z<\/a><\/h2>\t\t\t\t<\/div>\n\t\t\t\t<\/div>\n\t\t\t\t\t<\/div>\n\t\t<\/div>\n\t\t\t\t<div class=\"elementor-column elementor-col-16 elementor-top-column elementor-element elementor-element-03f8246\" data-id=\"03f8246\" data-element_type=\"column\" data-settings=\"{&quot;background_background&quot;:&quot;classic&quot;}\">\n\t\t\t<div class=\"elementor-widget-wrap elementor-element-populated\">\n\t\t\t\t\t\t<div class=\"elementor-element elementor-element-1100e2b elementor-widget elementor-widget-heading\" data-id=\"1100e2b\" data-element_type=\"widget\" data-widget_type=\"heading.default\">\n\t\t\t\t<div class=\"elementor-widget-container\">\n\t\t\t\t\t<h2 class=\"elementor-heading-title elementor-size-default\"><a href=\"https:\/\/teknodrom.com.tr\/en\/kvkk\/\">KVKK<\/a><\/h2>\t\t\t\t<\/div>\n\t\t\t\t<\/div>\n\t\t\t\t\t<\/div>\n\t\t<\/div>\n\t\t\t\t\t<\/div>\n\t\t<\/section>\n\t\t\t\t<section class=\"elementor-section elementor-top-section elementor-element elementor-element-75210ca elementor-section-boxed elementor-section-height-default elementor-section-height-default\" data-id=\"75210ca\" data-element_type=\"section\">\n\t\t\t\t\t\t<div class=\"elementor-container elementor-column-gap-default\">\n\t\t\t\t\t<div class=\"elementor-column elementor-col-100 elementor-top-column elementor-element elementor-element-ccc467f\" data-id=\"ccc467f\" data-element_type=\"column\">\n\t\t\t<div class=\"elementor-widget-wrap elementor-element-populated\">\n\t\t\t\t\t\t<div class=\"elementor-element elementor-element-409a162 elementor-widget elementor-widget-heading\" data-id=\"409a162\" data-element_type=\"widget\" data-widget_type=\"heading.default\">\n\t\t\t\t<div class=\"elementor-widget-container\">\n\t\t\t\t\t<h2 class=\"elementor-heading-title elementor-size-default\">Hakk\u0131m\u0131zda<\/h2>\t\t\t\t<\/div>\n\t\t\t\t<\/div>\n\t\t\t\t<div class=\"elementor-element elementor-element-8a8d2a2 elementor-widget-divider--view-line elementor-widget elementor-widget-divider\" data-id=\"8a8d2a2\" data-element_type=\"widget\" data-widget_type=\"divider.default\">\n\t\t\t\t<div class=\"elementor-widget-container\">\n\t\t\t\t\t\t\t<div class=\"elementor-divider\">\n\t\t\t<span class=\"elementor-divider-separator\">\n\t\t\t\t\t\t<\/span>\n\t\t<\/div>\n\t\t\t\t\t\t<\/div>\n\t\t\t\t<\/div>\n\t\t\t\t<div class=\"elementor-element elementor-element-c0de3a6 elementor-widget elementor-widget-text-editor\" data-id=\"c0de3a6\" data-element_type=\"widget\" data-widget_type=\"text-editor.default\">\n\t\t\t\t<div class=\"elementor-widget-container\">\n\t\t\t\t\t\t\t\t\t<p>Teknodrom, uzun y\u0131llar s\u00fcren AR-GE \u00e7al\u0131\u015fmalar\u0131n\u0131n neticesi olarak 2015 y\u0131l\u0131nda T\u00fcrkiye\u2019nin ilk ve tek de\u011ferli madenler geri d\u00f6n\u00fc\u015f\u00fcm tesisini Kocaeli\u2019de kurdu. T\u00fcrkiye\u2019nin ilk ve tek de\u011ferli madenler geri d\u00f6n\u00fc\u015f\u00fcm \u015firketi olarak farkl\u0131 sekt\u00f6rlere de ad\u0131n\u0131 ta\u015f\u0131yan Teknodrom, \u00e7e\u015fitli alanlarda faaliyetlerine devam etmektedir.<\/p><p>2019 y\u0131l\u0131nda al\u00fcminyum sekt\u00f6r\u00fcne giri\u015f yaparak ad\u0131n\u0131 bir kez daha duyuran Teknodrom, al\u00fcminyum enjeksiyon d\u00f6k\u00fcm tesisini ve tam kapsaml\u0131 al\u00fcminyum billet ve k\u00fcl\u00e7e \u00fcretim tesisi gibi \u00f6nemli projeleri hayata ge\u00e7irmi\u015ftir.<\/p><p>Teknodrom\u2019un etki alan\u0131 sadece sanayi sekt\u00f6r\u00fc ile s\u0131n\u0131rl\u0131 de\u011fildir. \u015eirket, sadece i\u015f d\u00fcnyas\u0131na de\u011fil ayn\u0131 zamanda geni\u015f bir yelpazede toplumsal giri\u015fimlere de odaklanm\u0131\u015ft\u0131r. Bu kapsamda, Avrupa\u2019n\u0131n en b\u00fcy\u00fck silahl\u0131 at\u0131\u015f poligonu olan Tekno Poligon\u2019u ve g\u00f6steren profesyonel bir ok\u00e7uluk kul\u00fcb\u00fc olan Tekno Ok\u00e7uluk Spor Kul\u00fcb\u00fc\u2019n\u00fc \u0130stanbul\u2019da kurmu\u015ftur.<\/p><p>Her bir alanda kalite, inovasyon ve s\u00fcrd\u00fcr\u00fclebilirlik ilkeleriyle hareket ediyor, m\u00fc\u015fterilerimize ve \u00fclkemize katk\u0131 sa\u011flama misyonumuzu s\u00fcrd\u00fcr\u00fcyoruz. Gelecekte de bu de\u011ferler do\u011frultusunda Teknodrom olarak b\u00fcy\u00fcmeye ve geli\u015fmeye devam edece\u011fiz<\/p>\t\t\t\t\t\t\t\t<\/div>\n\t\t\t\t<\/div>\n\t\t\t\t<div class=\"elementor-element elementor-element-460a781 elementor-widget elementor-widget-heading\" data-id=\"460a781\" data-element_type=\"widget\" data-widget_type=\"heading.default\">\n\t\t\t\t<div class=\"elementor-widget-container\">\n\t\t\t\t\t<h2 class=\"elementor-heading-title elementor-size-default\">Grup \u015eirketlerimiz<\/h2>\t\t\t\t<\/div>\n\t\t\t\t<\/div>\n\t\t\t\t<div class=\"elementor-element elementor-element-f29e2e4 elementor-widget-divider--view-line elementor-widget elementor-widget-divider\" data-id=\"f29e2e4\" data-element_type=\"widget\" data-widget_type=\"divider.default\">\n\t\t\t\t<div class=\"elementor-widget-container\">\n\t\t\t\t\t\t\t<div class=\"elementor-divider\">\n\t\t\t<span class=\"elementor-divider-separator\">\n\t\t\t\t\t\t<\/span>\n\t\t<\/div>\n\t\t\t\t\t\t<\/div>\n\t\t\t\t<\/div>\n\t\t\t\t<section class=\"elementor-section elementor-inner-section elementor-element elementor-element-ccbe86b elementor-section-full_width elementor-section-height-default elementor-section-height-default\" data-id=\"ccbe86b\" data-element_type=\"section\">\n\t\t\t\t\t\t<div class=\"elementor-container elementor-column-gap-default\">\n\t\t\t\t\t<div class=\"elementor-column elementor-col-33 elementor-inner-column elementor-element elementor-element-f5536ba\" data-id=\"f5536ba\" data-element_type=\"column\">\n\t\t\t<div class=\"elementor-widget-wrap elementor-element-populated\">\n\t\t\t\t\t\t<div class=\"elementor-element elementor-element-d93d76c ekit-equal-height-enable elementor-widget elementor-widget-elementskit-image-box\" data-id=\"d93d76c\" data-element_type=\"widget\" data-widget_type=\"elementskit-image-box.default\">\n\t\t\t\t<div class=\"elementor-widget-container\">\n\t\t\t\t\t<div class=\"ekit-wid-con\" >\n            <div class=\"elementskit-info-image-box ekit-image-box text-center simple-card\" >\n\n                <a href=\"https:\/\/teknodrom.com.tr\/en\/\">\n                <div class=\"elementskit-box-header image-box-img-center\">\n\n                    <img fetchpriority=\"high\" decoding=\"async\" width=\"600\" height=\"300\" src=\"https:\/\/teknodrom.com.tr\/wp-content\/uploads\/2023\/07\/teknodromlogo-kucuk.jpg\" class=\"attachment-full size-full wp-image-983\" alt=\"\" srcset=\"https:\/\/teknodrom.com.tr\/wp-content\/uploads\/2023\/07\/teknodromlogo-kucuk.jpg 600w, https:\/\/teknodrom.com.tr\/wp-content\/uploads\/2023\/07\/teknodromlogo-kucuk-300x150.jpg 300w, https:\/\/teknodrom.com.tr\/wp-content\/uploads\/2023\/07\/teknodromlogo-kucuk-18x9.jpg 18w\" sizes=\"(max-width: 600px) 100vw, 600px\" \/>\n                <\/div>\n                <\/a>\n                <div class=\"elementskit-box-body ekit-image-box-body\">\n                    <div class=\"elementskit-box-content ekit-image-box-body-inner\">\n                                                <h3 class=\"elementskit-info-box-title\">\n\n                        Teknodrom De\u011ferli Madenler Geri D\u00f6n\u00fc\u015f\u00fcm\n                        \n                    <\/h3>\n                                                        <\/div>\n\n                            <\/div>\n            <\/div>\n    <\/div>\t\t\t\t<\/div>\n\t\t\t\t<\/div>\n\t\t\t\t\t<\/div>\n\t\t<\/div>\n\t\t\t\t<div class=\"elementor-column elementor-col-33 elementor-inner-column elementor-element elementor-element-308339b\" data-id=\"308339b\" data-element_type=\"column\">\n\t\t\t<div class=\"elementor-widget-wrap elementor-element-populated\">\n\t\t\t\t\t\t<div class=\"elementor-element elementor-element-64c8cf4 ekit-equal-height-enable elementor-widget elementor-widget-elementskit-image-box\" data-id=\"64c8cf4\" data-element_type=\"widget\" data-widget_type=\"elementskit-image-box.default\">\n\t\t\t\t<div class=\"elementor-widget-container\">\n\t\t\t\t\t<div class=\"ekit-wid-con\" >\n            <div class=\"elementskit-info-image-box ekit-image-box text-center simple-card\" >\n\n                <a href=\"https:\/\/teknodrom.com.tr\/en\/\">\n                <div class=\"elementskit-box-header image-box-img-center\">\n\n                    <img decoding=\"async\" width=\"600\" height=\"300\" src=\"https:\/\/teknodrom.com.tr\/wp-content\/uploads\/2023\/07\/teknodrom-alim.jpg\" class=\"attachment-full size-full wp-image-984\" alt=\"\" srcset=\"https:\/\/teknodrom.com.tr\/wp-content\/uploads\/2023\/07\/teknodrom-alim.jpg 600w, https:\/\/teknodrom.com.tr\/wp-content\/uploads\/2023\/07\/teknodrom-alim-300x150.jpg 300w, https:\/\/teknodrom.com.tr\/wp-content\/uploads\/2023\/07\/teknodrom-alim-18x9.jpg 18w\" sizes=\"(max-width: 600px) 100vw, 600px\" \/>\n                <\/div>\n                <\/a>\n                <div class=\"elementskit-box-body ekit-image-box-body\">\n                    <div class=\"elementskit-box-content ekit-image-box-body-inner\">\n                                                <h3 class=\"elementskit-info-box-title\">\n\n                        Teknodrom Al\u00fcminyum\n                        \n                    <\/h3>\n                                                        <\/div>\n\n                            <\/div>\n            <\/div>\n    <\/div>\t\t\t\t<\/div>\n\t\t\t\t<\/div>\n\t\t\t\t\t<\/div>\n\t\t<\/div>\n\t\t\t\t<div class=\"elementor-column elementor-col-33 elementor-inner-column elementor-element elementor-element-cb64131\" data-id=\"cb64131\" data-element_type=\"column\">\n\t\t\t<div class=\"elementor-widget-wrap elementor-element-populated\">\n\t\t\t\t\t\t<div class=\"elementor-element elementor-element-15a3d59 ekit-equal-height-enable elementor-widget elementor-widget-elementskit-image-box\" data-id=\"15a3d59\" data-element_type=\"widget\" data-widget_type=\"elementskit-image-box.default\">\n\t\t\t\t<div class=\"elementor-widget-container\">\n\t\t\t\t\t<div class=\"ekit-wid-con\" >\n            <div class=\"elementskit-info-image-box ekit-image-box text-center simple-card\" >\n\n                <a href=\"https:\/\/teknodrom.com.tr\/en\/\">\n                <div class=\"elementskit-box-header image-box-img-center\">\n\n                    <img decoding=\"async\" width=\"600\" height=\"300\" src=\"https:\/\/teknodrom.com.tr\/wp-content\/uploads\/2023\/07\/teknodrom-die-casting.jpg\" class=\"attachment-full size-full wp-image-985\" alt=\"\" srcset=\"https:\/\/teknodrom.com.tr\/wp-content\/uploads\/2023\/07\/teknodrom-die-casting.jpg 600w, https:\/\/teknodrom.com.tr\/wp-content\/uploads\/2023\/07\/teknodrom-die-casting-300x150.jpg 300w, https:\/\/teknodrom.com.tr\/wp-content\/uploads\/2023\/07\/teknodrom-die-casting-18x9.jpg 18w\" sizes=\"(max-width: 600px) 100vw, 600px\" \/>\n                <\/div>\n                <\/a>\n                <div class=\"elementskit-box-body ekit-image-box-body\">\n                    <div class=\"elementskit-box-content ekit-image-box-body-inner\">\n                                                <h3 class=\"elementskit-info-box-title\">\n\n                        Teknodrom Die Casting\n                        \n                    <\/h3>\n                                                        <\/div>\n\n                            <\/div>\n            <\/div>\n    <\/div>\t\t\t\t<\/div>\n\t\t\t\t<\/div>\n\t\t\t\t\t<\/div>\n\t\t<\/div>\n\t\t\t\t\t<\/div>\n\t\t<\/section>\n\t\t\t\t<section class=\"elementor-section elementor-inner-section elementor-element elementor-element-9005382 elementor-section-full_width elementor-section-height-default elementor-section-height-default\" data-id=\"9005382\" data-element_type=\"section\">\n\t\t\t\t\t\t<div class=\"elementor-container elementor-column-gap-default\">\n\t\t\t\t\t<div class=\"elementor-column elementor-col-33 elementor-inner-column elementor-element elementor-element-6ee0525\" data-id=\"6ee0525\" data-element_type=\"column\">\n\t\t\t<div class=\"elementor-widget-wrap elementor-element-populated\">\n\t\t\t\t\t\t<div class=\"elementor-element elementor-element-b1199b0 ekit-equal-height-enable elementor-widget elementor-widget-elementskit-image-box\" data-id=\"b1199b0\" data-element_type=\"widget\" data-widget_type=\"elementskit-image-box.default\">\n\t\t\t\t<div class=\"elementor-widget-container\">\n\t\t\t\t\t<div class=\"ekit-wid-con\" >\n            <div class=\"elementskit-info-image-box ekit-image-box text-center simple-card\" >\n\n                <a href=\"https:\/\/teknodrom.com.tr\/en\/\">\n                <div class=\"elementskit-box-header image-box-img-center\">\n\n                    <img loading=\"lazy\" decoding=\"async\" width=\"1600\" height=\"599\" src=\"https:\/\/teknodrom.com.tr\/wp-content\/uploads\/2023\/10\/sss-2.png\" class=\"attachment-full size-full wp-image-1913\" alt=\"\" srcset=\"https:\/\/teknodrom.com.tr\/wp-content\/uploads\/2023\/10\/sss-2.png 1600w, https:\/\/teknodrom.com.tr\/wp-content\/uploads\/2023\/10\/sss-2-300x112.png 300w, https:\/\/teknodrom.com.tr\/wp-content\/uploads\/2023\/10\/sss-2-1024x383.png 1024w, https:\/\/teknodrom.com.tr\/wp-content\/uploads\/2023\/10\/sss-2-768x288.png 768w, https:\/\/teknodrom.com.tr\/wp-content\/uploads\/2023\/10\/sss-2-1536x575.png 1536w, https:\/\/teknodrom.com.tr\/wp-content\/uploads\/2023\/10\/sss-2-18x7.png 18w\" sizes=\"(max-width: 1600px) 100vw, 1600px\" \/>\n                <\/div>\n                <\/a>\n                <div class=\"elementskit-box-body ekit-image-box-body\">\n                    <div class=\"elementskit-box-content ekit-image-box-body-inner\">\n                                                <h3 class=\"elementskit-info-box-title\">\n\n                        Tekno Ok\u00e7uluk Spor Kul\u00fcb\u00fc\n                        \n                    <\/h3>\n                                                        <\/div>\n\n                            <\/div>\n            <\/div>\n    <\/div>\t\t\t\t<\/div>\n\t\t\t\t<\/div>\n\t\t\t\t\t<\/div>\n\t\t<\/div>\n\t\t\t\t<div class=\"elementor-column elementor-col-33 elementor-inner-column elementor-element elementor-element-1c1217c\" data-id=\"1c1217c\" data-element_type=\"column\">\n\t\t\t<div class=\"elementor-widget-wrap elementor-element-populated\">\n\t\t\t\t\t\t<div class=\"elementor-element elementor-element-f3113af ekit-equal-height-enable elementor-widget elementor-widget-elementskit-image-box\" data-id=\"f3113af\" data-element_type=\"widget\" data-widget_type=\"elementskit-image-box.default\">\n\t\t\t\t<div class=\"elementor-widget-container\">\n\t\t\t\t\t<div class=\"ekit-wid-con\" >\n            <div class=\"elementskit-info-image-box ekit-image-box text-center simple-card\" >\n\n                <a href=\"https:\/\/teknodrom.com.tr\/en\/\">\n                <div class=\"elementskit-box-header image-box-img-center\">\n\n                    <img loading=\"lazy\" decoding=\"async\" width=\"1600\" height=\"599\" src=\"https:\/\/teknodrom.com.tr\/wp-content\/uploads\/2023\/10\/lll.png\" class=\"attachment-full size-full wp-image-1914\" alt=\"\" srcset=\"https:\/\/teknodrom.com.tr\/wp-content\/uploads\/2023\/10\/lll.png 1600w, https:\/\/teknodrom.com.tr\/wp-content\/uploads\/2023\/10\/lll-300x112.png 300w, https:\/\/teknodrom.com.tr\/wp-content\/uploads\/2023\/10\/lll-1024x383.png 1024w, https:\/\/teknodrom.com.tr\/wp-content\/uploads\/2023\/10\/lll-768x288.png 768w, https:\/\/teknodrom.com.tr\/wp-content\/uploads\/2023\/10\/lll-1536x575.png 1536w, https:\/\/teknodrom.com.tr\/wp-content\/uploads\/2023\/10\/lll-18x7.png 18w\" sizes=\"(max-width: 1600px) 100vw, 1600px\" \/>\n                <\/div>\n                <\/a>\n                <div class=\"elementskit-box-body ekit-image-box-body\">\n                    <div class=\"elementskit-box-content ekit-image-box-body-inner\">\n                                                <h3 class=\"elementskit-info-box-title\">\n\n                        Tekno Poligon \n                        \n                    <\/h3>\n                                                        <\/div>\n\n                            <\/div>\n            <\/div>\n    <\/div>\t\t\t\t<\/div>\n\t\t\t\t<\/div>\n\t\t\t\t\t<\/div>\n\t\t<\/div>\n\t\t\t\t<div class=\"elementor-column elementor-col-33 elementor-inner-column elementor-element elementor-element-bc41713\" data-id=\"bc41713\" data-element_type=\"column\">\n\t\t\t<div class=\"elementor-widget-wrap elementor-element-populated\">\n\t\t\t\t\t\t<div class=\"elementor-element elementor-element-4770d74 ekit-equal-height-enable elementor-widget elementor-widget-elementskit-image-box\" data-id=\"4770d74\" data-element_type=\"widget\" data-widget_type=\"elementskit-image-box.default\">\n\t\t\t\t<div class=\"elementor-widget-container\">\n\t\t\t\t\t<div class=\"ekit-wid-con\" >\n            <div class=\"elementskit-info-image-box ekit-image-box text-center simple-card\" >\n\n                <a href=\"https:\/\/teknodrom.com.tr\/en\/\">\n                <div class=\"elementskit-box-header image-box-img-center\">\n\n                    <img loading=\"lazy\" decoding=\"async\" width=\"600\" height=\"300\" src=\"https:\/\/teknodrom.com.tr\/wp-content\/uploads\/2023\/07\/alburdan-logo.jpg\" class=\"attachment-full size-full wp-image-994\" alt=\"\" srcset=\"https:\/\/teknodrom.com.tr\/wp-content\/uploads\/2023\/07\/alburdan-logo.jpg 600w, https:\/\/teknodrom.com.tr\/wp-content\/uploads\/2023\/07\/alburdan-logo-300x150.jpg 300w, https:\/\/teknodrom.com.tr\/wp-content\/uploads\/2023\/07\/alburdan-logo-18x9.jpg 18w\" sizes=\"(max-width: 600px) 100vw, 600px\" \/>\n                <\/div>\n                <\/a>\n                <div class=\"elementskit-box-body ekit-image-box-body\">\n                    <div class=\"elementskit-box-content ekit-image-box-body-inner\">\n                                                <h3 class=\"elementskit-info-box-title\">\n\n                        Alburdan Market\n                        \n                    <\/h3>\n                                                        <\/div>\n\n                            <\/div>\n            <\/div>\n    <\/div>\t\t\t\t<\/div>\n\t\t\t\t<\/div>\n\t\t\t\t\t<\/div>\n\t\t<\/div>\n\t\t\t\t\t<\/div>\n\t\t<\/section>\n\t\t\t\t\t<\/div>\n\t\t<\/div>\n\t\t\t\t\t<\/div>\n\t\t<\/section>\n\t\t\t\t<\/div>","protected":false},"excerpt":{"rendered":"<p>Hakk\u0131m\u0131zda Hakk\u0131m\u0131zda Vizyon \/ Misyon Tarih\u00e7e Yat\u0131r\u0131m ve Projeler Politikalar\u0131m\u0131z KVKK Hakk\u0131m\u0131zda Teknodrom, uzun y\u0131llar s\u00fcren AR-GE \u00e7al\u0131\u015fmalar\u0131n\u0131n neticesi olarak 2015 y\u0131l\u0131nda T\u00fcrkiye\u2019nin ilk ve tek de\u011ferli madenler geri d\u00f6n\u00fc\u015f\u00fcm tesisini Kocaeli\u2019de kurdu. T\u00fcrkiye\u2019nin ilk ve tek de\u011ferli madenler geri d\u00f6n\u00fc\u015f\u00fcm \u015firketi olarak farkl\u0131 sekt\u00f6rlere de ad\u0131n\u0131 ta\u015f\u0131yan Teknodrom, \u00e7e\u015fitli alanlarda faaliyetlerine devam etmektedir. 2019 [&hellip;]<\/p>","protected":false},"author":1,"featured_media":0,"parent":0,"menu_order":0,"comment_status":"closed","ping_status":"closed","template":"elementor_header_footer","meta":{"footnotes":""},"class_list":["post-967","page","type-page","status-publish","hentry"],"_links":{"self":[{"href":"https:\/\/teknodrom.com.tr\/en\/wp-json\/wp\/v2\/pages\/967","targetHints":{"allow":["GET"]}}],"collection":[{"href":"https:\/\/teknodrom.com.tr\/en\/wp-json\/wp\/v2\/pages"}],"about":[{"href":"https:\/\/teknodrom.com.tr\/en\/wp-json\/wp\/v2\/types\/page"}],"author":[{"embeddable":true,"href":"https:\/\/teknodrom.com.tr\/en\/wp-json\/wp\/v2\/users\/1"}],"replies":[{"embeddable":true,"href":"https:\/\/teknodrom.com.tr\/en\/wp-json\/wp\/v2\/comments?post=967"}],"version-history":[{"count":0,"href":"https:\/\/teknodrom.com.tr\/en\/wp-json\/wp\/v2\/pages\/967\/revisions"}],"wp:attachment":[{"href":"https:\/\/teknodrom.com.tr\/en\/wp-json\/wp\/v2\/media?parent=967"}],"curies":[{"name":"wp","href":"https:\/\/api.w.org\/{rel}","templated":true}]}}