{"id":1725,"date":"2023-09-24T23:11:59","date_gmt":"2023-09-24T23:11:59","guid":{"rendered":"https:\/\/teknodrom.com.tr\/?page_id=1725"},"modified":"2023-09-24T23:31:32","modified_gmt":"2023-09-24T23:31:32","slug":"laboratuvar","status":"publish","type":"page","link":"https:\/\/teknodrom.com.tr\/en\/alasimli-aluminyum-kulce\/laboratuvar\/","title":{"rendered":"Laboratuvar"},"content":{"rendered":"<div data-elementor-type=\"wp-page\" data-elementor-id=\"1725\" class=\"elementor elementor-1725\">\n\t\t\t\t\t\t<section class=\"elementor-section elementor-top-section elementor-element elementor-element-75d1e9d elementor-section-height-min-height elementor-section-boxed elementor-section-height-default elementor-section-items-middle\" data-id=\"75d1e9d\" data-element_type=\"section\" data-settings=\"{&quot;background_background&quot;:&quot;classic&quot;}\">\n\t\t\t\t\t\t\t<div class=\"elementor-background-overlay\"><\/div>\n\t\t\t\t\t\t\t<div class=\"elementor-container elementor-column-gap-no\">\n\t\t\t\t\t<div class=\"elementor-column elementor-col-100 elementor-top-column elementor-element elementor-element-5cc33b5\" data-id=\"5cc33b5\" data-element_type=\"column\">\n\t\t\t<div class=\"elementor-widget-wrap elementor-element-populated\">\n\t\t\t\t\t\t<div class=\"elementor-element elementor-element-ffa579c elementor-widget elementor-widget-heading\" data-id=\"ffa579c\" data-element_type=\"widget\" data-widget_type=\"heading.default\">\n\t\t\t\t<div class=\"elementor-widget-container\">\n\t\t\t\t\t<h2 class=\"elementor-heading-title elementor-size-default\">T\u00fcrkiye\u2019nin \u0130lk ve Tek De\u011ferli Madenler Geri Kazan\u0131m Tesisi <\/h2>\t\t\t\t<\/div>\n\t\t\t\t<\/div>\n\t\t\t\t\t<\/div>\n\t\t<\/div>\n\t\t\t\t\t<\/div>\n\t\t<\/section>\n\t\t\t\t<section class=\"elementor-section elementor-top-section elementor-element elementor-element-e42b6d8 elementor-section-boxed elementor-section-height-default elementor-section-height-default\" data-id=\"e42b6d8\" data-element_type=\"section\">\n\t\t\t\t\t\t\t<div class=\"elementor-background-overlay\"><\/div>\n\t\t\t\t\t\t\t<div class=\"elementor-container elementor-column-gap-default\">\n\t\t\t\t\t<div class=\"elementor-column elementor-col-100 elementor-top-column elementor-element elementor-element-faa6a57\" data-id=\"faa6a57\" data-element_type=\"column\">\n\t\t\t<div class=\"elementor-widget-wrap elementor-element-populated\">\n\t\t\t\t\t\t<section class=\"elementor-section elementor-inner-section elementor-element elementor-element-5e32242 elementor-section-full_width elementor-section-height-default elementor-section-height-default\" data-id=\"5e32242\" data-element_type=\"section\">\n\t\t\t\t\t\t<div class=\"elementor-container elementor-column-gap-default\">\n\t\t\t\t\t<div class=\"elementor-column elementor-col-50 elementor-inner-column elementor-element elementor-element-25023cf elementor-invisible\" data-id=\"25023cf\" data-element_type=\"column\" data-settings=\"{&quot;animation&quot;:&quot;bounceInRight&quot;}\">\n\t\t\t<div class=\"elementor-widget-wrap elementor-element-populated\">\n\t\t\t\t\t\t<div class=\"elementor-element elementor-element-f9b88bb elementor-widget elementor-widget-image\" data-id=\"f9b88bb\" data-element_type=\"widget\" data-widget_type=\"image.default\">\n\t\t\t\t<div class=\"elementor-widget-container\">\n\t\t\t\t\t\t\t\t\t\t\t\t\t\t\t<img fetchpriority=\"high\" decoding=\"async\" width=\"800\" height=\"800\" src=\"https:\/\/teknodrom.com.tr\/wp-content\/uploads\/2023\/09\/labo22.jpg\" class=\"attachment-large size-large wp-image-1581\" alt=\"\" srcset=\"https:\/\/teknodrom.com.tr\/wp-content\/uploads\/2023\/09\/labo22.jpg 900w, https:\/\/teknodrom.com.tr\/wp-content\/uploads\/2023\/09\/labo22-300x300.jpg 300w, https:\/\/teknodrom.com.tr\/wp-content\/uploads\/2023\/09\/labo22-150x150.jpg 150w, https:\/\/teknodrom.com.tr\/wp-content\/uploads\/2023\/09\/labo22-768x768.jpg 768w, https:\/\/teknodrom.com.tr\/wp-content\/uploads\/2023\/09\/labo22-12x12.jpg 12w\" sizes=\"(max-width: 800px) 100vw, 800px\" \/>\t\t\t\t\t\t\t\t\t\t\t\t\t\t\t<\/div>\n\t\t\t\t<\/div>\n\t\t\t\t\t<\/div>\n\t\t<\/div>\n\t\t\t\t<div class=\"elementor-column elementor-col-50 elementor-inner-column elementor-element elementor-element-4d34aec elementor-invisible\" data-id=\"4d34aec\" data-element_type=\"column\" data-settings=\"{&quot;animation&quot;:&quot;bounceInRight&quot;}\">\n\t\t\t<div class=\"elementor-widget-wrap elementor-element-populated\">\n\t\t\t\t\t\t<div class=\"elementor-element elementor-element-7098e27 elementor-widget elementor-widget-text-editor\" data-id=\"7098e27\" data-element_type=\"widget\" data-widget_type=\"text-editor.default\">\n\t\t\t\t<div class=\"elementor-widget-container\">\n\t\t\t\t\t\t\t\t\t<p>Hammadde al\u0131m s\u00fcrecinden ba\u015flayarak teslimat i\u015flemine kadar kalite kontrol s\u00fcrecimiz b\u00fcy\u00fck bir \u00f6zenle ilerler. D\u00f6k\u00fcm i\u015fleminden itibaren ocaktan al\u0131nan numuneler metal spektrometremiz ile analiz edilir. \u0130stenen analize ula\u015f\u0131lana kadar analiz i\u015flemlerimiz devam eder.<\/p><p>D\u00f6k\u00fcm i\u015fleminden sonra k\u00fcl\u00e7elerin y\u00fczey kalitesi ve teknik \u00f6zellikleri analiz edilir. Uygun olmayan k\u00fcl\u00e7eler ayr\u0131\u015ft\u0131r\u0131l\u0131r. Kalite kontrol s\u00fcrecinden ge\u00e7en ba\u015far\u0131l\u0131 k\u00fcl\u00e7eler dizilir ve paketlenir. Bu sayede sevkiyata haz\u0131r hale gelirler.<\/p><p>Sevkiyat a\u015famas\u0131na kadar kalite kontrol ekiplerimiz kontrollerine devam ederler. Bu sayede minimum seviyede hata pay\u0131 sa\u011flan\u0131r ve m\u00fc\u015fterilerimize en kaliteli \u00fcr\u00fcnleri sunabiliriz.<\/p>\t\t\t\t\t\t\t\t<\/div>\n\t\t\t\t<\/div>\n\t\t\t\t\t<\/div>\n\t\t<\/div>\n\t\t\t\t\t<\/div>\n\t\t<\/section>\n\t\t\t\t\t<\/div>\n\t\t<\/div>\n\t\t\t\t\t<\/div>\n\t\t<\/section>\n\t\t\t\t<\/div>","protected":false},"excerpt":{"rendered":"<p>Hammadde al\u0131m s\u00fcrecinden ba\u015flayarak teslimat i\u015flemine kadar kalite kontrol s\u00fcrecimiz b\u00fcy\u00fck bir \u00f6zenle ilerler. D\u00f6k\u00fcm i\u015fleminden itibaren ocaktan al\u0131nan numuneler metal spektrometremiz ile analiz edilir. \u0130stenen analize ula\u015f\u0131lana kadar analiz i\u015flemlerimiz devam eder. D\u00f6k\u00fcm i\u015fleminden sonra k\u00fcl\u00e7elerin y\u00fczey kalitesi ve teknik \u00f6zellikleri analiz edilir. Uygun olmayan k\u00fcl\u00e7eler ayr\u0131\u015ft\u0131r\u0131l\u0131r. Kalite kontrol s\u00fcrecinden ge\u00e7en ba\u015far\u0131l\u0131 k\u00fcl\u00e7eler dizilir [&hellip;]<\/p>","protected":false},"author":1,"featured_media":0,"parent":279,"menu_order":0,"comment_status":"closed","ping_status":"closed","template":"elementor_header_footer","meta":{"footnotes":""},"class_list":["post-1725","page","type-page","status-publish","hentry"],"_links":{"self":[{"href":"https:\/\/teknodrom.com.tr\/en\/wp-json\/wp\/v2\/pages\/1725","targetHints":{"allow":["GET"]}}],"collection":[{"href":"https:\/\/teknodrom.com.tr\/en\/wp-json\/wp\/v2\/pages"}],"about":[{"href":"https:\/\/teknodrom.com.tr\/en\/wp-json\/wp\/v2\/types\/page"}],"author":[{"embeddable":true,"href":"https:\/\/teknodrom.com.tr\/en\/wp-json\/wp\/v2\/users\/1"}],"replies":[{"embeddable":true,"href":"https:\/\/teknodrom.com.tr\/en\/wp-json\/wp\/v2\/comments?post=1725"}],"version-history":[{"count":0,"href":"https:\/\/teknodrom.com.tr\/en\/wp-json\/wp\/v2\/pages\/1725\/revisions"}],"up":[{"embeddable":true,"href":"https:\/\/teknodrom.com.tr\/en\/wp-json\/wp\/v2\/pages\/279"}],"wp:attachment":[{"href":"https:\/\/teknodrom.com.tr\/en\/wp-json\/wp\/v2\/media?parent=1725"}],"curies":[{"name":"wp","href":"https:\/\/api.w.org\/{rel}","templated":true}]}}