{"id":1716,"date":"2023-09-24T22:40:22","date_gmt":"2023-09-24T22:40:22","guid":{"rendered":"https:\/\/teknodrom.com.tr\/?page_id=1716"},"modified":"2023-09-24T22:43:44","modified_gmt":"2023-09-24T22:43:44","slug":"tesisimiz","status":"publish","type":"page","link":"https:\/\/teknodrom.com.tr\/en\/alasimli-aluminyum-kulce\/tesisimiz\/","title":{"rendered":"Tesisimiz"},"content":{"rendered":"<div data-elementor-type=\"wp-page\" data-elementor-id=\"1716\" class=\"elementor elementor-1716\">\n\t\t\t\t\t\t<section class=\"elementor-section elementor-top-section elementor-element elementor-element-de7edbe elementor-section-height-min-height elementor-section-boxed elementor-section-height-default elementor-section-items-middle\" data-id=\"de7edbe\" data-element_type=\"section\" data-settings=\"{&quot;background_background&quot;:&quot;classic&quot;}\">\n\t\t\t\t\t\t\t<div class=\"elementor-background-overlay\"><\/div>\n\t\t\t\t\t\t\t<div class=\"elementor-container elementor-column-gap-default\">\n\t\t\t\t\t<div class=\"elementor-column elementor-col-100 elementor-top-column elementor-element elementor-element-0fcb9c7\" data-id=\"0fcb9c7\" data-element_type=\"column\">\n\t\t\t<div class=\"elementor-widget-wrap elementor-element-populated\">\n\t\t\t\t\t\t<div class=\"elementor-element elementor-element-37edc7c elementor-widget elementor-widget-heading\" data-id=\"37edc7c\" data-element_type=\"widget\" data-widget_type=\"heading.default\">\n\t\t\t\t<div class=\"elementor-widget-container\">\n\t\t\t\t\t<h1 class=\"elementor-heading-title elementor-size-default\">Ala\u015f\u0131ml\u0131 Al\u00fcminyum K\u00fcl\u00e7e Tesisimiz<\/h1>\t\t\t\t<\/div>\n\t\t\t\t<\/div>\n\t\t\t\t\t<\/div>\n\t\t<\/div>\n\t\t\t\t\t<\/div>\n\t\t<\/section>\n\t\t\t\t<section class=\"elementor-section elementor-top-section elementor-element elementor-element-083a328 elementor-section-boxed elementor-section-height-default elementor-section-height-default\" data-id=\"083a328\" data-element_type=\"section\">\n\t\t\t\t\t\t<div class=\"elementor-container elementor-column-gap-default\">\n\t\t\t\t\t<div class=\"elementor-column elementor-col-100 elementor-top-column elementor-element elementor-element-2c952d1\" data-id=\"2c952d1\" data-element_type=\"column\">\n\t\t\t<div class=\"elementor-widget-wrap elementor-element-populated\">\n\t\t\t\t\t\t<div class=\"elementor-element elementor-element-2738200 elementor-widget elementor-widget-heading\" data-id=\"2738200\" data-element_type=\"widget\" data-widget_type=\"heading.default\">\n\t\t\t\t<div class=\"elementor-widget-container\">\n\t\t\t\t\t<h2 class=\"elementor-heading-title elementor-size-default\">Tesisimiz<\/h2>\t\t\t\t<\/div>\n\t\t\t\t<\/div>\n\t\t\t\t<div class=\"elementor-element elementor-element-4afabae elementor-widget elementor-widget-text-editor\" data-id=\"4afabae\" data-element_type=\"widget\" data-widget_type=\"text-editor.default\">\n\t\t\t\t<div class=\"elementor-widget-container\">\n\t\t\t\t\t\t\t\t\t<p>\u0130\u00e7erik G\u00fcncelleniyor..<\/p>\t\t\t\t\t\t\t\t<\/div>\n\t\t\t\t<\/div>\n\t\t\t\t\t<\/div>\n\t\t<\/div>\n\t\t\t\t\t<\/div>\n\t\t<\/section>\n\t\t\t\t<\/div>","protected":false},"excerpt":{"rendered":"<p>Ala\u015f\u0131ml\u0131 Al\u00fcminyum K\u00fcl\u00e7e Tesisimiz Tesisimiz \u0130\u00e7erik G\u00fcncelleniyor..<\/p>","protected":false},"author":1,"featured_media":0,"parent":279,"menu_order":0,"comment_status":"closed","ping_status":"closed","template":"elementor_header_footer","meta":{"footnotes":""},"class_list":["post-1716","page","type-page","status-publish","hentry"],"_links":{"self":[{"href":"https:\/\/teknodrom.com.tr\/en\/wp-json\/wp\/v2\/pages\/1716","targetHints":{"allow":["GET"]}}],"collection":[{"href":"https:\/\/teknodrom.com.tr\/en\/wp-json\/wp\/v2\/pages"}],"about":[{"href":"https:\/\/teknodrom.com.tr\/en\/wp-json\/wp\/v2\/types\/page"}],"author":[{"embeddable":true,"href":"https:\/\/teknodrom.com.tr\/en\/wp-json\/wp\/v2\/users\/1"}],"replies":[{"embeddable":true,"href":"https:\/\/teknodrom.com.tr\/en\/wp-json\/wp\/v2\/comments?post=1716"}],"version-history":[{"count":0,"href":"https:\/\/teknodrom.com.tr\/en\/wp-json\/wp\/v2\/pages\/1716\/revisions"}],"up":[{"embeddable":true,"href":"https:\/\/teknodrom.com.tr\/en\/wp-json\/wp\/v2\/pages\/279"}],"wp:attachment":[{"href":"https:\/\/teknodrom.com.tr\/en\/wp-json\/wp\/v2\/media?parent=1716"}],"curies":[{"name":"wp","href":"https:\/\/api.w.org\/{rel}","templated":true}]}}