{"id":1354,"date":"2023-08-02T12:35:09","date_gmt":"2023-08-02T12:35:09","guid":{"rendered":"https:\/\/hostidex.com\/teknodrom\/?page_id=1354"},"modified":"2023-08-02T12:39:03","modified_gmt":"2023-08-02T12:39:03","slug":"laboratuvar","status":"publish","type":"page","link":"https:\/\/teknodrom.com.tr\/en\/laboratuvar\/","title":{"rendered":"Laboratuvar"},"content":{"rendered":"<div data-elementor-type=\"wp-page\" data-elementor-id=\"1354\" class=\"elementor elementor-1354\">\n\t\t\t\t\t\t<section class=\"elementor-section elementor-top-section elementor-element elementor-element-c7c453c elementor-section-height-min-height elementor-section-boxed elementor-section-height-default elementor-section-items-middle\" data-id=\"c7c453c\" data-element_type=\"section\" data-settings=\"{&quot;background_background&quot;:&quot;classic&quot;}\">\n\t\t\t\t\t\t\t<div class=\"elementor-background-overlay\"><\/div>\n\t\t\t\t\t\t\t<div class=\"elementor-container elementor-column-gap-default\">\n\t\t\t\t\t<div class=\"elementor-column elementor-col-100 elementor-top-column elementor-element elementor-element-729e499\" data-id=\"729e499\" data-element_type=\"column\">\n\t\t\t<div class=\"elementor-widget-wrap elementor-element-populated\">\n\t\t\t\t\t\t<div class=\"elementor-element elementor-element-84c63fc elementor-widget elementor-widget-heading\" data-id=\"84c63fc\" data-element_type=\"widget\" data-widget_type=\"heading.default\">\n\t\t\t\t<div class=\"elementor-widget-container\">\n\t\t\t\t\t<h1 class=\"elementor-heading-title elementor-size-default\">Laboratuvar<\/h1>\t\t\t\t<\/div>\n\t\t\t\t<\/div>\n\t\t\t\t\t<\/div>\n\t\t<\/div>\n\t\t\t\t\t<\/div>\n\t\t<\/section>\n\t\t\t\t<section class=\"elementor-section elementor-top-section elementor-element elementor-element-42fd8a8 elementor-section-height-min-height elementor-section-boxed elementor-section-height-default elementor-section-items-middle\" data-id=\"42fd8a8\" data-element_type=\"section\">\n\t\t\t\t\t\t<div class=\"elementor-container elementor-column-gap-default\">\n\t\t\t\t\t<div class=\"elementor-column elementor-col-50 elementor-top-column elementor-element elementor-element-db2b8eb\" data-id=\"db2b8eb\" data-element_type=\"column\">\n\t\t\t<div class=\"elementor-widget-wrap elementor-element-populated\">\n\t\t\t\t\t\t<div class=\"elementor-element elementor-element-8a57433 elementor-widget elementor-widget-image\" data-id=\"8a57433\" data-element_type=\"widget\" data-widget_type=\"image.default\">\n\t\t\t\t<div class=\"elementor-widget-container\">\n\t\t\t\t\t\t\t\t\t\t\t\t\t\t\t<img fetchpriority=\"high\" decoding=\"async\" width=\"800\" height=\"800\" src=\"https:\/\/teknodrom.com.tr\/wp-content\/uploads\/2023\/08\/laboratuvar-2.jpg\" class=\"attachment-large size-large wp-image-1357\" alt=\"\" srcset=\"https:\/\/teknodrom.com.tr\/wp-content\/uploads\/2023\/08\/laboratuvar-2.jpg 1000w, https:\/\/teknodrom.com.tr\/wp-content\/uploads\/2023\/08\/laboratuvar-2-300x300.jpg 300w, https:\/\/teknodrom.com.tr\/wp-content\/uploads\/2023\/08\/laboratuvar-2-150x150.jpg 150w, https:\/\/teknodrom.com.tr\/wp-content\/uploads\/2023\/08\/laboratuvar-2-768x768.jpg 768w, https:\/\/teknodrom.com.tr\/wp-content\/uploads\/2023\/08\/laboratuvar-2-12x12.jpg 12w\" sizes=\"(max-width: 800px) 100vw, 800px\" \/>\t\t\t\t\t\t\t\t\t\t\t\t\t\t\t<\/div>\n\t\t\t\t<\/div>\n\t\t\t\t\t<\/div>\n\t\t<\/div>\n\t\t\t\t<div class=\"elementor-column elementor-col-50 elementor-top-column elementor-element elementor-element-e00ae33\" data-id=\"e00ae33\" data-element_type=\"column\">\n\t\t\t<div class=\"elementor-widget-wrap elementor-element-populated\">\n\t\t\t\t\t\t<div class=\"elementor-element elementor-element-dd0d151 elementor-widget elementor-widget-heading\" data-id=\"dd0d151\" data-element_type=\"widget\" data-widget_type=\"heading.default\">\n\t\t\t\t<div class=\"elementor-widget-container\">\n\t\t\t\t\t<h2 class=\"elementor-heading-title elementor-size-default\">Laboratuvar<\/h2>\t\t\t\t<\/div>\n\t\t\t\t<\/div>\n\t\t\t\t<div class=\"elementor-element elementor-element-99c4d7c elementor-widget elementor-widget-text-editor\" data-id=\"99c4d7c\" data-element_type=\"widget\" data-widget_type=\"text-editor.default\">\n\t\t\t\t<div class=\"elementor-widget-container\">\n\t\t\t\t\t\t\t\t\t<p>Hammadde al\u0131m s\u00fcrecinden ba\u015flayarak teslimat i\u015flemine kadar kalite kontrol s\u00fcrecimiz b\u00fcy\u00fck bir \u00f6zenle ilerler. D\u00f6k\u00fcm i\u015fleminden itibaren ocaktan al\u0131nan numuneler metal spektrometremiz ile analiz edilir. \u0130stenen analize ula\u015f\u0131lana kadar analiz i\u015flemlerimiz devam eder.<\/p><p>D\u00f6k\u00fcm i\u015fleminden sonra billetlerin y\u00fczey kalitesi ve teknik \u00f6zellikleri analiz edilir. Uygun olmayan billetler ayr\u0131\u015ft\u0131r\u0131l\u0131r. Homojenizasyon s\u00fcrecinden sonra analizleri tamamlanan \u00fcr\u00fcnlerimizi sevkiyata haz\u0131r duruma gelir.<\/p><p>Sevkiyat a\u015famas\u0131na kadar kalite kontrol ekiplerimiz kontrollerine devam ederler. Bu sayede minimum seviyede hata pay\u0131 sa\u011flan\u0131r ve m\u00fc\u015fterilerimize en kaliteli \u00fcr\u00fcnleri sunabiliriz.<\/p>\t\t\t\t\t\t\t\t<\/div>\n\t\t\t\t<\/div>\n\t\t\t\t\t<\/div>\n\t\t<\/div>\n\t\t\t\t\t<\/div>\n\t\t<\/section>\n\t\t\t\t<\/div>","protected":false},"excerpt":{"rendered":"<p>Laboratuvar Laboratuvar Hammadde al\u0131m s\u00fcrecinden ba\u015flayarak teslimat i\u015flemine kadar kalite kontrol s\u00fcrecimiz b\u00fcy\u00fck bir \u00f6zenle ilerler. D\u00f6k\u00fcm i\u015fleminden itibaren ocaktan al\u0131nan numuneler metal spektrometremiz ile analiz edilir. \u0130stenen analize ula\u015f\u0131lana kadar analiz i\u015flemlerimiz devam eder. D\u00f6k\u00fcm i\u015fleminden sonra billetlerin y\u00fczey kalitesi ve teknik \u00f6zellikleri analiz edilir. Uygun olmayan billetler ayr\u0131\u015ft\u0131r\u0131l\u0131r. Homojenizasyon s\u00fcrecinden sonra analizleri tamamlanan [&hellip;]<\/p>","protected":false},"author":1,"featured_media":0,"parent":0,"menu_order":0,"comment_status":"closed","ping_status":"closed","template":"elementor_header_footer","meta":{"footnotes":""},"class_list":["post-1354","page","type-page","status-publish","hentry"],"_links":{"self":[{"href":"https:\/\/teknodrom.com.tr\/en\/wp-json\/wp\/v2\/pages\/1354","targetHints":{"allow":["GET"]}}],"collection":[{"href":"https:\/\/teknodrom.com.tr\/en\/wp-json\/wp\/v2\/pages"}],"about":[{"href":"https:\/\/teknodrom.com.tr\/en\/wp-json\/wp\/v2\/types\/page"}],"author":[{"embeddable":true,"href":"https:\/\/teknodrom.com.tr\/en\/wp-json\/wp\/v2\/users\/1"}],"replies":[{"embeddable":true,"href":"https:\/\/teknodrom.com.tr\/en\/wp-json\/wp\/v2\/comments?post=1354"}],"version-history":[{"count":0,"href":"https:\/\/teknodrom.com.tr\/en\/wp-json\/wp\/v2\/pages\/1354\/revisions"}],"wp:attachment":[{"href":"https:\/\/teknodrom.com.tr\/en\/wp-json\/wp\/v2\/media?parent=1354"}],"curies":[{"name":"wp","href":"https:\/\/api.w.org\/{rel}","templated":true}]}}