{"id":210,"date":"2023-05-16T08:49:12","date_gmt":"2023-05-16T08:49:12","guid":{"rendered":"https:\/\/hostidex.com\/teknodrom\/?page_id=210"},"modified":"2023-05-16T08:52:27","modified_gmt":"2023-05-16T08:52:27","slug":"anasayfa-demo-3","status":"publish","type":"page","link":"https:\/\/teknodrom.com.tr\/de\/anasayfa-demo-3\/","title":{"rendered":"Anasayfa Demo 3"},"content":{"rendered":"<div data-elementor-type=\"wp-page\" data-elementor-id=\"210\" class=\"elementor elementor-210\">\n\t\t\t\t\t\t<section class=\"elementor-section elementor-top-section elementor-element elementor-element-7e995c7 elementor-section-full_width elementor-section-height-default elementor-section-height-default\" data-id=\"7e995c7\" data-element_type=\"section\" data-settings=\"{&quot;background_background&quot;:&quot;classic&quot;}\">\n\t\t\t\t\t\t<div class=\"elementor-container elementor-column-gap-no\">\n\t\t\t\t\t<div class=\"elementor-column elementor-col-100 elementor-top-column elementor-element elementor-element-bafa8c5\" data-id=\"bafa8c5\" data-element_type=\"column\">\n\t\t\t<div class=\"elementor-widget-wrap elementor-element-populated\">\n\t\t\t\t\t\t<div class=\"elementor-element elementor-element-cdbebc2 elementor-widget elementor-widget-ucaddon_image_accodion\" data-id=\"cdbebc2\" data-element_type=\"widget\" data-widget_type=\"ucaddon_image_accodion.default\">\n\t\t\t\t<div class=\"elementor-widget-container\">\n\t\t\t\t\t\n<!-- start Image Accordion -->\n\t\t<link id='font-awesome-css' href='https:\/\/teknodrom.com.tr\/wp-content\/plugins\/unlimited-elements-for-elementor\/assets_libraries\/font-awesome6\/fontawesome-all.min.css' type='text\/css' rel='stylesheet' >\n\t\t<link id='font-awesome-4-shim-css' href='https:\/\/teknodrom.com.tr\/wp-content\/plugins\/unlimited-elements-for-elementor\/assets_libraries\/font-awesome6\/fontawesome-v4-shims.min.css' type='text\/css' rel='stylesheet' >\n\n<style>\/* widget: Image Accordion *\/\n\n\n\n#uc_image_accodion_elementor_cdbebc2 * { \n\tbox-sizing: border-box; \n}\n#uc_image_accodion_elementor_cdbebc2.uc_image_accodion .uc_content .uc_image_accodion_holder{\n\n  \ttransition: 1s;\n}\n\n#uc_image_accodion_elementor_cdbebc2  a.uc_more_btn\n{\n  display:inline-block;\n  text-decoration:none; \n  font-weight:600;\n}\n\n#uc_image_accodion_elementor_cdbebc2 .uc_content{\n\tdisplay: flex;\n\tflex-wrap: wrap;\n    transform:rotate(0deg);\n}\n\n#uc_image_accodion_elementor_cdbebc2 .uc_content .uc_image_accodion_holder{\n\tdisplay: block;\n\tbackground-repeat: no-repeat;\n\tflex: 1;\n\ttext-align: center;\n\tposition: relative;\n\ttext-decoration: none;\n\ttransition: 1s;\n    overflow:hidden;\n    transform:skew(0deg);\n}\n#uc_image_accodion_elementor_cdbebc2 .uc_content .uc_image_accodion_holder.uc_hover{\n\tflex: 2;\n}\n\n\n#uc_image_accodion_elementor_cdbebc2 .uc_content .uc_image_accodion_holder .uc_overlay > * {\n    transform:skew(-0deg) rotate(-0deg);\n\n\n}\n#uc_image_accodion_elementor_cdbebc2 .uc_content .uc_image_accodion_holder .uc_overlay {\n    display: flex;\n    justify-content: center;\n    position: absolute;\n    top: 0;\n    right: 0;\n    bottom: 0;\n    left: 0;\n    transition:1s;\n\n}\n\n#uc_image_accodion_elementor_cdbebc2 .uc_content .uc_overlay .uc_overlay_inner {\n    z-index: 1;\n    min-width:450px;\n}\n#uc_image_accodion_elementor_cdbebc2 .uc_content .uc_overlay .uc_overlay_inner h2 {\n    \n\topacity: 1;\n    visibility: visible;\n  padding:0px 50px;\n}\n\n#uc_image_accodion_elementor_cdbebc2 .uc_content .uc_image_accodion_holder.uc_hover .uc_overlay .uc_overlay_inner h2 {\n    opacity: 1;\n    visibility: visible;\n    transform: none;\n    transition: 1s;\n}\n\n#uc_image_accodion_elementor_cdbebc2 .uc_content .uc_overlay .uc_overlay_inner div.ue-content {\n\ttransform: translate3d(0,60px,0);\n\topacity: 0;\n    visibility: hidden;\n}\n\n#uc_image_accodion_elementor_cdbebc2 .uc_content .uc_image_accodion_holder.uc_hover .uc_overlay .uc_overlay_inner div.ue-content {\n    opacity: 1;\n    visibility: visible;\n    transform: none;\n    transition: 1s;\n}\n\n\n\n@media only screen and (max-width:800px){\n  #uc_image_accodion_elementor_cdbebc2 .uc_content {flex-direction: column;}\n}\n\n\n#uc_image_accodion_elementor_cdbebc2 .ue_item_icon\n{\n  line-height:1em;\n}\n\n#uc_image_accodion_elementor_cdbebc2 .ue_item_icon svg\n{\n  height:1em;\n  width:1em;\n}\n\n#uc_image_accodion_elementor_cdbebc2 .ue_subtitle\n{\n  display:block;\n}\n\n<\/style>\n\n<div class=\"uc_image_accodion\" id=\"uc_image_accodion_elementor_cdbebc2\" data-mobilestart=\"\"  >\n  <div class=\"uc_content uc-items-wrapper\">\n    \n<a href=\"\"><div class=\"uc_image_accodion_holder\"  style=\"overflow:hidden;background-image: url(https:\/\/teknodrom.com.tr\/wp-content\/uploads\/2023\/05\/aluminyumbillet-768x728.jpg); background-position:center center; background-size:cover;\" >\n  <a href=\"\"><div class=\"uc_overlay\">\n    <div class=\"uc_overlay_inner\">\n                        <h2 class=\"ue_title\"> Aluminyum Billet <\/h2>\t\n             \n             \n                          <div class=\"ue-content\"> \n             <div class=\"ue_subtitle\"><span><\/span> <\/div>                          <\/div>\n                           \n          \n                 \t\t\n    <\/div>\n    <\/div><\/a>\n  <\/div><\/a>\n\n<a href=\"\"><div class=\"uc_image_accodion_holder\"  style=\"overflow:hidden;background-image: url(https:\/\/teknodrom.com.tr\/wp-content\/uploads\/2023\/05\/aluminyumkulce-768x728.jpg); background-position:center center; background-size:cover;\" >\n  <a href=\"\"><div class=\"uc_overlay\">\n    <div class=\"uc_overlay_inner\">\n                        <h2 class=\"ue_title\"> Aluminyum K\u00fcl\u00e7e <\/h2>\t\n             \n             \n                          <div class=\"ue-content\"> \n             <div class=\"ue_subtitle\"><span><\/span> <\/div>                          <\/div>\n                           \n          \n                 \t\t\n    <\/div>\n    <\/div><\/a>\n  <\/div><\/a>\n\n<a href=\"\"><div class=\"uc_image_accodion_holder\"  style=\"overflow:hidden;background-image: url(https:\/\/teknodrom.com.tr\/wp-content\/uploads\/2023\/05\/aluminyumbillet-768x728.jpg); background-position:center center; background-size:cover;\" >\n  <a href=\"\"><div class=\"uc_overlay\">\n    <div class=\"uc_overlay_inner\">\n                        <h2 class=\"ue_title\"> Aluminyum Billet <\/h2>\t\n             \n             \n                          <div class=\"ue-content\"> \n             <div class=\"ue_subtitle\"><span><\/span> <\/div>                          <\/div>\n                           \n          \n                 \t\t\n    <\/div>\n    <\/div><\/a>\n  <\/div><\/a>\n\n<a href=\"\"><div class=\"uc_image_accodion_holder\"  style=\"overflow:hidden;background-image: url(https:\/\/teknodrom.com.tr\/wp-content\/uploads\/2023\/05\/aluminyumkulce-768x728.jpg); background-position:center center; background-size:cover;\" >\n  <a href=\"\"><div class=\"uc_overlay\">\n    <div class=\"uc_overlay_inner\">\n                        <h2 class=\"ue_title\"> Aluminyum K\u00fcl\u00e7e <\/h2>\t\n             \n             \n                          <div class=\"ue-content\"> \n             <div class=\"ue_subtitle\"><span><\/span> <\/div>                          <\/div>\n                           \n          \n                 \t\t\n    <\/div>\n    <\/div><\/a>\n  <\/div><\/a>\n\n  <\/div>\n<\/div>\n<!-- end Image Accordion -->\t\t\t\t<\/div>\n\t\t\t\t<\/div>\n\t\t\t\t\t<\/div>\n\t\t<\/div>\n\t\t\t\t\t<\/div>\n\t\t<\/section>\n\t\t\t\t<section class=\"elementor-section elementor-top-section elementor-element elementor-element-43a91a2 elementor-section-boxed elementor-section-height-default elementor-section-height-default\" data-id=\"43a91a2\" data-element_type=\"section\">\n\t\t\t\t\t\t<div class=\"elementor-container elementor-column-gap-default\">\n\t\t\t\t\t<div class=\"elementor-column elementor-col-100 elementor-top-column elementor-element elementor-element-1a2b495\" data-id=\"1a2b495\" data-element_type=\"column\">\n\t\t\t<div class=\"elementor-widget-wrap elementor-element-populated\">\n\t\t\t\t\t\t<div class=\"elementor-element elementor-element-839cef0 elementor-widget elementor-widget-heading\" data-id=\"839cef0\" data-element_type=\"widget\" data-widget_type=\"heading.default\">\n\t\t\t\t<div class=\"elementor-widget-container\">\n\t\t\t\t\t<h2 class=\"elementor-heading-title elementor-size-default\">Neden biz ?<\/h2>\t\t\t\t<\/div>\n\t\t\t\t<\/div>\n\t\t\t\t<section class=\"elementor-section elementor-inner-section elementor-element elementor-element-235f213 elementor-section-full_width elementor-section-height-default elementor-section-height-default\" data-id=\"235f213\" data-element_type=\"section\">\n\t\t\t\t\t\t<div class=\"elementor-container elementor-column-gap-default\">\n\t\t\t\t\t<div class=\"elementor-column elementor-col-50 elementor-inner-column elementor-element elementor-element-41b0165\" data-id=\"41b0165\" data-element_type=\"column\">\n\t\t\t<div class=\"elementor-widget-wrap elementor-element-populated\">\n\t\t\t\t\t\t<div class=\"elementor-element elementor-element-17666fc elementor-widget elementor-widget-image\" data-id=\"17666fc\" data-element_type=\"widget\" data-widget_type=\"image.default\">\n\t\t\t\t<div class=\"elementor-widget-container\">\n\t\t\t\t\t\t\t\t\t\t\t\t\t\t\t<img fetchpriority=\"high\" decoding=\"async\" width=\"800\" height=\"358\" src=\"https:\/\/teknodrom.com.tr\/wp-content\/uploads\/2023\/04\/slide1-1024x458.jpg\" class=\"attachment-large size-large wp-image-61\" alt=\"\" srcset=\"https:\/\/teknodrom.com.tr\/wp-content\/uploads\/2023\/04\/slide1-1024x458.jpg 1024w, https:\/\/teknodrom.com.tr\/wp-content\/uploads\/2023\/04\/slide1-300x134.jpg 300w, https:\/\/teknodrom.com.tr\/wp-content\/uploads\/2023\/04\/slide1-768x343.jpg 768w, https:\/\/teknodrom.com.tr\/wp-content\/uploads\/2023\/04\/slide1-1536x686.jpg 1536w, https:\/\/teknodrom.com.tr\/wp-content\/uploads\/2023\/04\/slide1.jpg 1920w\" sizes=\"(max-width: 800px) 100vw, 800px\" \/>\t\t\t\t\t\t\t\t\t\t\t\t\t\t\t<\/div>\n\t\t\t\t<\/div>\n\t\t\t\t\t<\/div>\n\t\t<\/div>\n\t\t\t\t<div class=\"elementor-column elementor-col-50 elementor-inner-column elementor-element elementor-element-b236ada\" data-id=\"b236ada\" data-element_type=\"column\">\n\t\t\t<div class=\"elementor-widget-wrap elementor-element-populated\">\n\t\t\t\t\t\t<div class=\"elementor-element elementor-element-6b8417d elementor-widget elementor-widget-text-editor\" data-id=\"6b8417d\" data-element_type=\"widget\" data-widget_type=\"text-editor.default\">\n\t\t\t\t<div class=\"elementor-widget-container\">\n\t\t\t\t\t\t\t\t\t<p><strong>Lorem Ipsum<\/strong> is simply dummy text of the printing and typesetting industry. Lorem Ipsum has been the industry&#8217;s standard dummy text ever since the 1500s, when an unknown printer took a galley of type and scrambled it to make a type specimen book. It has survived not only five centuries, but also the leap into electronic typesetting, remaining essentially unchanged. It was popularised in the 1960s with the release of Letraset sheets containing Lorem Ipsum passages, and more recently with desktop publishing software like Aldus PageMaker including versions of Lorem Ipsum.<\/p>\t\t\t\t\t\t\t\t<\/div>\n\t\t\t\t<\/div>\n\t\t\t\t\t<\/div>\n\t\t<\/div>\n\t\t\t\t\t<\/div>\n\t\t<\/section>\n\t\t\t\t\t<\/div>\n\t\t<\/div>\n\t\t\t\t\t<\/div>\n\t\t<\/section>\n\t\t\t\t<\/div>","protected":false},"excerpt":{"rendered":"<p>Aluminyum Billet Aluminyum K\u00fcl\u00e7e Aluminyum Billet Aluminyum K\u00fcl\u00e7e Neden biz ? Lorem Ipsum is simply dummy text of the printing and typesetting industry. Lorem Ipsum has been the industry&#8217;s standard dummy text ever since the 1500s, when an unknown printer took a galley of type and scrambled it to make a type specimen book. It [&hellip;]<\/p>","protected":false},"author":1,"featured_media":0,"parent":0,"menu_order":0,"comment_status":"closed","ping_status":"closed","template":"elementor_header_footer","meta":{"footnotes":""},"class_list":["post-210","page","type-page","status-publish","hentry"],"_links":{"self":[{"href":"https:\/\/teknodrom.com.tr\/de\/wp-json\/wp\/v2\/pages\/210","targetHints":{"allow":["GET"]}}],"collection":[{"href":"https:\/\/teknodrom.com.tr\/de\/wp-json\/wp\/v2\/pages"}],"about":[{"href":"https:\/\/teknodrom.com.tr\/de\/wp-json\/wp\/v2\/types\/page"}],"author":[{"embeddable":true,"href":"https:\/\/teknodrom.com.tr\/de\/wp-json\/wp\/v2\/users\/1"}],"replies":[{"embeddable":true,"href":"https:\/\/teknodrom.com.tr\/de\/wp-json\/wp\/v2\/comments?post=210"}],"version-history":[{"count":0,"href":"https:\/\/teknodrom.com.tr\/de\/wp-json\/wp\/v2\/pages\/210\/revisions"}],"wp:attachment":[{"href":"https:\/\/teknodrom.com.tr\/de\/wp-json\/wp\/v2\/media?parent=210"}],"curies":[{"name":"wp","href":"https:\/\/api.w.org\/{rel}","templated":true}]}}