{"id":1730,"date":"2023-09-24T23:32:05","date_gmt":"2023-09-24T23:32:05","guid":{"rendered":"https:\/\/teknodrom.com.tr\/?page_id=1730"},"modified":"2023-09-24T23:33:14","modified_gmt":"2023-09-24T23:33:14","slug":"kalite-politikamiz","status":"publish","type":"page","link":"https:\/\/teknodrom.com.tr\/de\/alasimli-aluminyum-kulce\/kalite-politikamiz\/","title":{"rendered":"Kalite Politikam\u0131z"},"content":{"rendered":"<div data-elementor-type=\"wp-page\" data-elementor-id=\"1730\" class=\"elementor elementor-1730\">\n\t\t\t\t\t\t<section class=\"elementor-section elementor-top-section elementor-element elementor-element-0ee9779 elementor-section-height-min-height elementor-section-boxed elementor-section-height-default elementor-section-items-middle\" data-id=\"0ee9779\" data-element_type=\"section\" data-settings=\"{&quot;background_background&quot;:&quot;classic&quot;}\">\n\t\t\t\t\t\t\t<div class=\"elementor-background-overlay\"><\/div>\n\t\t\t\t\t\t\t<div class=\"elementor-container elementor-column-gap-no\">\n\t\t\t\t\t<div class=\"elementor-column elementor-col-100 elementor-top-column elementor-element elementor-element-b576258\" data-id=\"b576258\" data-element_type=\"column\">\n\t\t\t<div class=\"elementor-widget-wrap elementor-element-populated\">\n\t\t\t\t\t\t<div class=\"elementor-element elementor-element-71baa69 elementor-widget elementor-widget-heading\" data-id=\"71baa69\" data-element_type=\"widget\" data-widget_type=\"heading.default\">\n\t\t\t\t<div class=\"elementor-widget-container\">\n\t\t\t\t\t<h2 class=\"elementor-heading-title elementor-size-default\">T\u00fcrkiye\u2019nin \u0130lk ve Tek De\u011ferli Madenler Geri Kazan\u0131m Tesisi <\/h2>\t\t\t\t<\/div>\n\t\t\t\t<\/div>\n\t\t\t\t\t<\/div>\n\t\t<\/div>\n\t\t\t\t\t<\/div>\n\t\t<\/section>\n\t\t\t\t<section class=\"elementor-section elementor-top-section elementor-element elementor-element-4e47079 elementor-section-height-min-height elementor-section-items-top elementor-section-boxed elementor-section-height-default\" data-id=\"4e47079\" data-element_type=\"section\">\n\t\t\t\t\t\t\t<div class=\"elementor-background-overlay\"><\/div>\n\t\t\t\t\t\t\t<div class=\"elementor-container elementor-column-gap-default\">\n\t\t\t\t\t<div class=\"elementor-column elementor-col-100 elementor-top-column elementor-element elementor-element-f305f26\" data-id=\"f305f26\" data-element_type=\"column\">\n\t\t\t<div class=\"elementor-widget-wrap elementor-element-populated\">\n\t\t\t\t\t\t<section class=\"elementor-section elementor-inner-section elementor-element elementor-element-d9f1c3d elementor-section-full_width elementor-section-height-default elementor-section-height-default\" data-id=\"d9f1c3d\" data-element_type=\"section\">\n\t\t\t\t\t\t<div class=\"elementor-container elementor-column-gap-default\">\n\t\t\t\t\t<div class=\"elementor-column elementor-col-100 elementor-inner-column elementor-element elementor-element-f9a8513 elementor-invisible\" data-id=\"f9a8513\" data-element_type=\"column\" data-settings=\"{&quot;animation&quot;:&quot;bounceInRight&quot;}\">\n\t\t\t<div class=\"elementor-widget-wrap elementor-element-populated\">\n\t\t\t\t\t\t<div class=\"elementor-element elementor-element-2b2b92b elementor-widget elementor-widget-text-editor\" data-id=\"2b2b92b\" data-element_type=\"widget\" data-widget_type=\"text-editor.default\">\n\t\t\t\t<div class=\"elementor-widget-container\">\n\t\t\t\t\t\t\t\t\t<p>\u00dcretimde kaliteli hammaddelerin kullan\u0131m\u0131n\u0131 istikrarl\u0131 \u015fekilde sa\u011flamak,<\/p><p>Laboratuvar y\u00f6netim sisteminin d\u00fczenli \u015fekilde sa\u011flanmas\u0131 ve takip edilmesi,<\/p><p>Laboratuvar \u00e7al\u0131\u015fanlar\u0131n\u0131n kalite ve \u00e7evre y\u00f6netim sistemlerini \u00f6\u011frenmesi ve benimsemelerini sa\u011flamak,<\/p><p>M\u00fc\u015fterilere ait bilgilerde gizlili\u011fe \u00f6nem g\u00f6stermek, bilgi payla\u015f\u0131m\u0131nda her t\u00fcrl\u00fc \u00e7arp\u0131t\u0131c\u0131 s\u00f6ylemlerden ka\u00e7\u0131nmak ve d\u00fcr\u00fcstl\u00fc\u011fe g\u00f6lge d\u00fc\u015f\u00fcr\u00fcc\u00fc hatalardan ka\u00e7\u0131nmak,<\/p><p>ISO 9001:2015 kalite y\u00f6netim sisteminin gerektirdi\u011fi \u015fartlara uymak ve sistemin s\u00fcrekli geli\u015fimini ve etkinli\u011fini sa\u011flamak Teknodrom\u2019un laboratuvarda benimsedi\u011fi kalite politikalar\u0131d\u0131r.<\/p>\t\t\t\t\t\t\t\t<\/div>\n\t\t\t\t<\/div>\n\t\t\t\t\t<\/div>\n\t\t<\/div>\n\t\t\t\t\t<\/div>\n\t\t<\/section>\n\t\t\t\t\t<\/div>\n\t\t<\/div>\n\t\t\t\t\t<\/div>\n\t\t<\/section>\n\t\t\t\t<\/div>","protected":false},"excerpt":{"rendered":"<p>\u00dcretimde kaliteli hammaddelerin kullan\u0131m\u0131n\u0131 istikrarl\u0131 \u015fekilde sa\u011flamak, Laboratuvar y\u00f6netim sisteminin d\u00fczenli \u015fekilde sa\u011flanmas\u0131 ve takip edilmesi, Laboratuvar \u00e7al\u0131\u015fanlar\u0131n\u0131n kalite ve \u00e7evre y\u00f6netim sistemlerini \u00f6\u011frenmesi ve benimsemelerini sa\u011flamak, M\u00fc\u015fterilere ait bilgilerde gizlili\u011fe \u00f6nem g\u00f6stermek, bilgi payla\u015f\u0131m\u0131nda her t\u00fcrl\u00fc \u00e7arp\u0131t\u0131c\u0131 s\u00f6ylemlerden ka\u00e7\u0131nmak ve d\u00fcr\u00fcstl\u00fc\u011fe g\u00f6lge d\u00fc\u015f\u00fcr\u00fcc\u00fc hatalardan ka\u00e7\u0131nmak, ISO 9001:2015 kalite y\u00f6netim sisteminin gerektirdi\u011fi \u015fartlara uymak ve [&hellip;]<\/p>","protected":false},"author":1,"featured_media":0,"parent":279,"menu_order":0,"comment_status":"closed","ping_status":"closed","template":"elementor_header_footer","meta":{"footnotes":""},"class_list":["post-1730","page","type-page","status-publish","hentry"],"_links":{"self":[{"href":"https:\/\/teknodrom.com.tr\/de\/wp-json\/wp\/v2\/pages\/1730","targetHints":{"allow":["GET"]}}],"collection":[{"href":"https:\/\/teknodrom.com.tr\/de\/wp-json\/wp\/v2\/pages"}],"about":[{"href":"https:\/\/teknodrom.com.tr\/de\/wp-json\/wp\/v2\/types\/page"}],"author":[{"embeddable":true,"href":"https:\/\/teknodrom.com.tr\/de\/wp-json\/wp\/v2\/users\/1"}],"replies":[{"embeddable":true,"href":"https:\/\/teknodrom.com.tr\/de\/wp-json\/wp\/v2\/comments?post=1730"}],"version-history":[{"count":0,"href":"https:\/\/teknodrom.com.tr\/de\/wp-json\/wp\/v2\/pages\/1730\/revisions"}],"up":[{"embeddable":true,"href":"https:\/\/teknodrom.com.tr\/de\/wp-json\/wp\/v2\/pages\/279"}],"wp:attachment":[{"href":"https:\/\/teknodrom.com.tr\/de\/wp-json\/wp\/v2\/media?parent=1730"}],"curies":[{"name":"wp","href":"https:\/\/api.w.org\/{rel}","templated":true}]}}