{"id":1602,"date":"2023-09-14T11:39:30","date_gmt":"2023-09-14T11:39:30","guid":{"rendered":"https:\/\/hostidex.com\/teknodrom\/?page_id=1602"},"modified":"2023-09-14T11:42:38","modified_gmt":"2023-09-14T11:42:38","slug":"vizyon-misyon","status":"publish","type":"page","link":"https:\/\/teknodrom.com.tr\/de\/degerli-madenler-geri-kazanim\/vizyon-misyon\/","title":{"rendered":"Vizyon &#8211; Misyon"},"content":{"rendered":"<div data-elementor-type=\"wp-page\" data-elementor-id=\"1602\" class=\"elementor elementor-1602\">\n\t\t\t\t\t\t<section class=\"elementor-section elementor-top-section elementor-element elementor-element-3193b4c elementor-section-height-min-height elementor-section-boxed elementor-section-height-default elementor-section-items-middle\" data-id=\"3193b4c\" data-element_type=\"section\" data-settings=\"{&quot;background_background&quot;:&quot;classic&quot;}\">\n\t\t\t\t\t\t\t<div class=\"elementor-background-overlay\"><\/div>\n\t\t\t\t\t\t\t<div class=\"elementor-container elementor-column-gap-no\">\n\t\t\t\t\t<div class=\"elementor-column elementor-col-100 elementor-top-column elementor-element elementor-element-69ba3d6\" data-id=\"69ba3d6\" data-element_type=\"column\">\n\t\t\t<div class=\"elementor-widget-wrap elementor-element-populated\">\n\t\t\t\t\t\t<div class=\"elementor-element elementor-element-9afb347 elementor-widget elementor-widget-heading\" data-id=\"9afb347\" data-element_type=\"widget\" data-widget_type=\"heading.default\">\n\t\t\t\t<div class=\"elementor-widget-container\">\n\t\t\t\t\t<h2 class=\"elementor-heading-title elementor-size-default\">T\u00fcrkiye\u2019nin \u0130lk ve Tek De\u011ferli Madenler Geri Kazan\u0131m Tesisi <\/h2>\t\t\t\t<\/div>\n\t\t\t\t<\/div>\n\t\t\t\t\t<\/div>\n\t\t<\/div>\n\t\t\t\t\t<\/div>\n\t\t<\/section>\n\t\t\t\t<section class=\"elementor-section elementor-top-section elementor-element elementor-element-ac9b3f5 elementor-section-boxed elementor-section-height-default elementor-section-height-default\" data-id=\"ac9b3f5\" data-element_type=\"section\">\n\t\t\t\t\t\t\t<div class=\"elementor-background-overlay\"><\/div>\n\t\t\t\t\t\t\t<div class=\"elementor-container elementor-column-gap-default\">\n\t\t\t\t\t<div class=\"elementor-column elementor-col-100 elementor-top-column elementor-element elementor-element-009a2e3\" data-id=\"009a2e3\" data-element_type=\"column\">\n\t\t\t<div class=\"elementor-widget-wrap elementor-element-populated\">\n\t\t\t\t\t\t<section class=\"elementor-section elementor-inner-section elementor-element elementor-element-a69570f elementor-section-full_width elementor-section-height-default elementor-section-height-default\" data-id=\"a69570f\" data-element_type=\"section\">\n\t\t\t\t\t\t<div class=\"elementor-container elementor-column-gap-default\">\n\t\t\t\t\t<div class=\"elementor-column elementor-col-50 elementor-inner-column elementor-element elementor-element-402f759 elementor-invisible\" data-id=\"402f759\" data-element_type=\"column\" data-settings=\"{&quot;animation&quot;:&quot;bounceInRight&quot;}\">\n\t\t\t<div class=\"elementor-widget-wrap elementor-element-populated\">\n\t\t\t\t\t\t<div class=\"elementor-element elementor-element-1e5e4ff elementor-widget elementor-widget-text-editor\" data-id=\"1e5e4ff\" data-element_type=\"widget\" data-widget_type=\"text-editor.default\">\n\t\t\t\t<div class=\"elementor-widget-container\">\n\t\t\t\t\t\t\t\t\t<p><strong><u>Vizyonumuz<\/u>:<\/strong> Durmadan geli\u015fen ve \u00fcreten bu elektronik \u00e7a\u011fda, \u00e7\u0131kan elektronik at\u0131klar\u0131n varl\u0131\u011f\u0131n\u0131 ve i\u00e7erisindeki de\u011ferli metallerin \u00f6nemini vurgulamak. De\u011ferli metallerin geri kazan\u0131m\u0131n\u0131 ger\u00e7ekle\u015ftiren ve bu yolda ilerleyen tek firma olarak at\u0131k hurdalar\u0131n \u00fclkemizde kalmas\u0131n\u0131 sa\u011flayarak, de\u011ferli metalleri T\u00fcrkiye\u2019ye kazand\u0131rmak. D\u00fcnyaca \u00fcnl\u00fc b\u00fcy\u00fck firmalar\u0131n seviyesinde kapasitemizi artt\u0131rarak, \u00fclkemizi bu sekt\u00f6rde geli\u015ftirmek vizyonlar\u0131m\u0131z aras\u0131ndad\u0131r.<\/p>\t\t\t\t\t\t\t\t<\/div>\n\t\t\t\t<\/div>\n\t\t\t\t\t<\/div>\n\t\t<\/div>\n\t\t\t\t<div class=\"elementor-column elementor-col-50 elementor-inner-column elementor-element elementor-element-2bba3a2 elementor-invisible\" data-id=\"2bba3a2\" data-element_type=\"column\" data-settings=\"{&quot;animation&quot;:&quot;bounceInRight&quot;}\">\n\t\t\t<div class=\"elementor-widget-wrap elementor-element-populated\">\n\t\t\t\t\t\t<div class=\"elementor-element elementor-element-8a5e797 elementor-widget elementor-widget-image\" data-id=\"8a5e797\" data-element_type=\"widget\" data-widget_type=\"image.default\">\n\t\t\t\t<div class=\"elementor-widget-container\">\n\t\t\t\t\t\t\t\t\t\t\t\t\t\t\t<img fetchpriority=\"high\" decoding=\"async\" width=\"394\" height=\"400\" src=\"https:\/\/teknodrom.com.tr\/wp-content\/uploads\/2023\/07\/vizyonn.jpg\" class=\"attachment-large size-large wp-image-1005\" alt=\"\" srcset=\"https:\/\/teknodrom.com.tr\/wp-content\/uploads\/2023\/07\/vizyonn.jpg 394w, https:\/\/teknodrom.com.tr\/wp-content\/uploads\/2023\/07\/vizyonn-296x300.jpg 296w, https:\/\/teknodrom.com.tr\/wp-content\/uploads\/2023\/07\/vizyonn-12x12.jpg 12w\" sizes=\"(max-width: 394px) 100vw, 394px\" \/>\t\t\t\t\t\t\t\t\t\t\t\t\t\t\t<\/div>\n\t\t\t\t<\/div>\n\t\t\t\t\t<\/div>\n\t\t<\/div>\n\t\t\t\t\t<\/div>\n\t\t<\/section>\n\t\t\t\t<section class=\"elementor-section elementor-inner-section elementor-element elementor-element-d0166d4 elementor-section-full_width elementor-section-height-default elementor-section-height-default\" data-id=\"d0166d4\" data-element_type=\"section\">\n\t\t\t\t\t\t<div class=\"elementor-container elementor-column-gap-default\">\n\t\t\t\t\t<div class=\"elementor-column elementor-col-50 elementor-inner-column elementor-element elementor-element-dddbf87 elementor-invisible\" data-id=\"dddbf87\" data-element_type=\"column\" data-settings=\"{&quot;animation&quot;:&quot;bounceInRight&quot;}\">\n\t\t\t<div class=\"elementor-widget-wrap elementor-element-populated\">\n\t\t\t\t\t\t<div class=\"elementor-element elementor-element-d4e0eac elementor-widget elementor-widget-image\" data-id=\"d4e0eac\" data-element_type=\"widget\" data-widget_type=\"image.default\">\n\t\t\t\t<div class=\"elementor-widget-container\">\n\t\t\t\t\t\t\t\t\t\t\t\t\t\t\t<img decoding=\"async\" width=\"656\" height=\"400\" src=\"https:\/\/teknodrom.com.tr\/wp-content\/uploads\/2023\/07\/misyon.jpg\" class=\"attachment-large size-large wp-image-1004\" alt=\"\" srcset=\"https:\/\/teknodrom.com.tr\/wp-content\/uploads\/2023\/07\/misyon.jpg 656w, https:\/\/teknodrom.com.tr\/wp-content\/uploads\/2023\/07\/misyon-300x183.jpg 300w, https:\/\/teknodrom.com.tr\/wp-content\/uploads\/2023\/07\/misyon-18x12.jpg 18w\" sizes=\"(max-width: 656px) 100vw, 656px\" \/>\t\t\t\t\t\t\t\t\t\t\t\t\t\t\t<\/div>\n\t\t\t\t<\/div>\n\t\t\t\t\t<\/div>\n\t\t<\/div>\n\t\t\t\t<div class=\"elementor-column elementor-col-50 elementor-inner-column elementor-element elementor-element-97021c6 elementor-invisible\" data-id=\"97021c6\" data-element_type=\"column\" data-settings=\"{&quot;animation&quot;:&quot;bounceInRight&quot;}\">\n\t\t\t<div class=\"elementor-widget-wrap elementor-element-populated\">\n\t\t\t\t\t\t<div class=\"elementor-element elementor-element-af9b847 elementor-widget elementor-widget-text-editor\" data-id=\"af9b847\" data-element_type=\"widget\" data-widget_type=\"text-editor.default\">\n\t\t\t\t<div class=\"elementor-widget-container\">\n\t\t\t\t\t\t\t\t\t<p><strong><u>Misyonumuz<\/u>:<\/strong> Kar\u015f\u0131la\u015ft\u0131\u011f\u0131m\u0131z zorluklara ve engellere ra\u011fmen hedefimizden ayr\u0131lmayarak bu de\u011ferli sekt\u00f6r\u00fc T\u00fcrkiye\u2019ye tan\u0131tmak ve s\u00fcrd\u00fcr\u00fclebilirli\u011fini sa\u011flayarak gelecek nesillere \u0131\u015f\u0131k olmak.<\/p>\t\t\t\t\t\t\t\t<\/div>\n\t\t\t\t<\/div>\n\t\t\t\t\t<\/div>\n\t\t<\/div>\n\t\t\t\t\t<\/div>\n\t\t<\/section>\n\t\t\t\t\t<\/div>\n\t\t<\/div>\n\t\t\t\t\t<\/div>\n\t\t<\/section>\n\t\t\t\t<\/div>","protected":false},"excerpt":{"rendered":"<p>Vizyonumuz: Durmadan geli\u015fen ve \u00fcreten bu elektronik \u00e7a\u011fda, \u00e7\u0131kan elektronik at\u0131klar\u0131n varl\u0131\u011f\u0131n\u0131 ve i\u00e7erisindeki de\u011ferli metallerin \u00f6nemini vurgulamak. De\u011ferli metallerin geri kazan\u0131m\u0131n\u0131 ger\u00e7ekle\u015ftiren ve bu yolda ilerleyen tek firma olarak at\u0131k hurdalar\u0131n \u00fclkemizde kalmas\u0131n\u0131 sa\u011flayarak, de\u011ferli metalleri T\u00fcrkiye\u2019ye kazand\u0131rmak. D\u00fcnyaca \u00fcnl\u00fc b\u00fcy\u00fck firmalar\u0131n seviyesinde kapasitemizi artt\u0131rarak, \u00fclkemizi bu sekt\u00f6rde geli\u015ftirmek vizyonlar\u0131m\u0131z aras\u0131ndad\u0131r. Misyonumuz: Kar\u015f\u0131la\u015ft\u0131\u011f\u0131m\u0131z zorluklara [&hellip;]<\/p>","protected":false},"author":1,"featured_media":0,"parent":1412,"menu_order":0,"comment_status":"closed","ping_status":"closed","template":"elementor_header_footer","meta":{"footnotes":""},"class_list":["post-1602","page","type-page","status-publish","hentry"],"_links":{"self":[{"href":"https:\/\/teknodrom.com.tr\/de\/wp-json\/wp\/v2\/pages\/1602","targetHints":{"allow":["GET"]}}],"collection":[{"href":"https:\/\/teknodrom.com.tr\/de\/wp-json\/wp\/v2\/pages"}],"about":[{"href":"https:\/\/teknodrom.com.tr\/de\/wp-json\/wp\/v2\/types\/page"}],"author":[{"embeddable":true,"href":"https:\/\/teknodrom.com.tr\/de\/wp-json\/wp\/v2\/users\/1"}],"replies":[{"embeddable":true,"href":"https:\/\/teknodrom.com.tr\/de\/wp-json\/wp\/v2\/comments?post=1602"}],"version-history":[{"count":0,"href":"https:\/\/teknodrom.com.tr\/de\/wp-json\/wp\/v2\/pages\/1602\/revisions"}],"up":[{"embeddable":true,"href":"https:\/\/teknodrom.com.tr\/de\/wp-json\/wp\/v2\/pages\/1412"}],"wp:attachment":[{"href":"https:\/\/teknodrom.com.tr\/de\/wp-json\/wp\/v2\/media?parent=1602"}],"curies":[{"name":"wp","href":"https:\/\/api.w.org\/{rel}","templated":true}]}}