{"id":1578,"date":"2023-09-14T10:59:55","date_gmt":"2023-09-14T10:59:55","guid":{"rendered":"https:\/\/hostidex.com\/teknodrom\/?page_id=1578"},"modified":"2023-09-14T11:13:02","modified_gmt":"2023-09-14T11:13:02","slug":"laboratuvar","status":"publish","type":"page","link":"https:\/\/teknodrom.com.tr\/de\/degerli-madenler-geri-kazanim\/laboratuvar\/","title":{"rendered":"Laboratuvar"},"content":{"rendered":"<div data-elementor-type=\"wp-page\" data-elementor-id=\"1578\" class=\"elementor elementor-1578\">\n\t\t\t\t\t\t<section class=\"elementor-section elementor-top-section elementor-element elementor-element-2f6f9e9 elementor-section-height-min-height elementor-section-boxed elementor-section-height-default elementor-section-items-middle\" data-id=\"2f6f9e9\" data-element_type=\"section\" data-settings=\"{&quot;background_background&quot;:&quot;classic&quot;}\">\n\t\t\t\t\t\t\t<div class=\"elementor-background-overlay\"><\/div>\n\t\t\t\t\t\t\t<div class=\"elementor-container elementor-column-gap-no\">\n\t\t\t\t\t<div class=\"elementor-column elementor-col-100 elementor-top-column elementor-element elementor-element-27b1060\" data-id=\"27b1060\" data-element_type=\"column\">\n\t\t\t<div class=\"elementor-widget-wrap elementor-element-populated\">\n\t\t\t\t\t\t<div class=\"elementor-element elementor-element-e949fa7 elementor-widget elementor-widget-heading\" data-id=\"e949fa7\" data-element_type=\"widget\" data-widget_type=\"heading.default\">\n\t\t\t\t<div class=\"elementor-widget-container\">\n\t\t\t\t\t<h2 class=\"elementor-heading-title elementor-size-default\">T\u00fcrkiye\u2019nin \u0130lk ve Tek De\u011ferli Madenler Geri Kazan\u0131m Tesisi <\/h2>\t\t\t\t<\/div>\n\t\t\t\t<\/div>\n\t\t\t\t\t<\/div>\n\t\t<\/div>\n\t\t\t\t\t<\/div>\n\t\t<\/section>\n\t\t\t\t<section class=\"elementor-section elementor-top-section elementor-element elementor-element-7012c77 elementor-section-boxed elementor-section-height-default elementor-section-height-default\" data-id=\"7012c77\" data-element_type=\"section\">\n\t\t\t\t\t\t\t<div class=\"elementor-background-overlay\"><\/div>\n\t\t\t\t\t\t\t<div class=\"elementor-container elementor-column-gap-default\">\n\t\t\t\t\t<div class=\"elementor-column elementor-col-100 elementor-top-column elementor-element elementor-element-a84ee05\" data-id=\"a84ee05\" data-element_type=\"column\">\n\t\t\t<div class=\"elementor-widget-wrap elementor-element-populated\">\n\t\t\t\t\t\t<section class=\"elementor-section elementor-inner-section elementor-element elementor-element-f92ded4 elementor-section-full_width elementor-section-height-default elementor-section-height-default\" data-id=\"f92ded4\" data-element_type=\"section\">\n\t\t\t\t\t\t<div class=\"elementor-container elementor-column-gap-default\">\n\t\t\t\t\t<div class=\"elementor-column elementor-col-50 elementor-inner-column elementor-element elementor-element-1b22385 elementor-invisible\" data-id=\"1b22385\" data-element_type=\"column\" data-settings=\"{&quot;animation&quot;:&quot;bounceInRight&quot;}\">\n\t\t\t<div class=\"elementor-widget-wrap elementor-element-populated\">\n\t\t\t\t\t\t<div class=\"elementor-element elementor-element-f2d5904 elementor-widget elementor-widget-image\" data-id=\"f2d5904\" data-element_type=\"widget\" data-widget_type=\"image.default\">\n\t\t\t\t<div class=\"elementor-widget-container\">\n\t\t\t\t\t\t\t\t\t\t\t\t\t\t\t<img fetchpriority=\"high\" decoding=\"async\" width=\"800\" height=\"800\" src=\"https:\/\/teknodrom.com.tr\/wp-content\/uploads\/2023\/09\/labo22.jpg\" class=\"attachment-large size-large wp-image-1581\" alt=\"\" srcset=\"https:\/\/teknodrom.com.tr\/wp-content\/uploads\/2023\/09\/labo22.jpg 900w, https:\/\/teknodrom.com.tr\/wp-content\/uploads\/2023\/09\/labo22-300x300.jpg 300w, https:\/\/teknodrom.com.tr\/wp-content\/uploads\/2023\/09\/labo22-150x150.jpg 150w, https:\/\/teknodrom.com.tr\/wp-content\/uploads\/2023\/09\/labo22-768x768.jpg 768w, https:\/\/teknodrom.com.tr\/wp-content\/uploads\/2023\/09\/labo22-12x12.jpg 12w\" sizes=\"(max-width: 800px) 100vw, 800px\" \/>\t\t\t\t\t\t\t\t\t\t\t\t\t\t\t<\/div>\n\t\t\t\t<\/div>\n\t\t\t\t\t<\/div>\n\t\t<\/div>\n\t\t\t\t<div class=\"elementor-column elementor-col-50 elementor-inner-column elementor-element elementor-element-93c9d39 elementor-invisible\" data-id=\"93c9d39\" data-element_type=\"column\" data-settings=\"{&quot;animation&quot;:&quot;bounceInRight&quot;}\">\n\t\t\t<div class=\"elementor-widget-wrap elementor-element-populated\">\n\t\t\t\t\t\t<div class=\"elementor-element elementor-element-a66fc66 elementor-widget elementor-widget-text-editor\" data-id=\"a66fc66\" data-element_type=\"widget\" data-widget_type=\"text-editor.default\">\n\t\t\t\t<div class=\"elementor-widget-container\">\n\t\t\t\t\t\t\t\t\t<p>Teknodrom\u2019da laboratuvar geri d\u00f6n\u00fc\u015f\u00fcm\u00fcn \u00f6nemli bir k\u0131sm\u0131n\u0131 olu\u015fturmaktad\u0131r. Laboratuvar\u0131m\u0131zda bulunan son teknoloji ICP-OES spektrometre cihaz\u0131m\u0131z sayesinde de\u011ferli madenlerin analizini ger\u00e7ekle\u015ftirebilmekteyiz.<\/p><p>Kat\u0131 veya s\u0131v\u0131 maddelerin i\u00e7eri\u011finde bulunan de\u011ferli metallerin analizini ger\u00e7ekle\u015ftiriyoruz bu sayede \u00fcretimdeki verimi artt\u0131r\u0131yor ve gerekli ar&amp;ge i\u015flemlerini kendi laboratuvar\u0131m\u0131zda ger\u00e7ekle\u015ftiriyoruz.<\/p>\t\t\t\t\t\t\t\t<\/div>\n\t\t\t\t<\/div>\n\t\t\t\t\t<\/div>\n\t\t<\/div>\n\t\t\t\t\t<\/div>\n\t\t<\/section>\n\t\t\t\t\t<\/div>\n\t\t<\/div>\n\t\t\t\t\t<\/div>\n\t\t<\/section>\n\t\t\t\t<\/div>","protected":false},"excerpt":{"rendered":"<p>Teknodrom\u2019da laboratuvar geri d\u00f6n\u00fc\u015f\u00fcm\u00fcn \u00f6nemli bir k\u0131sm\u0131n\u0131 olu\u015fturmaktad\u0131r. Laboratuvar\u0131m\u0131zda bulunan son teknoloji ICP-OES spektrometre cihaz\u0131m\u0131z sayesinde de\u011ferli madenlerin analizini ger\u00e7ekle\u015ftirebilmekteyiz. Kat\u0131 veya s\u0131v\u0131 maddelerin i\u00e7eri\u011finde bulunan de\u011ferli metallerin analizini ger\u00e7ekle\u015ftiriyoruz bu sayede \u00fcretimdeki verimi artt\u0131r\u0131yor ve gerekli ar&amp;ge i\u015flemlerini kendi laboratuvar\u0131m\u0131zda ger\u00e7ekle\u015ftiriyoruz.<\/p>","protected":false},"author":1,"featured_media":0,"parent":1412,"menu_order":0,"comment_status":"closed","ping_status":"closed","template":"elementor_header_footer","meta":{"footnotes":""},"class_list":["post-1578","page","type-page","status-publish","hentry"],"_links":{"self":[{"href":"https:\/\/teknodrom.com.tr\/de\/wp-json\/wp\/v2\/pages\/1578","targetHints":{"allow":["GET"]}}],"collection":[{"href":"https:\/\/teknodrom.com.tr\/de\/wp-json\/wp\/v2\/pages"}],"about":[{"href":"https:\/\/teknodrom.com.tr\/de\/wp-json\/wp\/v2\/types\/page"}],"author":[{"embeddable":true,"href":"https:\/\/teknodrom.com.tr\/de\/wp-json\/wp\/v2\/users\/1"}],"replies":[{"embeddable":true,"href":"https:\/\/teknodrom.com.tr\/de\/wp-json\/wp\/v2\/comments?post=1578"}],"version-history":[{"count":0,"href":"https:\/\/teknodrom.com.tr\/de\/wp-json\/wp\/v2\/pages\/1578\/revisions"}],"up":[{"embeddable":true,"href":"https:\/\/teknodrom.com.tr\/de\/wp-json\/wp\/v2\/pages\/1412"}],"wp:attachment":[{"href":"https:\/\/teknodrom.com.tr\/de\/wp-json\/wp\/v2\/media?parent=1578"}],"curies":[{"name":"wp","href":"https:\/\/api.w.org\/{rel}","templated":true}]}}