{"id":1550,"date":"2023-09-14T09:41:25","date_gmt":"2023-09-14T09:41:25","guid":{"rendered":"https:\/\/hostidex.com\/teknodrom\/?page_id=1550"},"modified":"2023-09-14T09:43:53","modified_gmt":"2023-09-14T09:43:53","slug":"bakir-elektrolizi","status":"publish","type":"page","link":"https:\/\/teknodrom.com.tr\/de\/degerli-madenler-geri-kazanim\/bakir-elektrolizi\/","title":{"rendered":"Bak\u0131r Elektrolizi"},"content":{"rendered":"<div data-elementor-type=\"wp-page\" data-elementor-id=\"1550\" class=\"elementor elementor-1550\">\n\t\t\t\t\t\t<section class=\"elementor-section elementor-top-section elementor-element elementor-element-57dc783 elementor-section-height-min-height elementor-section-boxed elementor-section-height-default elementor-section-items-middle\" data-id=\"57dc783\" data-element_type=\"section\" data-settings=\"{&quot;background_background&quot;:&quot;classic&quot;}\">\n\t\t\t\t\t\t\t<div class=\"elementor-background-overlay\"><\/div>\n\t\t\t\t\t\t\t<div class=\"elementor-container elementor-column-gap-no\">\n\t\t\t\t\t<div class=\"elementor-column elementor-col-100 elementor-top-column elementor-element elementor-element-bc79d5d\" data-id=\"bc79d5d\" data-element_type=\"column\">\n\t\t\t<div class=\"elementor-widget-wrap elementor-element-populated\">\n\t\t\t\t\t\t<div class=\"elementor-element elementor-element-3d49361 elementor-widget elementor-widget-heading\" data-id=\"3d49361\" data-element_type=\"widget\" data-widget_type=\"heading.default\">\n\t\t\t\t<div class=\"elementor-widget-container\">\n\t\t\t\t\t<h2 class=\"elementor-heading-title elementor-size-default\">T\u00fcrkiye\u2019nin \u0130lk ve Tek De\u011ferli Madenler Geri Kazan\u0131m Tesisi <\/h2>\t\t\t\t<\/div>\n\t\t\t\t<\/div>\n\t\t\t\t\t<\/div>\n\t\t<\/div>\n\t\t\t\t\t<\/div>\n\t\t<\/section>\n\t\t\t\t<section class=\"elementor-section elementor-top-section elementor-element elementor-element-911311e elementor-section-boxed elementor-section-height-default elementor-section-height-default\" data-id=\"911311e\" data-element_type=\"section\">\n\t\t\t\t\t\t<div class=\"elementor-container elementor-column-gap-default\">\n\t\t\t\t\t<div class=\"elementor-column elementor-col-100 elementor-top-column elementor-element elementor-element-3f44b0c\" data-id=\"3f44b0c\" data-element_type=\"column\">\n\t\t\t<div class=\"elementor-widget-wrap elementor-element-populated\">\n\t\t\t\t\t\t<div class=\"elementor-element elementor-element-943fce6 elementor-widget elementor-widget-text-editor\" data-id=\"943fce6\" data-element_type=\"widget\" data-widget_type=\"text-editor.default\">\n\t\t\t\t<div class=\"elementor-widget-container\">\n\t\t\t\t\t\t\t\t\t<p>Elektronik devre kartlar\u0131, iletken par\u00e7alar\u0131, metalleri ve camlar\u0131 kullanarak elektrik bile\u015fenlerini birbirine ba\u011flayan bak\u0131r kapl\u0131 plastik tabakalard\u0131r.<\/p><p>Elektronik devre kartlar\u0131 en basit elektronik aletlerin i\u00e7erisinde bile bulunan ve elektronik sekt\u00f6r\u00fcnde s\u0131kl\u0131kla kullan\u0131lan devrelerdir. PCB \u00fcretiminin y\u0131lda 80 milyar dolar de\u011ferine ula\u015ft\u0131\u011f\u0131 tahmin edilmektedir. Bu art\u0131\u015f\u0131n en b\u00fcy\u00fck nedeni, ak\u0131ll\u0131 telefon ve medya cihazlar\u0131na olan talebin h\u0131zla artmas\u0131d\u0131r. G\u00fcn\u00fcm\u00fczde devre kartlar\u0131 toplam e -at\u0131\u011f\u0131n (y\u0131lda 50 milyon ton) a\u011f\u0131rl\u0131k olarak y\u00fczde 10&#8217;luk k\u0131sm\u0131n\u0131 olu\u015fturmaktad\u0131r.<\/p><p>Elektronik at\u0131klar\u0131n i\u00e7inde bulunan de\u011ferli metallerin b\u00fcy\u00fck bir b\u00f6l\u00fcm\u00fc devre kartlar\u0131 \u00fczerinde bulunmaktad\u0131r. Kart\u0131n tipine ve kullan\u0131m alan\u0131na g\u00f6re de\u011fi\u015fmekle beraber, 1 ton devre kart\u0131nda g\u00fcm\u00fc\u015f, paladyum ve bak\u0131ra ilave olarak 10 ila 1.000 gram aras\u0131nda alt\u0131n bulunmaktad\u0131r. Bir ton elektronik devre kart\u0131ndan elde edilen alt\u0131n, ayn\u0131 b\u00fcy\u00fckl\u00fckte toprak cevherinden elde edilen alt\u0131ndan 40 ile 800 kat daha fazlad\u0131r. Hurda cep telefonu kartlar\u0131nda ise tonda 300-1000 gram aras\u0131nda alt\u0131n geri kazan\u0131labilmektedir.<\/p>\t\t\t\t\t\t\t\t<\/div>\n\t\t\t\t<\/div>\n\t\t\t\t\t<\/div>\n\t\t<\/div>\n\t\t\t\t\t<\/div>\n\t\t<\/section>\n\t\t\t\t<\/div>","protected":false},"excerpt":{"rendered":"<p>Elektronik devre kartlar\u0131, iletken par\u00e7alar\u0131, metalleri ve camlar\u0131 kullanarak elektrik bile\u015fenlerini birbirine ba\u011flayan bak\u0131r kapl\u0131 plastik tabakalard\u0131r. Elektronik devre kartlar\u0131 en basit elektronik aletlerin i\u00e7erisinde bile bulunan ve elektronik sekt\u00f6r\u00fcnde s\u0131kl\u0131kla kullan\u0131lan devrelerdir. PCB \u00fcretiminin y\u0131lda 80 milyar dolar de\u011ferine ula\u015ft\u0131\u011f\u0131 tahmin edilmektedir. Bu art\u0131\u015f\u0131n en b\u00fcy\u00fck nedeni, ak\u0131ll\u0131 telefon ve medya cihazlar\u0131na olan talebin [&hellip;]<\/p>","protected":false},"author":1,"featured_media":0,"parent":1412,"menu_order":0,"comment_status":"closed","ping_status":"closed","template":"elementor_header_footer","meta":{"footnotes":""},"class_list":["post-1550","page","type-page","status-publish","hentry"],"_links":{"self":[{"href":"https:\/\/teknodrom.com.tr\/de\/wp-json\/wp\/v2\/pages\/1550","targetHints":{"allow":["GET"]}}],"collection":[{"href":"https:\/\/teknodrom.com.tr\/de\/wp-json\/wp\/v2\/pages"}],"about":[{"href":"https:\/\/teknodrom.com.tr\/de\/wp-json\/wp\/v2\/types\/page"}],"author":[{"embeddable":true,"href":"https:\/\/teknodrom.com.tr\/de\/wp-json\/wp\/v2\/users\/1"}],"replies":[{"embeddable":true,"href":"https:\/\/teknodrom.com.tr\/de\/wp-json\/wp\/v2\/comments?post=1550"}],"version-history":[{"count":0,"href":"https:\/\/teknodrom.com.tr\/de\/wp-json\/wp\/v2\/pages\/1550\/revisions"}],"up":[{"embeddable":true,"href":"https:\/\/teknodrom.com.tr\/de\/wp-json\/wp\/v2\/pages\/1412"}],"wp:attachment":[{"href":"https:\/\/teknodrom.com.tr\/de\/wp-json\/wp\/v2\/media?parent=1550"}],"curies":[{"name":"wp","href":"https:\/\/api.w.org\/{rel}","templated":true}]}}