{"id":1330,"date":"2023-08-02T12:15:34","date_gmt":"2023-08-02T12:15:34","guid":{"rendered":"https:\/\/hostidex.com\/teknodrom\/?page_id=1330"},"modified":"2023-08-02T12:34:03","modified_gmt":"2023-08-02T12:34:03","slug":"tesisimiz","status":"publish","type":"page","link":"https:\/\/teknodrom.com.tr\/de\/aluminyum-billet\/tesisimiz\/","title":{"rendered":"Tesisimiz"},"content":{"rendered":"<div data-elementor-type=\"wp-page\" data-elementor-id=\"1330\" class=\"elementor elementor-1330\">\n\t\t\t\t\t\t<section class=\"elementor-section elementor-top-section elementor-element elementor-element-00a5b8b elementor-section-height-min-height elementor-section-boxed elementor-section-height-default elementor-section-items-middle\" data-id=\"00a5b8b\" data-element_type=\"section\" data-settings=\"{&quot;background_background&quot;:&quot;classic&quot;}\">\n\t\t\t\t\t\t\t<div class=\"elementor-background-overlay\"><\/div>\n\t\t\t\t\t\t\t<div class=\"elementor-container elementor-column-gap-default\">\n\t\t\t\t\t<div class=\"elementor-column elementor-col-100 elementor-top-column elementor-element elementor-element-8793fe2\" data-id=\"8793fe2\" data-element_type=\"column\">\n\t\t\t<div class=\"elementor-widget-wrap elementor-element-populated\">\n\t\t\t\t\t\t<div class=\"elementor-element elementor-element-2b59b2e elementor-widget elementor-widget-heading\" data-id=\"2b59b2e\" data-element_type=\"widget\" data-widget_type=\"heading.default\">\n\t\t\t\t<div class=\"elementor-widget-container\">\n\t\t\t\t\t<h1 class=\"elementor-heading-title elementor-size-default\">Al\u00fcminyum Billet \u00dcretim Tesisimiz<\/h1>\t\t\t\t<\/div>\n\t\t\t\t<\/div>\n\t\t\t\t\t<\/div>\n\t\t<\/div>\n\t\t\t\t\t<\/div>\n\t\t<\/section>\n\t\t\t\t<section class=\"elementor-section elementor-top-section elementor-element elementor-element-5ab021e elementor-section-boxed elementor-section-height-default elementor-section-height-default\" data-id=\"5ab021e\" data-element_type=\"section\">\n\t\t\t\t\t\t<div class=\"elementor-container elementor-column-gap-default\">\n\t\t\t\t\t<div class=\"elementor-column elementor-col-100 elementor-top-column elementor-element elementor-element-441dc78\" data-id=\"441dc78\" data-element_type=\"column\">\n\t\t\t<div class=\"elementor-widget-wrap elementor-element-populated\">\n\t\t\t\t\t\t<div class=\"elementor-element elementor-element-e518034 elementor-widget elementor-widget-heading\" data-id=\"e518034\" data-element_type=\"widget\" data-widget_type=\"heading.default\">\n\t\t\t\t<div class=\"elementor-widget-container\">\n\t\t\t\t\t<h2 class=\"elementor-heading-title elementor-size-default\">Tesisimiz<\/h2>\t\t\t\t<\/div>\n\t\t\t\t<\/div>\n\t\t\t\t<div class=\"elementor-element elementor-element-f09a4a9 elementor-widget elementor-widget-text-editor\" data-id=\"f09a4a9\" data-element_type=\"widget\" data-widget_type=\"text-editor.default\">\n\t\t\t\t<div class=\"elementor-widget-container\">\n\t\t\t\t\t\t\t\t\t<p>Al\u00fcminyum billet \u00fcretim tesisimiz son teknoloji cihazlardan olu\u015fmaktad\u0131r. Cihazlar\u0131n t\u00fcm kontrolleri paneller ile y\u00f6netilir bu sayede \u00fcretimde hata minimum ger\u00e7ekle\u015fir.<\/p><p>Teknodrom\u2019da kaliteli \u00fcretim en \u00f6nemli ayr\u0131cal\u0131\u011f\u0131m\u0131zd\u0131r. \u00dcretiminin ilk a\u015famas\u0131ndan sevkiyata kadar kalite kontrol s\u00fcrecimiz b\u00fcy\u00fck bir \u00f6zenle uygulan\u0131r.<\/p>\t\t\t\t\t\t\t\t<\/div>\n\t\t\t\t<\/div>\n\t\t\t\t\t<\/div>\n\t\t<\/div>\n\t\t\t\t\t<\/div>\n\t\t<\/section>\n\t\t\t\t<section class=\"elementor-section elementor-top-section elementor-element elementor-element-780d69c elementor-section-boxed elementor-section-height-default elementor-section-height-default\" data-id=\"780d69c\" data-element_type=\"section\">\n\t\t\t\t\t\t<div class=\"elementor-container elementor-column-gap-default\">\n\t\t\t\t\t<div class=\"elementor-column elementor-col-50 elementor-top-column elementor-element elementor-element-a185138\" data-id=\"a185138\" data-element_type=\"column\">\n\t\t\t<div class=\"elementor-widget-wrap elementor-element-populated\">\n\t\t\t\t\t\t<div class=\"elementor-element elementor-element-84003ac elementor-widget elementor-widget-image\" data-id=\"84003ac\" data-element_type=\"widget\" data-widget_type=\"image.default\">\n\t\t\t\t<div class=\"elementor-widget-container\">\n\t\t\t\t\t\t\t\t\t\t\t\t\t\t\t<img fetchpriority=\"high\" decoding=\"async\" width=\"975\" height=\"650\" src=\"https:\/\/teknodrom.com.tr\/wp-content\/uploads\/2023\/08\/tesis1.jpg\" class=\"attachment-full size-full wp-image-1334\" alt=\"\" srcset=\"https:\/\/teknodrom.com.tr\/wp-content\/uploads\/2023\/08\/tesis1.jpg 975w, https:\/\/teknodrom.com.tr\/wp-content\/uploads\/2023\/08\/tesis1-300x200.jpg 300w, https:\/\/teknodrom.com.tr\/wp-content\/uploads\/2023\/08\/tesis1-768x512.jpg 768w, https:\/\/teknodrom.com.tr\/wp-content\/uploads\/2023\/08\/tesis1-18x12.jpg 18w\" sizes=\"(max-width: 975px) 100vw, 975px\" \/>\t\t\t\t\t\t\t\t\t\t\t\t\t\t\t<\/div>\n\t\t\t\t<\/div>\n\t\t\t\t<div class=\"elementor-element elementor-element-ceff827 elementor-widget elementor-widget-heading\" data-id=\"ceff827\" data-element_type=\"widget\" data-widget_type=\"heading.default\">\n\t\t\t\t<div class=\"elementor-widget-container\">\n\t\t\t\t\t<h2 class=\"elementor-heading-title elementor-size-default\">35 Ton Kapasiteli Eritme F\u0131r\u0131n\u0131<\/h2>\t\t\t\t<\/div>\n\t\t\t\t<\/div>\n\t\t\t\t\t<\/div>\n\t\t<\/div>\n\t\t\t\t<div class=\"elementor-column elementor-col-50 elementor-top-column elementor-element elementor-element-9d14afc\" data-id=\"9d14afc\" data-element_type=\"column\">\n\t\t\t<div class=\"elementor-widget-wrap elementor-element-populated\">\n\t\t\t\t\t\t<div class=\"elementor-element elementor-element-8617eb5 elementor-widget elementor-widget-image\" data-id=\"8617eb5\" data-element_type=\"widget\" data-widget_type=\"image.default\">\n\t\t\t\t<div class=\"elementor-widget-container\">\n\t\t\t\t\t\t\t\t\t\t\t\t\t\t\t<img decoding=\"async\" width=\"975\" height=\"650\" src=\"https:\/\/teknodrom.com.tr\/wp-content\/uploads\/2023\/08\/tesis2.jpg\" class=\"attachment-full size-full wp-image-1335\" alt=\"\" srcset=\"https:\/\/teknodrom.com.tr\/wp-content\/uploads\/2023\/08\/tesis2.jpg 975w, https:\/\/teknodrom.com.tr\/wp-content\/uploads\/2023\/08\/tesis2-300x200.jpg 300w, https:\/\/teknodrom.com.tr\/wp-content\/uploads\/2023\/08\/tesis2-768x512.jpg 768w, https:\/\/teknodrom.com.tr\/wp-content\/uploads\/2023\/08\/tesis2-18x12.jpg 18w\" sizes=\"(max-width: 975px) 100vw, 975px\" \/>\t\t\t\t\t\t\t\t\t\t\t\t\t\t\t<\/div>\n\t\t\t\t<\/div>\n\t\t\t\t<div class=\"elementor-element elementor-element-acf5b98 elementor-widget elementor-widget-heading\" data-id=\"acf5b98\" data-element_type=\"widget\" data-widget_type=\"heading.default\">\n\t\t\t\t<div class=\"elementor-widget-container\">\n\t\t\t\t\t<h2 class=\"elementor-heading-title elementor-size-default\">Homojenizasyon Tesisi <\/h2>\t\t\t\t<\/div>\n\t\t\t\t<\/div>\n\t\t\t\t\t<\/div>\n\t\t<\/div>\n\t\t\t\t\t<\/div>\n\t\t<\/section>\n\t\t\t\t<section class=\"elementor-section elementor-top-section elementor-element elementor-element-a7b02ec elementor-section-boxed elementor-section-height-default elementor-section-height-default\" data-id=\"a7b02ec\" data-element_type=\"section\">\n\t\t\t\t\t\t<div class=\"elementor-container elementor-column-gap-default\">\n\t\t\t\t\t<div class=\"elementor-column elementor-col-33 elementor-top-column elementor-element elementor-element-a263590\" data-id=\"a263590\" data-element_type=\"column\">\n\t\t\t<div class=\"elementor-widget-wrap elementor-element-populated\">\n\t\t\t\t\t\t<div class=\"elementor-element elementor-element-57d83c6 elementor-widget elementor-widget-image\" data-id=\"57d83c6\" data-element_type=\"widget\" data-widget_type=\"image.default\">\n\t\t\t\t<div class=\"elementor-widget-container\">\n\t\t\t\t\t\t\t\t\t\t\t\t\t\t\t<img decoding=\"async\" width=\"975\" height=\"650\" src=\"https:\/\/teknodrom.com.tr\/wp-content\/uploads\/2023\/08\/tesis3.jpg\" class=\"attachment-full size-full wp-image-1336\" alt=\"\" srcset=\"https:\/\/teknodrom.com.tr\/wp-content\/uploads\/2023\/08\/tesis3.jpg 975w, https:\/\/teknodrom.com.tr\/wp-content\/uploads\/2023\/08\/tesis3-300x200.jpg 300w, https:\/\/teknodrom.com.tr\/wp-content\/uploads\/2023\/08\/tesis3-768x512.jpg 768w, https:\/\/teknodrom.com.tr\/wp-content\/uploads\/2023\/08\/tesis3-18x12.jpg 18w\" sizes=\"(max-width: 975px) 100vw, 975px\" \/>\t\t\t\t\t\t\t\t\t\t\t\t\t\t\t<\/div>\n\t\t\t\t<\/div>\n\t\t\t\t<div class=\"elementor-element elementor-element-35b9a5e elementor-widget elementor-widget-heading\" data-id=\"35b9a5e\" data-element_type=\"widget\" data-widget_type=\"heading.default\">\n\t\t\t\t<div class=\"elementor-widget-container\">\n\t\t\t\t\t<h2 class=\"elementor-heading-title elementor-size-default\">Testere Sistemi<\/h2>\t\t\t\t<\/div>\n\t\t\t\t<\/div>\n\t\t\t\t\t<\/div>\n\t\t<\/div>\n\t\t\t\t<div class=\"elementor-column elementor-col-33 elementor-top-column elementor-element elementor-element-0beb4d9\" data-id=\"0beb4d9\" data-element_type=\"column\">\n\t\t\t<div class=\"elementor-widget-wrap elementor-element-populated\">\n\t\t\t\t\t\t<div class=\"elementor-element elementor-element-078b81a elementor-widget elementor-widget-image\" data-id=\"078b81a\" data-element_type=\"widget\" data-widget_type=\"image.default\">\n\t\t\t\t<div class=\"elementor-widget-container\">\n\t\t\t\t\t\t\t\t\t\t\t\t\t\t\t<img loading=\"lazy\" decoding=\"async\" width=\"975\" height=\"650\" src=\"https:\/\/teknodrom.com.tr\/wp-content\/uploads\/2023\/08\/tesis4.jpg\" class=\"attachment-full size-full wp-image-1337\" alt=\"\" srcset=\"https:\/\/teknodrom.com.tr\/wp-content\/uploads\/2023\/08\/tesis4.jpg 975w, https:\/\/teknodrom.com.tr\/wp-content\/uploads\/2023\/08\/tesis4-300x200.jpg 300w, https:\/\/teknodrom.com.tr\/wp-content\/uploads\/2023\/08\/tesis4-768x512.jpg 768w, https:\/\/teknodrom.com.tr\/wp-content\/uploads\/2023\/08\/tesis4-18x12.jpg 18w\" sizes=\"(max-width: 975px) 100vw, 975px\" \/>\t\t\t\t\t\t\t\t\t\t\t\t\t\t\t<\/div>\n\t\t\t\t<\/div>\n\t\t\t\t<div class=\"elementor-element elementor-element-4ca37c9 elementor-widget elementor-widget-heading\" data-id=\"4ca37c9\" data-element_type=\"widget\" data-widget_type=\"heading.default\">\n\t\t\t\t<div class=\"elementor-widget-container\">\n\t\t\t\t\t<h2 class=\"elementor-heading-title elementor-size-default\">F\u0131r\u0131n \u015earj Makinesi<\/h2>\t\t\t\t<\/div>\n\t\t\t\t<\/div>\n\t\t\t\t\t<\/div>\n\t\t<\/div>\n\t\t\t\t<div class=\"elementor-column elementor-col-33 elementor-top-column elementor-element elementor-element-3a3ee4b\" data-id=\"3a3ee4b\" data-element_type=\"column\">\n\t\t\t<div class=\"elementor-widget-wrap elementor-element-populated\">\n\t\t\t\t\t\t<div class=\"elementor-element elementor-element-6e0dbb7 elementor-widget elementor-widget-image\" data-id=\"6e0dbb7\" data-element_type=\"widget\" data-widget_type=\"image.default\">\n\t\t\t\t<div class=\"elementor-widget-container\">\n\t\t\t\t\t\t\t\t\t\t\t\t\t\t\t<img loading=\"lazy\" decoding=\"async\" width=\"975\" height=\"650\" src=\"https:\/\/teknodrom.com.tr\/wp-content\/uploads\/2023\/08\/tesis5.jpg\" class=\"attachment-full size-full wp-image-1347\" alt=\"\" srcset=\"https:\/\/teknodrom.com.tr\/wp-content\/uploads\/2023\/08\/tesis5.jpg 975w, https:\/\/teknodrom.com.tr\/wp-content\/uploads\/2023\/08\/tesis5-300x200.jpg 300w, https:\/\/teknodrom.com.tr\/wp-content\/uploads\/2023\/08\/tesis5-768x512.jpg 768w, https:\/\/teknodrom.com.tr\/wp-content\/uploads\/2023\/08\/tesis5-18x12.jpg 18w\" sizes=\"(max-width: 975px) 100vw, 975px\" \/>\t\t\t\t\t\t\t\t\t\t\t\t\t\t\t<\/div>\n\t\t\t\t<\/div>\n\t\t\t\t<div class=\"elementor-element elementor-element-1075706 elementor-widget elementor-widget-heading\" data-id=\"1075706\" data-element_type=\"widget\" data-widget_type=\"heading.default\">\n\t\t\t\t<div class=\"elementor-widget-container\">\n\t\t\t\t\t<h2 class=\"elementor-heading-title elementor-size-default\">Entegre Lazer Sistemi <\/h2>\t\t\t\t<\/div>\n\t\t\t\t<\/div>\n\t\t\t\t\t<\/div>\n\t\t<\/div>\n\t\t\t\t\t<\/div>\n\t\t<\/section>\n\t\t\t\t<\/div>","protected":false},"excerpt":{"rendered":"<p>Al\u00fcminyum Billet \u00dcretim Tesisimiz Tesisimiz Al\u00fcminyum billet \u00fcretim tesisimiz son teknoloji cihazlardan olu\u015fmaktad\u0131r. Cihazlar\u0131n t\u00fcm kontrolleri paneller ile y\u00f6netilir bu sayede \u00fcretimde hata minimum ger\u00e7ekle\u015fir. Teknodrom\u2019da kaliteli \u00fcretim en \u00f6nemli ayr\u0131cal\u0131\u011f\u0131m\u0131zd\u0131r. \u00dcretiminin ilk a\u015famas\u0131ndan sevkiyata kadar kalite kontrol s\u00fcrecimiz b\u00fcy\u00fck bir \u00f6zenle uygulan\u0131r. 35 Ton Kapasiteli Eritme F\u0131r\u0131n\u0131 Homojenizasyon Tesisi Testere Sistemi F\u0131r\u0131n \u015earj Makinesi [&hellip;]<\/p>","protected":false},"author":1,"featured_media":0,"parent":240,"menu_order":0,"comment_status":"closed","ping_status":"closed","template":"elementor_header_footer","meta":{"footnotes":""},"class_list":["post-1330","page","type-page","status-publish","hentry"],"_links":{"self":[{"href":"https:\/\/teknodrom.com.tr\/de\/wp-json\/wp\/v2\/pages\/1330","targetHints":{"allow":["GET"]}}],"collection":[{"href":"https:\/\/teknodrom.com.tr\/de\/wp-json\/wp\/v2\/pages"}],"about":[{"href":"https:\/\/teknodrom.com.tr\/de\/wp-json\/wp\/v2\/types\/page"}],"author":[{"embeddable":true,"href":"https:\/\/teknodrom.com.tr\/de\/wp-json\/wp\/v2\/users\/1"}],"replies":[{"embeddable":true,"href":"https:\/\/teknodrom.com.tr\/de\/wp-json\/wp\/v2\/comments?post=1330"}],"version-history":[{"count":0,"href":"https:\/\/teknodrom.com.tr\/de\/wp-json\/wp\/v2\/pages\/1330\/revisions"}],"up":[{"embeddable":true,"href":"https:\/\/teknodrom.com.tr\/de\/wp-json\/wp\/v2\/pages\/240"}],"wp:attachment":[{"href":"https:\/\/teknodrom.com.tr\/de\/wp-json\/wp\/v2\/media?parent=1330"}],"curies":[{"name":"wp","href":"https:\/\/api.w.org\/{rel}","templated":true}]}}