{"id":1045,"date":"2023-07-25T02:25:35","date_gmt":"2023-07-25T02:25:35","guid":{"rendered":"https:\/\/hostidex.com\/teknodrom\/?page_id=1045"},"modified":"2023-07-25T02:29:03","modified_gmt":"2023-07-25T02:29:03","slug":"kvkk","status":"publish","type":"page","link":"https:\/\/teknodrom.com.tr\/de\/kvkk\/","title":{"rendered":"KVKK"},"content":{"rendered":"<div data-elementor-type=\"wp-page\" data-elementor-id=\"1045\" class=\"elementor elementor-1045\">\n\t\t\t\t\t\t<section class=\"elementor-section elementor-top-section elementor-element elementor-element-a147f2d elementor-section-height-min-height elementor-section-boxed elementor-section-height-default elementor-section-items-middle\" data-id=\"a147f2d\" data-element_type=\"section\" data-settings=\"{&quot;background_background&quot;:&quot;classic&quot;}\">\n\t\t\t\t\t\t\t<div class=\"elementor-background-overlay\"><\/div>\n\t\t\t\t\t\t\t<div class=\"elementor-container elementor-column-gap-default\">\n\t\t\t\t\t<div class=\"elementor-column elementor-col-100 elementor-top-column elementor-element elementor-element-9ceeb8e\" data-id=\"9ceeb8e\" data-element_type=\"column\">\n\t\t\t<div class=\"elementor-widget-wrap elementor-element-populated\">\n\t\t\t\t\t\t<div class=\"elementor-element elementor-element-68b7420 elementor-widget elementor-widget-heading\" data-id=\"68b7420\" data-element_type=\"widget\" data-widget_type=\"heading.default\">\n\t\t\t\t<div class=\"elementor-widget-container\">\n\t\t\t\t\t<h1 class=\"elementor-heading-title elementor-size-default\">Hakk\u0131m\u0131zda<\/h1>\t\t\t\t<\/div>\n\t\t\t\t<\/div>\n\t\t\t\t\t<\/div>\n\t\t<\/div>\n\t\t\t\t\t<\/div>\n\t\t<\/section>\n\t\t\t\t<section class=\"elementor-section elementor-top-section elementor-element elementor-element-0cdf476 elementor-section-boxed elementor-section-height-default elementor-section-height-default\" data-id=\"0cdf476\" data-element_type=\"section\">\n\t\t\t\t\t\t<div class=\"elementor-container elementor-column-gap-default\">\n\t\t\t\t\t<div class=\"elementor-column elementor-col-16 elementor-top-column elementor-element elementor-element-bafefb9\" data-id=\"bafefb9\" data-element_type=\"column\" data-settings=\"{&quot;background_background&quot;:&quot;classic&quot;}\">\n\t\t\t<div class=\"elementor-widget-wrap elementor-element-populated\">\n\t\t\t\t\t\t<div class=\"elementor-element elementor-element-22fc490 elementor-widget elementor-widget-heading\" data-id=\"22fc490\" data-element_type=\"widget\" data-widget_type=\"heading.default\">\n\t\t\t\t<div class=\"elementor-widget-container\">\n\t\t\t\t\t<h2 class=\"elementor-heading-title elementor-size-default\"><a href=\"https:\/\/teknodrom.com.tr\/de\/hakkimizda\/\">Hakk\u0131m\u0131zda<\/a><\/h2>\t\t\t\t<\/div>\n\t\t\t\t<\/div>\n\t\t\t\t\t<\/div>\n\t\t<\/div>\n\t\t\t\t<div class=\"elementor-column elementor-col-16 elementor-top-column elementor-element elementor-element-16aa8f0\" data-id=\"16aa8f0\" data-element_type=\"column\" data-settings=\"{&quot;background_background&quot;:&quot;classic&quot;}\">\n\t\t\t<div class=\"elementor-widget-wrap elementor-element-populated\">\n\t\t\t\t\t\t<div class=\"elementor-element elementor-element-7e5bf69 elementor-widget elementor-widget-heading\" data-id=\"7e5bf69\" data-element_type=\"widget\" data-widget_type=\"heading.default\">\n\t\t\t\t<div class=\"elementor-widget-container\">\n\t\t\t\t\t<h2 class=\"elementor-heading-title elementor-size-default\"><a href=\"https:\/\/teknodrom.com.tr\/de\/vizyon-misyon\/\">Vizyon \/ Misyon<\/a><\/h2>\t\t\t\t<\/div>\n\t\t\t\t<\/div>\n\t\t\t\t\t<\/div>\n\t\t<\/div>\n\t\t\t\t<div class=\"elementor-column elementor-col-16 elementor-top-column elementor-element elementor-element-e4648a2\" data-id=\"e4648a2\" data-element_type=\"column\" data-settings=\"{&quot;background_background&quot;:&quot;classic&quot;}\">\n\t\t\t<div class=\"elementor-widget-wrap elementor-element-populated\">\n\t\t\t\t\t\t<div class=\"elementor-element elementor-element-9280cab elementor-widget elementor-widget-heading\" data-id=\"9280cab\" data-element_type=\"widget\" data-widget_type=\"heading.default\">\n\t\t\t\t<div class=\"elementor-widget-container\">\n\t\t\t\t\t<h2 class=\"elementor-heading-title elementor-size-default\"><a href=\"https:\/\/teknodrom.com.tr\/de\/tarihce\/\">Tarih\u00e7e<\/a><\/h2>\t\t\t\t<\/div>\n\t\t\t\t<\/div>\n\t\t\t\t\t<\/div>\n\t\t<\/div>\n\t\t\t\t<div class=\"elementor-column elementor-col-16 elementor-top-column elementor-element elementor-element-bef468e\" data-id=\"bef468e\" data-element_type=\"column\" data-settings=\"{&quot;background_background&quot;:&quot;classic&quot;}\">\n\t\t\t<div class=\"elementor-widget-wrap elementor-element-populated\">\n\t\t\t\t\t\t<div class=\"elementor-element elementor-element-cf2d821 elementor-widget elementor-widget-heading\" data-id=\"cf2d821\" data-element_type=\"widget\" data-widget_type=\"heading.default\">\n\t\t\t\t<div class=\"elementor-widget-container\">\n\t\t\t\t\t<h2 class=\"elementor-heading-title elementor-size-default\"><a href=\"https:\/\/teknodrom.com.tr\/de\/yatirim-ve-projeler\/\">Yat\u0131r\u0131m ve Projeler<\/a><\/h2>\t\t\t\t<\/div>\n\t\t\t\t<\/div>\n\t\t\t\t\t<\/div>\n\t\t<\/div>\n\t\t\t\t<div class=\"elementor-column elementor-col-16 elementor-top-column elementor-element elementor-element-9635bd0\" data-id=\"9635bd0\" data-element_type=\"column\" data-settings=\"{&quot;background_background&quot;:&quot;classic&quot;}\">\n\t\t\t<div class=\"elementor-widget-wrap elementor-element-populated\">\n\t\t\t\t\t\t<div class=\"elementor-element elementor-element-ceff4fd elementor-widget elementor-widget-heading\" data-id=\"ceff4fd\" data-element_type=\"widget\" data-widget_type=\"heading.default\">\n\t\t\t\t<div class=\"elementor-widget-container\">\n\t\t\t\t\t<h2 class=\"elementor-heading-title elementor-size-default\"><a href=\"https:\/\/teknodrom.com.tr\/de\/politikalarimiz\/\">Politikalar\u0131m\u0131z<\/a><\/h2>\t\t\t\t<\/div>\n\t\t\t\t<\/div>\n\t\t\t\t\t<\/div>\n\t\t<\/div>\n\t\t\t\t<div class=\"elementor-column elementor-col-16 elementor-top-column elementor-element elementor-element-b9b94f9\" data-id=\"b9b94f9\" data-element_type=\"column\" data-settings=\"{&quot;background_background&quot;:&quot;classic&quot;}\">\n\t\t\t<div class=\"elementor-widget-wrap elementor-element-populated\">\n\t\t\t\t\t\t<div class=\"elementor-element elementor-element-f541b51 elementor-widget elementor-widget-heading\" data-id=\"f541b51\" data-element_type=\"widget\" data-widget_type=\"heading.default\">\n\t\t\t\t<div class=\"elementor-widget-container\">\n\t\t\t\t\t<h2 class=\"elementor-heading-title elementor-size-default\"><a href=\"https:\/\/teknodrom.com.tr\/de\/kvkk\/\">KVKK<\/a><\/h2>\t\t\t\t<\/div>\n\t\t\t\t<\/div>\n\t\t\t\t\t<\/div>\n\t\t<\/div>\n\t\t\t\t\t<\/div>\n\t\t<\/section>\n\t\t\t\t<section class=\"elementor-section elementor-top-section elementor-element elementor-element-108483c elementor-section-boxed elementor-section-height-default elementor-section-height-default\" data-id=\"108483c\" data-element_type=\"section\">\n\t\t\t\t\t\t<div class=\"elementor-container elementor-column-gap-default\">\n\t\t\t\t\t<div class=\"elementor-column elementor-col-100 elementor-top-column elementor-element elementor-element-219e18c\" data-id=\"219e18c\" data-element_type=\"column\">\n\t\t\t<div class=\"elementor-widget-wrap elementor-element-populated\">\n\t\t\t\t\t\t<div class=\"elementor-element elementor-element-f6a6423 elementor-widget elementor-widget-heading\" data-id=\"f6a6423\" data-element_type=\"widget\" data-widget_type=\"heading.default\">\n\t\t\t\t<div class=\"elementor-widget-container\">\n\t\t\t\t\t<h2 class=\"elementor-heading-title elementor-size-default\">KVKK<\/h2>\t\t\t\t<\/div>\n\t\t\t\t<\/div>\n\t\t\t\t<div class=\"elementor-element elementor-element-5d78180 elementor-widget-divider--view-line elementor-widget elementor-widget-divider\" data-id=\"5d78180\" data-element_type=\"widget\" data-widget_type=\"divider.default\">\n\t\t\t\t<div class=\"elementor-widget-container\">\n\t\t\t\t\t\t\t<div class=\"elementor-divider\">\n\t\t\t<span class=\"elementor-divider-separator\">\n\t\t\t\t\t\t<\/span>\n\t\t<\/div>\n\t\t\t\t\t\t<\/div>\n\t\t\t\t<\/div>\n\t\t\t\t<div class=\"elementor-element elementor-element-7cceb62 elementor-widget elementor-widget-text-editor\" data-id=\"7cceb62\" data-element_type=\"widget\" data-widget_type=\"text-editor.default\">\n\t\t\t\t<div class=\"elementor-widget-container\">\n\t\t\t\t\t\t\t\t\t<p>Bu ayd\u0131nlatma metni i\u015flenen ki\u015fisel verilerinizle ilgili bilgilendirme yapmak amac\u0131yla haz\u0131rlanm\u0131\u015f olup sizi herhangi bir y\u00fck\u00fcml\u00fcl\u00fck alt\u0131na sokmamaktad\u0131r.<\/p><p>6698 Say\u0131l\u0131 Ki\u015fisel Verilerin Korunmas\u0131 Kanunu\u2019na (\u201cKanun\u201d) uygun olarak ki\u015fisel verileriniz (kimlik, ileti\u015fim, lokasyon, \u00f6zl\u00fck, hukuki i\u015flem, m\u00fc\u015fteri i\u015flem, finans, fiziksel mek\u00e2n g\u00fcvenli\u011fi, i\u015flem g\u00fcvenli\u011fi, mesleki deneyim, g\u00f6rsel ve i\u015fitsel kay\u0131tlar, haberle\u015fme kay\u0131tlar\u0131, sa\u011fl\u0131k bilgileri ile ceza mahk\u00fbmiyeti ve g\u00fcvenlik tedbirleri) veri sorumlusu s\u0131fat\u0131yla Teknodrom De\u011ferli Madenler Geri D\u00f6n\u00fc\u015f\u00fcm \u0130th. Ve \u0130hr. San. Tic. A.\u015e. (\u201c\u015eirket\u201d) taraf\u0131ndan a\u015fa\u011f\u0131daki ama\u00e7larla i\u015flenmektedir<\/p>\t\t\t\t\t\t\t\t<\/div>\n\t\t\t\t<\/div>\n\t\t\t\t<div class=\"elementor-element elementor-element-8da23a5 elementor-widget elementor-widget-heading\" data-id=\"8da23a5\" data-element_type=\"widget\" data-widget_type=\"heading.default\">\n\t\t\t\t<div class=\"elementor-widget-container\">\n\t\t\t\t\t<h2 class=\"elementor-heading-title elementor-size-default\">S\u00f6zle\u015fme S\u00fcre\u00e7lerinin Y\u00fcr\u00fct\u00fclmesi<\/h2>\t\t\t\t<\/div>\n\t\t\t\t<\/div>\n\t\t\t\t<div class=\"elementor-element elementor-element-48f18bb elementor-widget elementor-widget-text-editor\" data-id=\"48f18bb\" data-element_type=\"widget\" data-widget_type=\"text-editor.default\">\n\t\t\t\t<div class=\"elementor-widget-container\">\n\t\t\t\t\t\t\t\t\t<ul><li>Finans Ve Muhasebe \u0130\u015flerinin Y\u00fcr\u00fct\u00fclmesi<\/li><li>\u00c7al\u0131\u015fan Adaylar\u0131n\u0131n Ba\u015fvuru S\u00fcre\u00e7lerinin Y\u00fcr\u00fct\u00fclmesi<\/li><li>\u00c7al\u0131\u015fan Aday\u0131 \/ Stajyer \/ \u00d6\u011frenci Se\u00e7me Ve Yerle\u015ftirme S\u00fcre\u00e7lerinin Y\u00fcr\u00fct\u00fclmesi<\/li><li>\u0130leti\u015fim Faaliyetlerinin Y\u00fcr\u00fct\u00fclmesi<\/li><li>Faaliyetlerin Mevzuata Uygun Y\u00fcr\u00fct\u00fclmesi<\/li><li>Veri Sorumlusu Operasyonlar\u0131n\u0131n G\u00fcvenli\u011finin Temini<\/li><li>Ta\u015f\u0131n\u0131r Mal Ve Kaynaklar\u0131n G\u00fcvenli\u011finin Temini<\/li><li>\u0130\u015f Faaliyetlerinin Y\u00fcr\u00fct\u00fclmesi \/ Denetimi<\/li><li>\u00c7al\u0131\u015fanlar \u0130\u00e7in Yan Haklar Ve Menfaatleri S\u00fcre\u00e7lerinin Y\u00fcr\u00fct\u00fclmesi<\/li><li>\u00c7al\u0131\u015fanlar \u0130\u00e7in \u0130\u015f Akdi Ve Mevzuattan Kaynakl\u0131 Y\u00fck\u00fcml\u00fcl\u00fcklerin Yerine Getirilmesi<\/li><li>Yetkili Ki\u015fi, Kurum Ve Kurulu\u015flara Bilgi Verilmesi<\/li><li>Talep \/ \u015eikayetlerin Takibi<\/li><li>Hukuk \u0130\u015flerinin Takibi Ve Y\u00fcr\u00fct\u00fclmesi<\/li><li>\u0130\u015f S\u00fcre\u00e7lerinin \u0130yile\u015ftirilmesine Y\u00f6nelik \u00d6nerilerin Al\u0131nmas\u0131 Ve De\u011ferlendirilmesi<\/li><li>Firma \/ \u00dcr\u00fcn \/ Hizmetlere Ba\u011fl\u0131l\u0131k S\u00fcre\u00e7lerinin Y\u00fcr\u00fct\u00fclmesi<\/li><li>Performans De\u011ferlendirme S\u00fcre\u00e7lerinin Y\u00fcr\u00fct\u00fclmesi<\/li><li>G\u00f6revlendirme S\u00fcre\u00e7lerinin Y\u00fcr\u00fct\u00fclmesi<\/li><li>Y\u00f6netim Faaliyetlerinin Y\u00fcr\u00fct\u00fclmesi<\/li><\/ul><p>\u00a0<\/p><p>ama\u00e7lar\u0131yla i\u015flenmektedir.<\/p><p>S\u00f6z konusu ki\u015fisel verileriniz; ki\u015fisel veri i\u015fleme faaliyetinin \u201ckanunlarda a\u00e7\u0131k\u00e7a \u00f6ng\u00f6r\u00fclmesi\u201d, \u201cbir s\u00f6zle\u015fmenin kurulmas\u0131 veya ifas\u0131yla do\u011frudan do\u011fruya ilgili olmas\u0131 kayd\u0131yla s\u00f6zle\u015fmenin taraflar\u0131na ait ki\u015fisel verilerin i\u015flenmesinin gerekli olmas\u0131\u201d, \u201c\u015eirket\u2019in hukuki y\u00fck\u00fcml\u00fcl\u00fc\u011f\u00fcn\u00fc yerine getirebilmesi i\u00e7in zorunlu olmas\u0131\u201d; \u201cbir hakk\u0131n tesisi, kullan\u0131lmas\u0131 veya korunmas\u0131 i\u00e7in zorunlu olmas\u0131\u201d; \u201cilgili ki\u015filerin temel hak ve \u00f6zg\u00fcrl\u00fcklerine zarar vermemek kayd\u0131yla \u015eirket\u2019in me\u015fru menfaatleri i\u00e7in zorunlu olmas\u0131\u201d hukuki sebeplerinden birine yahut a\u00e7\u0131k r\u0131zan\u0131za dayal\u0131 olarak personel bilgi formlar\u0131, i\u015fe giri\u015fte ve i\u015fe girdikten sonra ibraz edilen muhtelif belgeler, i\u015f emri formlar\u0131, manyetik kart okuyucular\u0131, \u015eirket\u2019in hizmet verdi\u011fi yahut hizmet ald\u0131\u011f\u0131 ki\u015fi\/kurulu\u015flar ile i\u015f ortaklar\u0131, hizmet\/\u00fcr\u00fcn tedarik etti\u011fi firmalar ve grup \u015firketleri gibi \u00fc\u00e7\u00fcnc\u00fc ki\u015filer, yetkili kurum ve kurulu\u015flar, istihdam \u015firketleri, i\u015f arama portallar\u0131, \u015eirket internet sitesi, \u015eirket\u2019in kurumsal ileti\u015fim hesaplar\u0131, bili\u015fim sistemleri ve cihazlar\u0131 ile GPS, OGS, ta\u015f\u0131t tan\u0131ma vb. sistemler kanal\u0131yla toplanmaktad\u0131r.<\/p><p>\u00a0<\/p><p><strong>Ki\u015fisel verileriniz;<\/strong><\/p><ul><li>S\u00f6zle\u015fme S\u00fcre\u00e7lerinin Y\u00fcr\u00fct\u00fclmesi<\/li><li>Finans Ve Muhasebe \u0130\u015flerinin Y\u00fcr\u00fct\u00fclmesi<\/li><li>\u0130leti\u015fim Faaliyetlerinin Y\u00fcr\u00fct\u00fclmesi<\/li><li>Faaliyetlerin Mevzuata Uygun Y\u00fcr\u00fct\u00fclmesi<\/li><li>Veri Sorumlusu Operasyonlar\u0131n\u0131n G\u00fcvenli\u011finin Temini<\/li><li>Ta\u015f\u0131n\u0131r Mal Ve Kaynaklar\u0131n G\u00fcvenli\u011finin Temini<\/li><li>\u0130\u015f Faaliyetlerinin Y\u00fcr\u00fct\u00fclmesi \/ Denetimi<\/li><li>\u00c7al\u0131\u015fanlar \u0130\u00e7in Yan Haklar Ve Menfaatleri S\u00fcre\u00e7lerinin Y\u00fcr\u00fct\u00fclmesi<\/li><li>\u00c7al\u0131\u015fanlar \u0130\u00e7in \u0130\u015f Akdi Ve Mevzuattan Kaynakl\u0131 Y\u00fck\u00fcml\u00fcl\u00fcklerin Yerine Getirilmesi<\/li><li>Yetkili Ki\u015fi, Kurum Ve Kurulu\u015flara Bilgi Verilmesi<\/li><li>Talep \/ \u015eikayetlerin Takibi<\/li><li>Hukuk \u0130\u015flerinin Takibi Ve Y\u00fcr\u00fct\u00fclmesi<\/li><li>\u0130\u015f S\u00fcre\u00e7lerinin \u0130yile\u015ftirilmesine Y\u00f6nelik \u00d6nerilerin Al\u0131nmas\u0131 Ve De\u011ferlendirilmesi<\/li><li>Performans De\u011ferlendirme S\u00fcre\u00e7lerinin Y\u00fcr\u00fct\u00fclmesi<\/li><li>G\u00f6revlendirme S\u00fcre\u00e7lerinin Y\u00fcr\u00fct\u00fclmesi<\/li><li>Y\u00f6netim Faaliyetlerinin Y\u00fcr\u00fct\u00fclmesi<\/li><\/ul><p>\u00a0<\/p><p>ama\u00e7lar\u0131yla ve yaln\u0131zca ilgili ama\u00e7lar\u0131n ger\u00e7ekle\u015ftirilmesi i\u00e7in gerekli olan verilerle s\u0131n\u0131rl\u0131 olarak; yetkili ki\u015fi, kurum ve kurulu\u015flara (SGK, \u0130\u015eKUR, Maliye Bakanl\u0131\u011f\u0131-Vergi Daireleri, Avukatlar, Acenteler, Hizmet Al\u0131nan Kurum-Kurulu\u015f-\u0130\u015f Ortaklar\u0131 vb.) aktar\u0131labilmektedir.<\/p><p>\u015eirketimizin bina ve tesislerinde fiziksel mek\u00e2n g\u00fcvenli\u011finin temini ve denetim faaliyetlerinin y\u00fcr\u00fct\u00fclmesi amac\u0131yla giri\u015f-\u00e7\u0131k\u0131\u015flar kay\u0131t alt\u0131na al\u0131nmakta ve ortak alanlarda kamerayla izleme yap\u0131lmaktad\u0131r. Kamerayla izleme yap\u0131lan alanlarda buna ili\u015fkin bilgilendirmeler bulunmaktad\u0131r.<\/p><p>\u00c7al\u0131\u015fanlara tahsis edilen elektronik posta adresi, telefon ve bilgisayarlar gibi cihazlar ile ileti\u015fim\/bili\u015fim sistemleri kullan\u0131larak yap\u0131lan i\u015flem ve haberle\u015fmelere ait her t\u00fcrl\u00fc i\u00e7erik ve bu cihaz ve sistemler \u00fczerinden olu\u015fturulan her t\u00fcrl\u00fc veri \u015eirket taraf\u0131ndan \u00f6nceden bilgi ve haber verilmeksizin i\u015f faaliyetlerinin denetimi, bilgi g\u00fcvenli\u011fi s\u00fcre\u00e7lerinin y\u00fcr\u00fct\u00fclmesi ve denetim faaliyetlerinin y\u00fcr\u00fct\u00fclmesi amac\u0131yla denetlenebilmekte, takip edilebilmekte, kaydedilebilmekte ve incelenebilmektedir.<\/p><p>\u015eirket ara\u00e7lar\u0131nda bulunabilen GPS, OGS, TTS vb. sistemler kanal\u0131yla lokasyon verileri elde edilebilmekte ve bu veriler i\u015f faaliyetlerinin y\u00fcr\u00fct\u00fclmesi\/denetimi ile ta\u015f\u0131n\u0131r mal ve kaynaklar\u0131n g\u00fcvenli\u011finin temini amac\u0131yla i\u015flenebilmektedir.<\/p><p>Birtak\u0131m ki\u015fisel veriler i\u015f ak\u0131\u015f\u0131n\u0131n sistemli ve d\u00fczenli bir \u015fekilde sa\u011flanabilmesi i\u00e7in \u015firket i\u00e7erisinde alenile\u015ftirilebilmektedir. (organizasyon \u015femas\u0131 ve vardiya listeleri gibi)<\/p><p>Kurulu\u015f organizasyonu i\u00e7in d\u00fczenlenen baz\u0131 dok\u00fcmanlarda \u00e7al\u0131\u015fanlar\u0131n g\u00f6rev almas\u0131 durumunda ki\u015fisel verilerinin bu dok\u00fcmanlara eklenmek suretiyle i\u015flenebilmektedir.<\/p><p>\u00c7al\u0131\u015fanlar\u0131n i\u015fi gere\u011fi yapaca\u011f\u0131 seyahat, konaklama, ula\u015f\u0131m, harcama gibi ki\u015fisel veriler \u015firket taraf\u0131ndan organize edilerek bu kay\u0131tlar belirli bir s\u00fcre kay\u0131t alt\u0131nda tutulabilmektedir.<\/p><p>Kurulu\u015f i\u00e7erisinde olu\u015fturulan kurallar ve yasal y\u00fck\u00fcml\u00fcl\u00fckler kapsam\u0131nda \u00e7al\u0131\u015fanlar takip edebilmekte ve kurallara ayk\u0131r\u0131 davran\u0131\u015flar kay\u0131t alt\u0131na al\u0131nabilmektedir.<\/p><p>5651 s. Yasa kapsam\u0131nda ki\u015filerin kurulu\u015fun sistemi kulland\u0131\u011f\u0131 her alanda log kay\u0131tlar\u0131 tutulmakta ve denetlenmektedir.<\/p><p>\u0130\u015fe al\u0131m a\u015famas\u0131nda \u00e7al\u0131\u015fanlardan toplanan dok\u00fcmanlar \u0130\u015f Kanunu ve Sosyal G\u00fcvenlik Kanunu uyar\u0131nca zorunlu dok\u00fcmanlardand\u0131r.<\/p><p>\u0130\u015flenen ki\u015fisel veriler yasal s\u00fcrelere uygun olarak saklan\u0131p s\u00fcresi sonunda imha edilmektedir.<\/p><p>\u0130lgili ki\u015fi (ki\u015fisel verisi i\u015flenen ger\u00e7ek ki\u015fi) olarak Kanunun 11 inci maddesinde say\u0131lan haklar\u0131n\u0131z \u015funlard\u0131r:<\/p><ul><li>Ki\u015fisel verilerinizin i\u015flenip i\u015flenmedi\u011fini \u00f6\u011frenme,<\/li><li>Ki\u015fisel verileriniz i\u015flenmi\u015fse buna ili\u015fkin bilgi talep etme,<\/li><li>Ki\u015fisel verilerinizin i\u015flenme amac\u0131n\u0131 ve bunlar\u0131n amac\u0131na uygun kullan\u0131l\u0131p kullan\u0131lmad\u0131\u011f\u0131n\u0131 \u00f6\u011frenme,<\/li><li>Yurt i\u00e7inde veya yurt d\u0131\u015f\u0131nda ki\u015fisel verilerinizin aktar\u0131ld\u0131\u011f\u0131 \u00fc\u00e7\u00fcnc\u00fc ki\u015fileri bilme,<\/li><li>Ki\u015fisel verilerinizin eksik veya yanl\u0131\u015f i\u015flenmi\u015f olmas\u0131 h\u00e2linde bunlar\u0131n d\u00fczeltilmesini isteme,<\/li><li>Ki\u015fisel verilerinizin silinmesini veya yok edilmesini isteme,<\/li><li>D\u00fczeltme, silme ve yok etme i\u015flemlerinin, ki\u015fisel verilerinizin aktar\u0131ld\u0131\u011f\u0131 \u00fc\u00e7\u00fcnc\u00fc ki\u015filere bildirilmesini isteme,<\/li><li>\u0130\u015flenen verilerin m\u00fcnhas\u0131ran otomatik sistemler vas\u0131tas\u0131yla analiz edilmesi suretiyle aleyhinize bir sonucun ortaya \u00e7\u0131kmas\u0131na itiraz etme,<\/li><li>Ki\u015fisel verilerinizin kanuna ayk\u0131r\u0131 olarak i\u015flenmesi sebebiyle zarara u\u011framan\u0131z h\u00e2linde zarar\u0131n giderilmesini talep etme.<\/li><\/ul><p>\u00a0<\/p><p>\u0130lgili ki\u015fi ba\u015fvuru formumuzu kullanarak haklar\u0131n\u0131z\u0131 kullanabilirsiniz.<\/p>\t\t\t\t\t\t\t\t<\/div>\n\t\t\t\t<\/div>\n\t\t\t\t\t<\/div>\n\t\t<\/div>\n\t\t\t\t\t<\/div>\n\t\t<\/section>\n\t\t\t\t<\/div>","protected":false},"excerpt":{"rendered":"<p>Hakk\u0131m\u0131zda Vizyon \/ Misyon Tarih\u00e7e Yat\u0131r\u0131m ve Projeler Politikalar\u0131m\u0131z KVKK KVKK Bu ayd\u0131nlatma metni i\u015flenen ki\u015fisel verilerinizle ilgili bilgilendirme yapmak amac\u0131yla haz\u0131rlanm\u0131\u015f olup sizi herhangi bir y\u00fck\u00fcml\u00fcl\u00fck alt\u0131na sokmamaktad\u0131r. 6698 Say\u0131l\u0131 Ki\u015fisel Verilerin Korunmas\u0131 Kanunu\u2019na (\u201cKanun\u201d) uygun olarak ki\u015fisel verileriniz (kimlik, ileti\u015fim, lokasyon, \u00f6zl\u00fck, hukuki i\u015flem, m\u00fc\u015fteri i\u015flem, finans, fiziksel mek\u00e2n g\u00fcvenli\u011fi, i\u015flem g\u00fcvenli\u011fi, mesleki [&hellip;]<\/p>","protected":false},"author":1,"featured_media":0,"parent":0,"menu_order":0,"comment_status":"closed","ping_status":"closed","template":"elementor_header_footer","meta":{"footnotes":""},"class_list":["post-1045","page","type-page","status-publish","hentry"],"_links":{"self":[{"href":"https:\/\/teknodrom.com.tr\/de\/wp-json\/wp\/v2\/pages\/1045","targetHints":{"allow":["GET"]}}],"collection":[{"href":"https:\/\/teknodrom.com.tr\/de\/wp-json\/wp\/v2\/pages"}],"about":[{"href":"https:\/\/teknodrom.com.tr\/de\/wp-json\/wp\/v2\/types\/page"}],"author":[{"embeddable":true,"href":"https:\/\/teknodrom.com.tr\/de\/wp-json\/wp\/v2\/users\/1"}],"replies":[{"embeddable":true,"href":"https:\/\/teknodrom.com.tr\/de\/wp-json\/wp\/v2\/comments?post=1045"}],"version-history":[{"count":0,"href":"https:\/\/teknodrom.com.tr\/de\/wp-json\/wp\/v2\/pages\/1045\/revisions"}],"wp:attachment":[{"href":"https:\/\/teknodrom.com.tr\/de\/wp-json\/wp\/v2\/media?parent=1045"}],"curies":[{"name":"wp","href":"https:\/\/api.w.org\/{rel}","templated":true}]}}