{"id":58,"date":"2023-04-30T18:56:21","date_gmt":"2023-04-30T18:56:21","guid":{"rendered":"https:\/\/hostidex.com\/teknodrom\/?page_id=58"},"modified":"2023-05-05T00:18:59","modified_gmt":"2023-05-05T00:18:59","slug":"anasayfa","status":"publish","type":"page","link":"https:\/\/teknodrom.com.tr\/ar\/anasayfa\/","title":{"rendered":"Anasayfa"},"content":{"rendered":"<div data-elementor-type=\"wp-page\" data-elementor-id=\"58\" class=\"elementor elementor-58\">\n\t\t\t\t\t\t<section class=\"elementor-section elementor-top-section elementor-element elementor-element-b0b72fe elementor-section-full_width elementor-section-height-default elementor-section-height-default\" data-id=\"b0b72fe\" data-element_type=\"section\">\n\t\t\t\t\t\t<div class=\"elementor-container elementor-column-gap-no\">\n\t\t\t\t\t<div class=\"elementor-column elementor-col-100 elementor-top-column elementor-element elementor-element-f9c3a79\" data-id=\"f9c3a79\" data-element_type=\"column\">\n\t\t\t<div class=\"elementor-widget-wrap\">\n\t\t\t\t\t\t\t<\/div>\n\t\t<\/div>\n\t\t\t\t\t<\/div>\n\t\t<\/section>\n\t\t\t\t<section class=\"elementor-section elementor-top-section elementor-element elementor-element-30d098e elementor-section-boxed elementor-section-height-default elementor-section-height-default\" data-id=\"30d098e\" data-element_type=\"section\" data-settings=\"{&quot;background_background&quot;:&quot;classic&quot;}\">\n\t\t\t\t\t\t<div class=\"elementor-container elementor-column-gap-default\">\n\t\t\t\t\t<div class=\"elementor-column elementor-col-100 elementor-top-column elementor-element elementor-element-b081fa7\" data-id=\"b081fa7\" data-element_type=\"column\">\n\t\t\t<div class=\"elementor-widget-wrap elementor-element-populated\">\n\t\t\t\t\t\t<div class=\"elementor-element elementor-element-c57f4cb elementor-widget elementor-widget-heading\" data-id=\"c57f4cb\" data-element_type=\"widget\" data-widget_type=\"heading.default\">\n\t\t\t\t<div class=\"elementor-widget-container\">\n\t\t\t\t\t<h2 class=\"elementor-heading-title elementor-size-default\">Sekt\u00f6rlerimiz<\/h2>\t\t\t\t<\/div>\n\t\t\t\t<\/div>\n\t\t\t\t<section class=\"elementor-section elementor-inner-section elementor-element elementor-element-95abd2c elementor-section-full_width elementor-section-height-default elementor-section-height-default\" data-id=\"95abd2c\" data-element_type=\"section\">\n\t\t\t\t\t\t<div class=\"elementor-container elementor-column-gap-default\">\n\t\t\t\t\t<div class=\"elementor-column elementor-col-50 elementor-inner-column elementor-element elementor-element-64c35de\" data-id=\"64c35de\" data-element_type=\"column\">\n\t\t\t<div class=\"elementor-widget-wrap elementor-element-populated\">\n\t\t\t\t\t\t<div class=\"elementor-element elementor-element-2b08b1c elementor-widget elementor-widget-ucaddon_hover_text_reveal_content_box\" data-id=\"2b08b1c\" data-element_type=\"widget\" data-widget_type=\"ucaddon_hover_text_reveal_content_box.default\">\n\t\t\t\t<div class=\"elementor-widget-container\">\n\t\t\t\t\t\n<!-- start Content Box Hover Text Reveal -->\n<style>\/* widget: Content Box Hover Text Reveal *\/\n\n.uc_long_content_box {\n\toverflow:hidden;\n}\n.uc_long_content_box *{\n\tbox-sizing: border-box;\n}\n#uc_hover_text_reveal_content_box_elementor_2b08b1c .uc_long_content_box_holder{\n\tposition: relative;\n    text-align:left;\n    overflow:hidden;\n}\n#uc_hover_text_reveal_content_box_elementor_2b08b1c .uc_long_content_box_holder .uc_long_content_box_box{\n\tposition: relative;\n}\n\n#uc_hover_text_reveal_content_box_elementor_2b08b1c .uc_long_content_box_holder .uc_long_content_box_box .uc_image_box{\n\tposition: relative;\n\tbackground-size: cover !important;\n\tbackground-repeat: no-repeat !important;\n\tbackground-position: center center !important;\n\twidth: 100%;\n    background-blend-mode:normal;\n}\n\n#uc_hover_text_reveal_content_box_elementor_2b08b1c .uc_long_content_box_holder .uc_long_content_box_box .uc_overlay{\n\tposition: absolute;\n\tleft: 0;\n\ttop: 0;\n    right:0;\n    bottom:0;\n\twidth: 100%;\n\theight: 100%;\n\tz-index: 2;\n  transition:1s;\n}\n\n#uc_hover_text_reveal_content_box_elementor_2b08b1c .uc_long_content_box_holder .uc_long_content_box_box .uc_box_content{\n\tleft: 0;\n    bottom: 0;\n    position: absolute;\n    margin: 0;\n    width: 100%;\n\tz-index: 3;\n\toverflow: hidden;\n\tdisplay: flex;\n    height: 100%;\n    flex-direction: column;\n    justify-content: flex-end;\n}\n\n#uc_hover_text_reveal_content_box_elementor_2b08b1c .uc_long_content_box_holder .uc_long_content_box_box .uc_box_content .uc_title{\n  transition:0.5s;\t\n}\n\n#uc_hover_text_reveal_content_box_elementor_2b08b1c .uc_long_content_box_holder .uc_long_content_box_box .uc_box_content {\n  transition:0.5s;\n  transform: translateY(10px);\n}\n.uc_title\n{\n    font-weight: 400;\n\tfont-size: 22px;\n}\n#uc_hover_text_reveal_content_box_elementor_2b08b1c .uc_long_content_box_holder:hover .uc_long_content_box_box .uc_box_content .uc_title{\n  transform: translateY(-10px);\t\n}\n#uc_hover_text_reveal_content_box_elementor_2b08b1c .uc_long_content_box_holder .uc_long_content_box_box .uc_box_content .uc_hidden_content{\n\toverflow: hidden;\n    transform: scaleY(0);\n    transform-origin: bottom;\n  transition:0.5s;\n    max-height: 0;\n\topacity: 0;\n}\n#uc_hover_text_reveal_content_box_elementor_2b08b1c .uc_long_content_box_holder:hover .uc_long_content_box_box .uc_box_content .uc_hidden_content{\n    max-height: 100%;\n    transform: scaleY(1);\n    overflow: visible;\n\topacity: 1;\n\t\n}\n\n.uc_box_content .uc_description{\n\tcolor: #fff;\n}\n#uc_hover_text_reveal_content_box_elementor_2b08b1c .uc_long_content_box_holder .uc_long_content_box_box .uc_box_content .uc_btn{\n\ttext-decoration: none;\n\tdisplay: inline-block;\n    text-align:center;\n  transition:0.5s;\n}\n\n<\/style>\n\n<div class=\"uc_long_content_box\" id=\"uc_hover_text_reveal_content_box_elementor_2b08b1c\">\n\t\t<div class=\"uc_long_content_box_holder\">\n\t\t\t<a href=\"#\">\n\t\t\t<div class=\"uc_long_content_box_box\">\n\t\t\t\t<div class=\"uc_image_box\" style=\" background-image: url(https:\/\/teknodrom.com.tr\/wp-content\/uploads\/2023\/04\/aluminyumbillet.jpg);\"><\/div>\n\t\t\t\t<div class=\"uc_overlay\" ><\/div>\n\t\t\t\t<div class=\"uc_box_content\">\n\t\t\t\t\t<div class=\"uc_title\">Planning<\/div>\t\t\t\t\t<div class=\"uc_hidden_content\">\n\t\t\t\t\t\t<div class=\"uc_description\">Leather detail shoulder contrastic colour contour stunning silhouette working peplum.<\/div>\t\t\t\t\t\t<a  href=\"#\" class=\"uc_btn\" >Learn More<\/a>                        \t\t\t\t\t<\/div>\n\t\t\t\t<\/div>\n\t\t\t<\/div>\n          <\/a>\n\t\t<\/div>\n    <\/div>\n<!-- end Content Box Hover Text Reveal -->\t\t\t\t<\/div>\n\t\t\t\t<\/div>\n\t\t\t\t\t<\/div>\n\t\t<\/div>\n\t\t\t\t<div class=\"elementor-column elementor-col-50 elementor-inner-column elementor-element elementor-element-fdf70bd\" data-id=\"fdf70bd\" data-element_type=\"column\">\n\t\t\t<div class=\"elementor-widget-wrap elementor-element-populated\">\n\t\t\t\t\t\t<div class=\"elementor-element elementor-element-f688eef elementor-widget elementor-widget-ucaddon_hover_text_reveal_content_box\" data-id=\"f688eef\" data-element_type=\"widget\" data-widget_type=\"ucaddon_hover_text_reveal_content_box.default\">\n\t\t\t\t<div class=\"elementor-widget-container\">\n\t\t\t\t\t\n<!-- start Content Box Hover Text Reveal -->\n<style>\/* widget: Content Box Hover Text Reveal *\/\n\n.uc_long_content_box {\n\toverflow:hidden;\n}\n.uc_long_content_box *{\n\tbox-sizing: border-box;\n}\n#uc_hover_text_reveal_content_box_elementor_f688eef .uc_long_content_box_holder{\n\tposition: relative;\n    text-align:left;\n    overflow:hidden;\n}\n#uc_hover_text_reveal_content_box_elementor_f688eef .uc_long_content_box_holder .uc_long_content_box_box{\n\tposition: relative;\n}\n\n#uc_hover_text_reveal_content_box_elementor_f688eef .uc_long_content_box_holder .uc_long_content_box_box .uc_image_box{\n\tposition: relative;\n\tbackground-size: cover !important;\n\tbackground-repeat: no-repeat !important;\n\tbackground-position: center center !important;\n\twidth: 100%;\n    background-blend-mode:normal;\n}\n\n#uc_hover_text_reveal_content_box_elementor_f688eef .uc_long_content_box_holder .uc_long_content_box_box .uc_overlay{\n\tposition: absolute;\n\tleft: 0;\n\ttop: 0;\n    right:0;\n    bottom:0;\n\twidth: 100%;\n\theight: 100%;\n\tz-index: 2;\n  transition:1s;\n}\n\n#uc_hover_text_reveal_content_box_elementor_f688eef .uc_long_content_box_holder .uc_long_content_box_box .uc_box_content{\n\tleft: 0;\n    bottom: 0;\n    position: absolute;\n    margin: 0;\n    width: 100%;\n\tz-index: 3;\n\toverflow: hidden;\n\tdisplay: flex;\n    height: 100%;\n    flex-direction: column;\n    justify-content: flex-end;\n}\n\n#uc_hover_text_reveal_content_box_elementor_f688eef .uc_long_content_box_holder .uc_long_content_box_box .uc_box_content .uc_title{\n  transition:0.5s;\t\n}\n\n#uc_hover_text_reveal_content_box_elementor_f688eef .uc_long_content_box_holder .uc_long_content_box_box .uc_box_content {\n  transition:0.5s;\n  transform: translateY(10px);\n}\n.uc_title\n{\n    font-weight: 400;\n\tfont-size: 22px;\n}\n#uc_hover_text_reveal_content_box_elementor_f688eef .uc_long_content_box_holder:hover .uc_long_content_box_box .uc_box_content .uc_title{\n  transform: translateY(-10px);\t\n}\n#uc_hover_text_reveal_content_box_elementor_f688eef .uc_long_content_box_holder .uc_long_content_box_box .uc_box_content .uc_hidden_content{\n\toverflow: hidden;\n    transform: scaleY(0);\n    transform-origin: bottom;\n  transition:0.5s;\n    max-height: 0;\n\topacity: 0;\n}\n#uc_hover_text_reveal_content_box_elementor_f688eef .uc_long_content_box_holder:hover .uc_long_content_box_box .uc_box_content .uc_hidden_content{\n    max-height: 100%;\n    transform: scaleY(1);\n    overflow: visible;\n\topacity: 1;\n\t\n}\n\n.uc_box_content .uc_description{\n\tcolor: #fff;\n}\n#uc_hover_text_reveal_content_box_elementor_f688eef .uc_long_content_box_holder .uc_long_content_box_box .uc_box_content .uc_btn{\n\ttext-decoration: none;\n\tdisplay: inline-block;\n    text-align:center;\n  transition:0.5s;\n}\n\n<\/style>\n\n<div class=\"uc_long_content_box\" id=\"uc_hover_text_reveal_content_box_elementor_f688eef\">\n\t\t<div class=\"uc_long_content_box_holder\">\n\t\t\t<a href=\"#\">\n\t\t\t<div class=\"uc_long_content_box_box\">\n\t\t\t\t<div class=\"uc_image_box\" style=\" background-image: url(https:\/\/teknodrom.com.tr\/wp-content\/uploads\/2023\/04\/aluminyumbillet.jpg);\"><\/div>\n\t\t\t\t<div class=\"uc_overlay\" ><\/div>\n\t\t\t\t<div class=\"uc_box_content\">\n\t\t\t\t\t<div class=\"uc_title\">Planning<\/div>\t\t\t\t\t<div class=\"uc_hidden_content\">\n\t\t\t\t\t\t<div class=\"uc_description\">Leather detail shoulder contrastic colour contour stunning silhouette working peplum.<\/div>\t\t\t\t\t\t<a  href=\"#\" class=\"uc_btn\" >Learn More<\/a>                        \t\t\t\t\t<\/div>\n\t\t\t\t<\/div>\n\t\t\t<\/div>\n          <\/a>\n\t\t<\/div>\n    <\/div>\n<!-- end Content Box Hover Text Reveal -->\t\t\t\t<\/div>\n\t\t\t\t<\/div>\n\t\t\t\t\t<\/div>\n\t\t<\/div>\n\t\t\t\t\t<\/div>\n\t\t<\/section>\n\t\t\t\t\t<\/div>\n\t\t<\/div>\n\t\t\t\t\t<\/div>\n\t\t<\/section>\n\t\t\t\t<\/div>","protected":false},"excerpt":{"rendered":"<p>Edit Content Do\u011fay\u0131 Korumaya Ba\u015fla E-at\u0131klar\u0131n\u0131z\u0131 bize g\u00f6nderin, siz de do\u011fan\u0131n kirlenmesine engel olun. Teknodrom olarak t\u00fcm e-at\u0131k \u00fcr\u00fcnlerini ayr\u0131\u015ft\u0131r\u0131yor ve rafine ediyoruz. Edit Content Click on the Edit Content button to edit\/add the content. Sekt\u00f6rlerimiz Planning Leather detail shoulder contrastic colour contour stunning silhouette working peplum. Learn More Planning Leather detail shoulder contrastic colour [&hellip;]<\/p>","protected":false},"author":1,"featured_media":0,"parent":0,"menu_order":0,"comment_status":"closed","ping_status":"closed","template":"elementor_header_footer","meta":{"footnotes":""},"class_list":["post-58","page","type-page","status-publish","hentry"],"_links":{"self":[{"href":"https:\/\/teknodrom.com.tr\/ar\/wp-json\/wp\/v2\/pages\/58","targetHints":{"allow":["GET"]}}],"collection":[{"href":"https:\/\/teknodrom.com.tr\/ar\/wp-json\/wp\/v2\/pages"}],"about":[{"href":"https:\/\/teknodrom.com.tr\/ar\/wp-json\/wp\/v2\/types\/page"}],"author":[{"embeddable":true,"href":"https:\/\/teknodrom.com.tr\/ar\/wp-json\/wp\/v2\/users\/1"}],"replies":[{"embeddable":true,"href":"https:\/\/teknodrom.com.tr\/ar\/wp-json\/wp\/v2\/comments?post=58"}],"version-history":[{"count":0,"href":"https:\/\/teknodrom.com.tr\/ar\/wp-json\/wp\/v2\/pages\/58\/revisions"}],"wp:attachment":[{"href":"https:\/\/teknodrom.com.tr\/ar\/wp-json\/wp\/v2\/media?parent=58"}],"curies":[{"name":"wp","href":"https:\/\/api.w.org\/{rel}","templated":true}]}}