{"id":240,"date":"2023-05-31T09:28:25","date_gmt":"2023-05-31T09:28:25","guid":{"rendered":"https:\/\/hostidex.com\/teknodrom\/?page_id=240"},"modified":"2023-10-19T22:50:01","modified_gmt":"2023-10-19T22:50:01","slug":"aluminyum-billet","status":"publish","type":"page","link":"https:\/\/teknodrom.com.tr\/ar\/aluminyum-billet\/","title":{"rendered":"Al\u00fcminyum Billet"},"content":{"rendered":"<div data-elementor-type=\"wp-page\" data-elementor-id=\"240\" class=\"elementor elementor-240\">\n\t\t\t\t\t\t<section class=\"elementor-section elementor-top-section elementor-element elementor-element-bee48f0 elementor-section-height-min-height elementor-section-boxed elementor-section-height-default elementor-section-items-middle\" data-id=\"bee48f0\" data-element_type=\"section\" data-settings=\"{&quot;background_background&quot;:&quot;slideshow&quot;,&quot;background_slideshow_gallery&quot;:[{&quot;id&quot;:1954,&quot;url&quot;:&quot;https:\\\/\\\/teknodrom.com.tr\\\/wp-content\\\/uploads\\\/2023\\\/10\\\/B-22-scaled.jpg&quot;},{&quot;id&quot;:1928,&quot;url&quot;:&quot;https:\\\/\\\/teknodrom.com.tr\\\/wp-content\\\/uploads\\\/2023\\\/10\\\/B-117-scaled-e1696933757191.jpg&quot;},{&quot;id&quot;:1883,&quot;url&quot;:&quot;https:\\\/\\\/teknodrom.com.tr\\\/wp-content\\\/uploads\\\/2023\\\/10\\\/B-7-scaled.jpg&quot;},{&quot;id&quot;:1956,&quot;url&quot;:&quot;https:\\\/\\\/teknodrom.com.tr\\\/wp-content\\\/uploads\\\/2023\\\/10\\\/B-72-scaled.jpg&quot;}],&quot;background_slideshow_loop&quot;:&quot;yes&quot;,&quot;background_slideshow_slide_duration&quot;:5000,&quot;background_slideshow_slide_transition&quot;:&quot;fade&quot;,&quot;background_slideshow_transition_duration&quot;:500}\">\n\t\t\t\t\t\t\t<div class=\"elementor-background-overlay\"><\/div>\n\t\t\t\t\t\t\t<div class=\"elementor-container elementor-column-gap-no\">\n\t\t\t\t\t<div class=\"elementor-column elementor-col-100 elementor-top-column elementor-element elementor-element-4bc9e2b\" data-id=\"4bc9e2b\" data-element_type=\"column\">\n\t\t\t<div class=\"elementor-widget-wrap elementor-element-populated\">\n\t\t\t\t\t\t<div class=\"elementor-element elementor-element-3633b93 elementor-widget elementor-widget-heading\" data-id=\"3633b93\" data-element_type=\"widget\" data-widget_type=\"heading.default\">\n\t\t\t\t<div class=\"elementor-widget-container\">\n\t\t\t\t\t<h2 class=\"elementor-heading-title elementor-size-default\">AL\u00dcM\u0130NYUMA DE\u011eER KATIYORUZ<\/h2>\t\t\t\t<\/div>\n\t\t\t\t<\/div>\n\t\t\t\t\t<\/div>\n\t\t<\/div>\n\t\t\t\t\t<\/div>\n\t\t<\/section>\n\t\t\t\t<section class=\"elementor-section elementor-top-section elementor-element elementor-element-9dd6219 elementor-section-boxed elementor-section-height-default elementor-section-height-default\" data-id=\"9dd6219\" data-element_type=\"section\">\n\t\t\t\t\t\t<div class=\"elementor-container elementor-column-gap-default\">\n\t\t\t\t\t<div class=\"elementor-column elementor-col-50 elementor-top-column elementor-element elementor-element-bc1d6dd elementor-invisible\" data-id=\"bc1d6dd\" data-element_type=\"column\" data-settings=\"{&quot;animation&quot;:&quot;slideInLeft&quot;}\">\n\t\t\t<div class=\"elementor-widget-wrap elementor-element-populated\">\n\t\t\t\t\t\t<div class=\"elementor-element elementor-element-181d98a elementor-widget elementor-widget-video\" data-id=\"181d98a\" data-element_type=\"widget\" data-settings=\"{&quot;youtube_url&quot;:&quot;https:\\\/\\\/www.youtube.com\\\/watch?v=Ud_I0DVxLCI&quot;,&quot;autoplay&quot;:&quot;yes&quot;,&quot;show_image_overlay&quot;:&quot;yes&quot;,&quot;image_overlay&quot;:{&quot;url&quot;:&quot;https:\\\/\\\/teknodrom.com.tr\\\/wp-content\\\/uploads\\\/2023\\\/10\\\/B-22-scaled.jpg&quot;,&quot;id&quot;:1954,&quot;size&quot;:&quot;&quot;,&quot;alt&quot;:&quot;&quot;,&quot;source&quot;:&quot;library&quot;},&quot;video_type&quot;:&quot;youtube&quot;,&quot;controls&quot;:&quot;yes&quot;}\" data-widget_type=\"video.default\">\n\t\t\t\t<div class=\"elementor-widget-container\">\n\t\t\t\t\t\t\t<div class=\"elementor-wrapper elementor-open-inline\">\n\t\t\t<div class=\"elementor-video\"><\/div>\t\t\t\t<div class=\"elementor-custom-embed-image-overlay\" style=\"background-image: url(https:\/\/teknodrom.com.tr\/wp-content\/uploads\/2023\/10\/B-22-scaled.jpg);\">\n\t\t\t\t\t\t\t\t\t\t\t\t\t\t\t\t<div class=\"elementor-custom-embed-play\" role=\"button\" aria-label=\"Play Video\" tabindex=\"0\">\n\t\t\t\t\t\t\t<i aria-hidden=\"true\" class=\"eicon-play\"><\/i>\t\t\t\t\t\t<\/div>\n\t\t\t\t\t\t\t\t\t<\/div>\n\t\t\t\t\t<\/div>\n\t\t\t\t\t\t<\/div>\n\t\t\t\t<\/div>\n\t\t\t\t\t<\/div>\n\t\t<\/div>\n\t\t\t\t<div class=\"elementor-column elementor-col-50 elementor-top-column elementor-element elementor-element-7f7082e elementor-invisible\" data-id=\"7f7082e\" data-element_type=\"column\" data-settings=\"{&quot;animation&quot;:&quot;slideInRight&quot;}\">\n\t\t\t<div class=\"elementor-widget-wrap elementor-element-populated\">\n\t\t\t\t\t\t<div class=\"elementor-element elementor-element-e105bdf elementor-widget elementor-widget-heading\" data-id=\"e105bdf\" data-element_type=\"widget\" data-widget_type=\"heading.default\">\n\t\t\t\t<div class=\"elementor-widget-container\">\n\t\t\t\t\t<h2 class=\"elementor-heading-title elementor-size-default\">HAKKIMIZDA<\/h2>\t\t\t\t<\/div>\n\t\t\t\t<\/div>\n\t\t\t\t<div class=\"elementor-element elementor-element-270073e elementor-widget elementor-widget-text-editor\" data-id=\"270073e\" data-element_type=\"widget\" data-widget_type=\"text-editor.default\">\n\t\t\t\t<div class=\"elementor-widget-container\">\n\t\t\t\t\t\t\t\t\t<p>Sakarya&#8217;da bulunan al\u00fcminyum billet \u00fcretim fabrikam\u0131z, Teknodrom&#8217;un modern \u00fcretim tesislerinden biridir. Bu tesis, y\u00fcksek kaliteli al\u00fcminyum billet \u00fcretimi i\u00e7in son teknoloji ekipmanlarla donat\u0131lm\u0131\u015ft\u0131r. 14.000 metrekare olan tesisin y\u0131ll\u0131k al\u00fcminyum \u00fcretim kapasitesi 60.000 tondur.<\/p>\t\t\t\t\t\t\t\t<\/div>\n\t\t\t\t<\/div>\n\t\t\t\t\t<\/div>\n\t\t<\/div>\n\t\t\t\t\t<\/div>\n\t\t<\/section>\n\t\t\t\t<section class=\"elementor-section elementor-top-section elementor-element elementor-element-0c78a87 elementor-section-height-min-height elementor-section-boxed elementor-section-height-default elementor-section-items-middle\" data-id=\"0c78a87\" data-element_type=\"section\" data-settings=\"{&quot;background_background&quot;:&quot;classic&quot;}\">\n\t\t\t\t\t\t<div class=\"elementor-container elementor-column-gap-default\">\n\t\t\t\t\t<div class=\"elementor-column elementor-col-100 elementor-top-column elementor-element elementor-element-7c6cdd5\" data-id=\"7c6cdd5\" data-element_type=\"column\">\n\t\t\t<div class=\"elementor-widget-wrap\">\n\t\t\t\t\t\t\t<\/div>\n\t\t<\/div>\n\t\t\t\t\t<\/div>\n\t\t<\/section>\n\t\t\t\t<section class=\"elementor-section elementor-top-section elementor-element elementor-element-3f24661 elementor-section-boxed elementor-section-height-default elementor-section-height-default\" data-id=\"3f24661\" data-element_type=\"section\">\n\t\t\t\t\t\t<div class=\"elementor-container elementor-column-gap-default\">\n\t\t\t\t\t<div class=\"elementor-column elementor-col-50 elementor-top-column elementor-element elementor-element-28d98ae\" data-id=\"28d98ae\" data-element_type=\"column\">\n\t\t\t<div class=\"elementor-widget-wrap elementor-element-populated\">\n\t\t\t\t\t\t<div class=\"elementor-element elementor-element-4554ee5 elementor-widget elementor-widget-text-editor\" data-id=\"4554ee5\" data-element_type=\"widget\" data-widget_type=\"text-editor.default\">\n\t\t\t\t<div class=\"elementor-widget-container\">\n\t\t\t\t\t\t\t\t\t<p>[real3dflipbook id=&#8217;10&#8217;]<\/p>\t\t\t\t\t\t\t\t<\/div>\n\t\t\t\t<\/div>\n\t\t\t\t\t<\/div>\n\t\t<\/div>\n\t\t\t\t<div class=\"elementor-column elementor-col-50 elementor-top-column elementor-element elementor-element-48b62c7\" data-id=\"48b62c7\" data-element_type=\"column\">\n\t\t\t<div class=\"elementor-widget-wrap elementor-element-populated\">\n\t\t\t\t\t\t<div class=\"elementor-element elementor-element-e1c3a35 elementor-widget-laptop__width-initial elementor-widget elementor-widget-heading\" data-id=\"e1c3a35\" data-element_type=\"widget\" data-widget_type=\"heading.default\">\n\t\t\t\t<div class=\"elementor-widget-container\">\n\t\t\t\t\t<h2 class=\"elementor-heading-title elementor-size-default\">Al\u00fcminyum <br>Bro\u015f\u00fcr\u00fcm\u00fcz<\/h2>\t\t\t\t<\/div>\n\t\t\t\t<\/div>\n\t\t\t\t\t<\/div>\n\t\t<\/div>\n\t\t\t\t\t<\/div>\n\t\t<\/section>\n\t\t\t\t<section class=\"elementor-section elementor-top-section elementor-element elementor-element-bb5b77d elementor-section-boxed elementor-section-height-default elementor-section-height-default\" data-id=\"bb5b77d\" data-element_type=\"section\" data-settings=\"{&quot;background_background&quot;:&quot;classic&quot;}\">\n\t\t\t\t\t\t<div class=\"elementor-container elementor-column-gap-default\">\n\t\t\t\t\t<div class=\"elementor-column elementor-col-100 elementor-top-column elementor-element elementor-element-ae0923e\" data-id=\"ae0923e\" data-element_type=\"column\">\n\t\t\t<div class=\"elementor-widget-wrap elementor-element-populated\">\n\t\t\t\t\t\t<section class=\"elementor-section elementor-inner-section elementor-element elementor-element-ef436a4 elementor-section-height-min-height elementor-section-boxed elementor-section-height-default\" data-id=\"ef436a4\" data-element_type=\"section\">\n\t\t\t\t\t\t<div class=\"elementor-container elementor-column-gap-default\">\n\t\t\t\t\t<div class=\"elementor-column elementor-col-50 elementor-inner-column elementor-element elementor-element-74655c6 elementor-invisible\" data-id=\"74655c6\" data-element_type=\"column\" data-settings=\"{&quot;animation&quot;:&quot;slideInLeft&quot;}\">\n\t\t\t<div class=\"elementor-widget-wrap elementor-element-populated\">\n\t\t\t\t\t\t<div class=\"elementor-element elementor-element-2be55ae elementor-widget elementor-widget-image\" data-id=\"2be55ae\" data-element_type=\"widget\" data-widget_type=\"image.default\">\n\t\t\t\t<div class=\"elementor-widget-container\">\n\t\t\t\t\t\t\t\t\t\t\t\t\t\t\t<img fetchpriority=\"high\" decoding=\"async\" width=\"2560\" height=\"1707\" src=\"https:\/\/teknodrom.com.tr\/wp-content\/uploads\/2023\/10\/B-72-scaled.jpg\" class=\"attachment-full size-full wp-image-1956\" alt=\"\" srcset=\"https:\/\/teknodrom.com.tr\/wp-content\/uploads\/2023\/10\/B-72-scaled.jpg 2560w, https:\/\/teknodrom.com.tr\/wp-content\/uploads\/2023\/10\/B-72-300x200.jpg 300w, https:\/\/teknodrom.com.tr\/wp-content\/uploads\/2023\/10\/B-72-1024x683.jpg 1024w, https:\/\/teknodrom.com.tr\/wp-content\/uploads\/2023\/10\/B-72-768x512.jpg 768w, https:\/\/teknodrom.com.tr\/wp-content\/uploads\/2023\/10\/B-72-1536x1024.jpg 1536w, https:\/\/teknodrom.com.tr\/wp-content\/uploads\/2023\/10\/B-72-2048x1365.jpg 2048w, https:\/\/teknodrom.com.tr\/wp-content\/uploads\/2023\/10\/B-72-18x12.jpg 18w\" sizes=\"(max-width: 2560px) 100vw, 2560px\" \/>\t\t\t\t\t\t\t\t\t\t\t\t\t\t\t<\/div>\n\t\t\t\t<\/div>\n\t\t\t\t\t<\/div>\n\t\t<\/div>\n\t\t\t\t<div class=\"elementor-column elementor-col-50 elementor-inner-column elementor-element elementor-element-a20d160 elementor-invisible\" data-id=\"a20d160\" data-element_type=\"column\" data-settings=\"{&quot;animation&quot;:&quot;slideInRight&quot;}\">\n\t\t\t<div class=\"elementor-widget-wrap elementor-element-populated\">\n\t\t\t\t\t\t<div class=\"elementor-element elementor-element-d0f8d60 elementor-widget elementor-widget-heading\" data-id=\"d0f8d60\" data-element_type=\"widget\" data-widget_type=\"heading.default\">\n\t\t\t\t<div class=\"elementor-widget-container\">\n\t\t\t\t\t<h2 class=\"elementor-heading-title elementor-size-default\">\u00dcRET\u0130M TES\u0130S\u0130M\u0130Z<\/h2>\t\t\t\t<\/div>\n\t\t\t\t<\/div>\n\t\t\t\t<div class=\"elementor-element elementor-element-4ec316c elementor-widget elementor-widget-text-editor\" data-id=\"4ec316c\" data-element_type=\"widget\" data-widget_type=\"text-editor.default\">\n\t\t\t\t<div class=\"elementor-widget-container\">\n\t\t\t\t\t\t\t\t\t<p>Tesisimizde al\u00fcminyum billet ve ala\u015f\u0131ml\u0131 k\u00fcl\u00e7e \u00fcretimi olmak \u00fczere 2 tane \u00fcretim hatt\u0131 bulunmaktad\u0131r. Son teknoloji cihazlarla donat\u0131lan tesisimizde sizlere en kaliteli \u00fcr\u00fcnleri sunuyoruz.<\/p>\t\t\t\t\t\t\t\t<\/div>\n\t\t\t\t<\/div>\n\t\t\t\t<div class=\"elementor-element elementor-element-e916193 elementor-align-left elementor-widget elementor-widget-elementskit-button\" data-id=\"e916193\" data-element_type=\"widget\" data-widget_type=\"elementskit-button.default\">\n\t\t\t\t<div class=\"elementor-widget-container\">\n\t\t\t\t\t<div class=\"ekit-wid-con\" >\t\t<div class=\"ekit-btn-wraper\">\n\t\t\t\t\t\t\t<a href=\"https:\/\/teknodrom.com.tr\/ar\/aluminyum-billet\/tesisimiz\/\" class=\"elementskit-btn  whitespace--normal\" id=\"\">\n\t\t\t\t\tTesisimiz Hakk\u0131nda Detayl\u0131 Bilgi Almak \u0130\u00e7in T\u0131klay\u0131n\t\t\t\t<\/a>\n\t\t\t\t\t<\/div>\n        <\/div>\t\t\t\t<\/div>\n\t\t\t\t<\/div>\n\t\t\t\t\t<\/div>\n\t\t<\/div>\n\t\t\t\t\t<\/div>\n\t\t<\/section>\n\t\t\t\t\t<\/div>\n\t\t<\/div>\n\t\t\t\t\t<\/div>\n\t\t<\/section>\n\t\t\t\t<\/div>","protected":false},"excerpt":{"rendered":"<p>AL\u00dcM\u0130NYUMA DE\u011eER KATIYORUZ HAKKIMIZDA Sakarya&#8217;da bulunan al\u00fcminyum billet \u00fcretim fabrikam\u0131z, Teknodrom&#8217;un modern \u00fcretim tesislerinden biridir. Bu tesis, y\u00fcksek kaliteli al\u00fcminyum billet \u00fcretimi i\u00e7in son teknoloji ekipmanlarla donat\u0131lm\u0131\u015ft\u0131r. 14.000 metrekare olan tesisin y\u0131ll\u0131k al\u00fcminyum \u00fcretim kapasitesi 60.000 tondur. [real3dflipbook id=&#8217;10&#8217;] Al\u00fcminyum Bro\u015f\u00fcr\u00fcm\u00fcz \u00dcRET\u0130M TES\u0130S\u0130M\u0130Z Tesisimizde al\u00fcminyum billet ve ala\u015f\u0131ml\u0131 k\u00fcl\u00e7e \u00fcretimi olmak \u00fczere 2 tane \u00fcretim [&hellip;]<\/p>","protected":false},"author":1,"featured_media":0,"parent":0,"menu_order":0,"comment_status":"closed","ping_status":"closed","template":"elementor_header_footer","meta":{"footnotes":""},"class_list":["post-240","page","type-page","status-publish","hentry"],"_links":{"self":[{"href":"https:\/\/teknodrom.com.tr\/ar\/wp-json\/wp\/v2\/pages\/240","targetHints":{"allow":["GET"]}}],"collection":[{"href":"https:\/\/teknodrom.com.tr\/ar\/wp-json\/wp\/v2\/pages"}],"about":[{"href":"https:\/\/teknodrom.com.tr\/ar\/wp-json\/wp\/v2\/types\/page"}],"author":[{"embeddable":true,"href":"https:\/\/teknodrom.com.tr\/ar\/wp-json\/wp\/v2\/users\/1"}],"replies":[{"embeddable":true,"href":"https:\/\/teknodrom.com.tr\/ar\/wp-json\/wp\/v2\/comments?post=240"}],"version-history":[{"count":0,"href":"https:\/\/teknodrom.com.tr\/ar\/wp-json\/wp\/v2\/pages\/240\/revisions"}],"wp:attachment":[{"href":"https:\/\/teknodrom.com.tr\/ar\/wp-json\/wp\/v2\/media?parent=240"}],"curies":[{"name":"wp","href":"https:\/\/api.w.org\/{rel}","templated":true}]}}