{"id":1833,"date":"2023-09-25T01:06:55","date_gmt":"2023-09-25T01:06:55","guid":{"rendered":"https:\/\/teknodrom.com.tr\/?page_id=1833"},"modified":"2023-09-25T01:10:22","modified_gmt":"2023-09-25T01:10:22","slug":"tesisimiz","status":"publish","type":"page","link":"https:\/\/teknodrom.com.tr\/ar\/aluminyum-basincli-dokum\/tesisimiz\/","title":{"rendered":"Tesisimiz"},"content":{"rendered":"<div data-elementor-type=\"wp-page\" data-elementor-id=\"1833\" class=\"elementor elementor-1833\">\n\t\t\t\t\t\t<section class=\"elementor-section elementor-top-section elementor-element elementor-element-6825553 elementor-section-height-min-height elementor-section-boxed elementor-section-height-default elementor-section-items-middle\" data-id=\"6825553\" data-element_type=\"section\" data-settings=\"{&quot;background_background&quot;:&quot;classic&quot;}\">\n\t\t\t\t\t\t\t<div class=\"elementor-background-overlay\"><\/div>\n\t\t\t\t\t\t\t<div class=\"elementor-container elementor-column-gap-default\">\n\t\t\t\t\t<div class=\"elementor-column elementor-col-100 elementor-top-column elementor-element elementor-element-bb2783a\" data-id=\"bb2783a\" data-element_type=\"column\">\n\t\t\t<div class=\"elementor-widget-wrap elementor-element-populated\">\n\t\t\t\t\t\t<div class=\"elementor-element elementor-element-e7f0bb3 elementor-widget elementor-widget-heading\" data-id=\"e7f0bb3\" data-element_type=\"widget\" data-widget_type=\"heading.default\">\n\t\t\t\t<div class=\"elementor-widget-container\">\n\t\t\t\t\t<h1 class=\"elementor-heading-title elementor-size-default\">Tesisimiz<\/h1>\t\t\t\t<\/div>\n\t\t\t\t<\/div>\n\t\t\t\t\t<\/div>\n\t\t<\/div>\n\t\t\t\t\t<\/div>\n\t\t<\/section>\n\t\t\t\t<section class=\"elementor-section elementor-top-section elementor-element elementor-element-3bf6127 elementor-section-boxed elementor-section-height-default elementor-section-height-default\" data-id=\"3bf6127\" data-element_type=\"section\">\n\t\t\t\t\t\t<div class=\"elementor-container elementor-column-gap-default\">\n\t\t\t\t\t<div class=\"elementor-column elementor-col-100 elementor-top-column elementor-element elementor-element-eec0389\" data-id=\"eec0389\" data-element_type=\"column\">\n\t\t\t<div class=\"elementor-widget-wrap elementor-element-populated\">\n\t\t\t\t\t\t<div class=\"elementor-element elementor-element-d740b2b elementor-widget elementor-widget-heading\" data-id=\"d740b2b\" data-element_type=\"widget\" data-widget_type=\"heading.default\">\n\t\t\t\t<div class=\"elementor-widget-container\">\n\t\t\t\t\t<h2 class=\"elementor-heading-title elementor-size-default\">Tesisimiz<\/h2>\t\t\t\t<\/div>\n\t\t\t\t<\/div>\n\t\t\t\t<div class=\"elementor-element elementor-element-2fcd2f3 elementor-widget elementor-widget-text-editor\" data-id=\"2fcd2f3\" data-element_type=\"widget\" data-widget_type=\"text-editor.default\">\n\t\t\t\t<div class=\"elementor-widget-container\">\n\t\t\t\t\t\t\t\t\t<p>Tuzla\u2019da yer alan tesisimizde;<\/p><p>300 ve 400 ton kapasiteli 2 adet pres makinemiz ve 500 ton kapasiteli kumlama sistemimiz bulunmaktad\u0131r. Ayl\u0131k 140 ton \u00fcretim kapasitesine sahip tesisimizin hammaddesi olan al\u00fcminyum k\u00fcl\u00e7e yine Teknodrom fabrikalar\u0131nda \u00fcretilmektedir. Hammaddeden ba\u015flayarak kalitemizi koruyor ve \u00fcr\u00fcnlerimizi teslimat s\u00fcrecine kadar kalite kontrol s\u00fcrecine tabi tutuyoruz.<\/p>\t\t\t\t\t\t\t\t<\/div>\n\t\t\t\t<\/div>\n\t\t\t\t\t<\/div>\n\t\t<\/div>\n\t\t\t\t\t<\/div>\n\t\t<\/section>\n\t\t\t\t<section class=\"elementor-section elementor-top-section elementor-element elementor-element-1f24224 elementor-section-boxed elementor-section-height-default elementor-section-height-default\" data-id=\"1f24224\" data-element_type=\"section\">\n\t\t\t\t\t\t<div class=\"elementor-container elementor-column-gap-default\">\n\t\t\t\t\t<div class=\"elementor-column elementor-col-50 elementor-top-column elementor-element elementor-element-2f37a9a\" data-id=\"2f37a9a\" data-element_type=\"column\">\n\t\t\t<div class=\"elementor-widget-wrap elementor-element-populated\">\n\t\t\t\t\t\t<div class=\"elementor-element elementor-element-2b678a2 elementor-widget elementor-widget-image\" data-id=\"2b678a2\" data-element_type=\"widget\" data-widget_type=\"image.default\">\n\t\t\t\t<div class=\"elementor-widget-container\">\n\t\t\t\t\t\t\t\t\t\t\t\t\t\t\t<img fetchpriority=\"high\" decoding=\"async\" width=\"450\" height=\"600\" src=\"https:\/\/teknodrom.com.tr\/wp-content\/uploads\/2023\/09\/pres-mak-1.jpg\" class=\"attachment-full size-full wp-image-1837\" alt=\"\" srcset=\"https:\/\/teknodrom.com.tr\/wp-content\/uploads\/2023\/09\/pres-mak-1.jpg 450w, https:\/\/teknodrom.com.tr\/wp-content\/uploads\/2023\/09\/pres-mak-1-225x300.jpg 225w, https:\/\/teknodrom.com.tr\/wp-content\/uploads\/2023\/09\/pres-mak-1-9x12.jpg 9w\" sizes=\"(max-width: 450px) 100vw, 450px\" \/>\t\t\t\t\t\t\t\t\t\t\t\t\t\t\t<\/div>\n\t\t\t\t<\/div>\n\t\t\t\t<div class=\"elementor-element elementor-element-4430391 elementor-widget elementor-widget-heading\" data-id=\"4430391\" data-element_type=\"widget\" data-widget_type=\"heading.default\">\n\t\t\t\t<div class=\"elementor-widget-container\">\n\t\t\t\t\t<h2 class=\"elementor-heading-title elementor-size-default\">Pres Makinemiz<\/h2>\t\t\t\t<\/div>\n\t\t\t\t<\/div>\n\t\t\t\t\t<\/div>\n\t\t<\/div>\n\t\t\t\t<div class=\"elementor-column elementor-col-50 elementor-top-column elementor-element elementor-element-3237501\" data-id=\"3237501\" data-element_type=\"column\">\n\t\t\t<div class=\"elementor-widget-wrap elementor-element-populated\">\n\t\t\t\t\t\t<div class=\"elementor-element elementor-element-7f198f3 elementor-widget elementor-widget-image\" data-id=\"7f198f3\" data-element_type=\"widget\" data-widget_type=\"image.default\">\n\t\t\t\t<div class=\"elementor-widget-container\">\n\t\t\t\t\t\t\t\t\t\t\t\t\t\t\t<img decoding=\"async\" width=\"450\" height=\"600\" src=\"https:\/\/teknodrom.com.tr\/wp-content\/uploads\/2023\/09\/kumlamaa.jpg\" class=\"attachment-full size-full wp-image-1836\" alt=\"\" srcset=\"https:\/\/teknodrom.com.tr\/wp-content\/uploads\/2023\/09\/kumlamaa.jpg 450w, https:\/\/teknodrom.com.tr\/wp-content\/uploads\/2023\/09\/kumlamaa-225x300.jpg 225w, https:\/\/teknodrom.com.tr\/wp-content\/uploads\/2023\/09\/kumlamaa-9x12.jpg 9w\" sizes=\"(max-width: 450px) 100vw, 450px\" \/>\t\t\t\t\t\t\t\t\t\t\t\t\t\t\t<\/div>\n\t\t\t\t<\/div>\n\t\t\t\t<div class=\"elementor-element elementor-element-5a37c53 elementor-widget elementor-widget-heading\" data-id=\"5a37c53\" data-element_type=\"widget\" data-widget_type=\"heading.default\">\n\t\t\t\t<div class=\"elementor-widget-container\">\n\t\t\t\t\t<h2 class=\"elementor-heading-title elementor-size-default\">Kumlama Makinesi<\/h2>\t\t\t\t<\/div>\n\t\t\t\t<\/div>\n\t\t\t\t\t<\/div>\n\t\t<\/div>\n\t\t\t\t\t<\/div>\n\t\t<\/section>\n\t\t\t\t<\/div>","protected":false},"excerpt":{"rendered":"<p>Tesisimiz Tesisimiz Tuzla\u2019da yer alan tesisimizde; 300 ve 400 ton kapasiteli 2 adet pres makinemiz ve 500 ton kapasiteli kumlama sistemimiz bulunmaktad\u0131r. Ayl\u0131k 140 ton \u00fcretim kapasitesine sahip tesisimizin hammaddesi olan al\u00fcminyum k\u00fcl\u00e7e yine Teknodrom fabrikalar\u0131nda \u00fcretilmektedir. Hammaddeden ba\u015flayarak kalitemizi koruyor ve \u00fcr\u00fcnlerimizi teslimat s\u00fcrecine kadar kalite kontrol s\u00fcrecine tabi tutuyoruz. Pres Makinemiz Kumlama Makinesi<\/p>","protected":false},"author":1,"featured_media":0,"parent":1665,"menu_order":0,"comment_status":"closed","ping_status":"closed","template":"elementor_header_footer","meta":{"footnotes":""},"class_list":["post-1833","page","type-page","status-publish","hentry"],"_links":{"self":[{"href":"https:\/\/teknodrom.com.tr\/ar\/wp-json\/wp\/v2\/pages\/1833","targetHints":{"allow":["GET"]}}],"collection":[{"href":"https:\/\/teknodrom.com.tr\/ar\/wp-json\/wp\/v2\/pages"}],"about":[{"href":"https:\/\/teknodrom.com.tr\/ar\/wp-json\/wp\/v2\/types\/page"}],"author":[{"embeddable":true,"href":"https:\/\/teknodrom.com.tr\/ar\/wp-json\/wp\/v2\/users\/1"}],"replies":[{"embeddable":true,"href":"https:\/\/teknodrom.com.tr\/ar\/wp-json\/wp\/v2\/comments?post=1833"}],"version-history":[{"count":0,"href":"https:\/\/teknodrom.com.tr\/ar\/wp-json\/wp\/v2\/pages\/1833\/revisions"}],"up":[{"embeddable":true,"href":"https:\/\/teknodrom.com.tr\/ar\/wp-json\/wp\/v2\/pages\/1665"}],"wp:attachment":[{"href":"https:\/\/teknodrom.com.tr\/ar\/wp-json\/wp\/v2\/media?parent=1833"}],"curies":[{"name":"wp","href":"https:\/\/api.w.org\/{rel}","templated":true}]}}