{"id":1823,"date":"2023-09-25T01:01:07","date_gmt":"2023-09-25T01:01:07","guid":{"rendered":"https:\/\/teknodrom.com.tr\/?page_id=1823"},"modified":"2023-09-25T01:02:16","modified_gmt":"2023-09-25T01:02:16","slug":"tarim-sanayi","status":"publish","type":"page","link":"https:\/\/teknodrom.com.tr\/ar\/aluminyum-basincli-dokum\/tarim-sanayi\/","title":{"rendered":"Tar\u0131m Sanayi"},"content":{"rendered":"<div data-elementor-type=\"wp-page\" data-elementor-id=\"1823\" class=\"elementor elementor-1823\">\n\t\t\t\t\t\t<section class=\"elementor-section elementor-top-section elementor-element elementor-element-b2a80db elementor-section-height-min-height elementor-section-boxed elementor-section-height-default elementor-section-items-middle\" data-id=\"b2a80db\" data-element_type=\"section\" data-settings=\"{&quot;background_background&quot;:&quot;classic&quot;}\">\n\t\t\t\t\t\t\t<div class=\"elementor-background-overlay\"><\/div>\n\t\t\t\t\t\t\t<div class=\"elementor-container elementor-column-gap-default\">\n\t\t\t\t\t<div class=\"elementor-column elementor-col-100 elementor-top-column elementor-element elementor-element-832677b\" data-id=\"832677b\" data-element_type=\"column\">\n\t\t\t<div class=\"elementor-widget-wrap elementor-element-populated\">\n\t\t\t\t\t\t<div class=\"elementor-element elementor-element-ebdf0a9 elementor-widget elementor-widget-heading\" data-id=\"ebdf0a9\" data-element_type=\"widget\" data-widget_type=\"heading.default\">\n\t\t\t\t<div class=\"elementor-widget-container\">\n\t\t\t\t\t<h1 class=\"elementor-heading-title elementor-size-default\">Sekt\u00f6rler<\/h1>\t\t\t\t<\/div>\n\t\t\t\t<\/div>\n\t\t\t\t\t<\/div>\n\t\t<\/div>\n\t\t\t\t\t<\/div>\n\t\t<\/section>\n\t\t\t\t<section class=\"elementor-section elementor-top-section elementor-element elementor-element-6070e53 elementor-section-boxed elementor-section-height-default elementor-section-height-default\" data-id=\"6070e53\" data-element_type=\"section\">\n\t\t\t\t\t\t<div class=\"elementor-container elementor-column-gap-default\">\n\t\t\t\t\t<div class=\"elementor-column elementor-col-16 elementor-top-column elementor-element elementor-element-8e63c05\" data-id=\"8e63c05\" data-element_type=\"column\" data-settings=\"{&quot;background_background&quot;:&quot;classic&quot;}\">\n\t\t\t<div class=\"elementor-widget-wrap elementor-element-populated\">\n\t\t\t\t\t\t<div class=\"elementor-element elementor-element-8ba468b elementor-widget elementor-widget-heading\" data-id=\"8ba468b\" data-element_type=\"widget\" data-widget_type=\"heading.default\">\n\t\t\t\t<div class=\"elementor-widget-container\">\n\t\t\t\t\t<h2 class=\"elementor-heading-title elementor-size-default\"><a href=\"https:\/\/teknodrom.com.tr\/ar\/aluminyum-basincli-dokum\/otomotiv-sektoru\/\">Otomotiv<\/a><\/h2>\t\t\t\t<\/div>\n\t\t\t\t<\/div>\n\t\t\t\t\t<\/div>\n\t\t<\/div>\n\t\t\t\t<div class=\"elementor-column elementor-col-16 elementor-top-column elementor-element elementor-element-d37e2e2\" data-id=\"d37e2e2\" data-element_type=\"column\" data-settings=\"{&quot;background_background&quot;:&quot;classic&quot;}\">\n\t\t\t<div class=\"elementor-widget-wrap elementor-element-populated\">\n\t\t\t\t\t\t<div class=\"elementor-element elementor-element-72b731f elementor-widget elementor-widget-heading\" data-id=\"72b731f\" data-element_type=\"widget\" data-widget_type=\"heading.default\">\n\t\t\t\t<div class=\"elementor-widget-container\">\n\t\t\t\t\t<h2 class=\"elementor-heading-title elementor-size-default\"><a href=\"https:\/\/teknodrom.com.tr\/ar\/aluminyum-basincli-dokum\/aydinlatma-sektoru\/\">Ayd\u0131nlatma<\/a><\/h2>\t\t\t\t<\/div>\n\t\t\t\t<\/div>\n\t\t\t\t\t<\/div>\n\t\t<\/div>\n\t\t\t\t<div class=\"elementor-column elementor-col-16 elementor-top-column elementor-element elementor-element-abf42ec\" data-id=\"abf42ec\" data-element_type=\"column\" data-settings=\"{&quot;background_background&quot;:&quot;classic&quot;}\">\n\t\t\t<div class=\"elementor-widget-wrap elementor-element-populated\">\n\t\t\t\t\t\t<div class=\"elementor-element elementor-element-3a253bd elementor-widget elementor-widget-heading\" data-id=\"3a253bd\" data-element_type=\"widget\" data-widget_type=\"heading.default\">\n\t\t\t\t<div class=\"elementor-widget-container\">\n\t\t\t\t\t<h2 class=\"elementor-heading-title elementor-size-default\"><a href=\"https:\/\/teknodrom.com.tr\/ar\/aluminyum-basincli-dokum\/beyaz-esya-sanayi\/\">Beyaz E\u015fya Sanayi<\/a><\/h2>\t\t\t\t<\/div>\n\t\t\t\t<\/div>\n\t\t\t\t\t<\/div>\n\t\t<\/div>\n\t\t\t\t<div class=\"elementor-column elementor-col-16 elementor-top-column elementor-element elementor-element-2717680\" data-id=\"2717680\" data-element_type=\"column\" data-settings=\"{&quot;background_background&quot;:&quot;classic&quot;}\">\n\t\t\t<div class=\"elementor-widget-wrap elementor-element-populated\">\n\t\t\t\t\t\t<div class=\"elementor-element elementor-element-f4076e0 elementor-widget elementor-widget-heading\" data-id=\"f4076e0\" data-element_type=\"widget\" data-widget_type=\"heading.default\">\n\t\t\t\t<div class=\"elementor-widget-container\">\n\t\t\t\t\t<h2 class=\"elementor-heading-title elementor-size-default\"><a href=\"https:\/\/teknodrom.com.tr\/ar\/aluminyum-basincli-dokum\/savunma-sanayi\/\">Savunma Sanayi<\/a><\/h2>\t\t\t\t<\/div>\n\t\t\t\t<\/div>\n\t\t\t\t\t<\/div>\n\t\t<\/div>\n\t\t\t\t<div class=\"elementor-column elementor-col-16 elementor-top-column elementor-element elementor-element-e0bfb69\" data-id=\"e0bfb69\" data-element_type=\"column\" data-settings=\"{&quot;background_background&quot;:&quot;classic&quot;}\">\n\t\t\t<div class=\"elementor-widget-wrap elementor-element-populated\">\n\t\t\t\t\t\t<div class=\"elementor-element elementor-element-28d9d6b elementor-widget elementor-widget-heading\" data-id=\"28d9d6b\" data-element_type=\"widget\" data-widget_type=\"heading.default\">\n\t\t\t\t<div class=\"elementor-widget-container\">\n\t\t\t\t\t<h2 class=\"elementor-heading-title elementor-size-default\"><a href=\"https:\/\/teknodrom.com.tr\/ar\/aluminyum-basincli-dokum\/makine-sanayi\/\">Makine Sanayi<\/a><\/h2>\t\t\t\t<\/div>\n\t\t\t\t<\/div>\n\t\t\t\t\t<\/div>\n\t\t<\/div>\n\t\t\t\t<div class=\"elementor-column elementor-col-16 elementor-top-column elementor-element elementor-element-3cf6705\" data-id=\"3cf6705\" data-element_type=\"column\" data-settings=\"{&quot;background_background&quot;:&quot;classic&quot;}\">\n\t\t\t<div class=\"elementor-widget-wrap elementor-element-populated\">\n\t\t\t\t\t\t<div class=\"elementor-element elementor-element-f27f1d3 elementor-widget elementor-widget-heading\" data-id=\"f27f1d3\" data-element_type=\"widget\" data-widget_type=\"heading.default\">\n\t\t\t\t<div class=\"elementor-widget-container\">\n\t\t\t\t\t<h2 class=\"elementor-heading-title elementor-size-default\"><a href=\"https:\/\/teknodrom.com.tr\/ar\/aluminyum-basincli-dokum\/tarim-sanayi\/\">Tar\u0131m Sanayi<\/a><\/h2>\t\t\t\t<\/div>\n\t\t\t\t<\/div>\n\t\t\t\t\t<\/div>\n\t\t<\/div>\n\t\t\t\t\t<\/div>\n\t\t<\/section>\n\t\t\t\t<section class=\"elementor-section elementor-top-section elementor-element elementor-element-97f1c63 elementor-section-height-min-height elementor-section-boxed elementor-section-height-default elementor-section-items-middle\" data-id=\"97f1c63\" data-element_type=\"section\">\n\t\t\t\t\t\t<div class=\"elementor-container elementor-column-gap-default\">\n\t\t\t\t\t<div class=\"elementor-column elementor-col-100 elementor-top-column elementor-element elementor-element-c5a6b10\" data-id=\"c5a6b10\" data-element_type=\"column\">\n\t\t\t<div class=\"elementor-widget-wrap elementor-element-populated\">\n\t\t\t\t\t\t<section class=\"elementor-section elementor-inner-section elementor-element elementor-element-4c9c0e6 elementor-section-full_width elementor-section-height-default elementor-section-height-default\" data-id=\"4c9c0e6\" data-element_type=\"section\">\n\t\t\t\t\t\t<div class=\"elementor-container elementor-column-gap-default\">\n\t\t\t\t\t<div class=\"elementor-column elementor-col-50 elementor-inner-column elementor-element elementor-element-fd1df97\" data-id=\"fd1df97\" data-element_type=\"column\">\n\t\t\t<div class=\"elementor-widget-wrap elementor-element-populated\">\n\t\t\t\t\t\t<div class=\"elementor-element elementor-element-7c10633 elementor-widget elementor-widget-image\" data-id=\"7c10633\" data-element_type=\"widget\" data-widget_type=\"image.default\">\n\t\t\t\t<div class=\"elementor-widget-container\">\n\t\t\t\t\t\t\t\t\t\t\t\t\t\t\t<img fetchpriority=\"high\" decoding=\"async\" width=\"658\" height=\"800\" src=\"https:\/\/teknodrom.com.tr\/wp-content\/uploads\/2023\/09\/tarim-san.jpg\" class=\"attachment-large size-large wp-image-1774\" alt=\"\" srcset=\"https:\/\/teknodrom.com.tr\/wp-content\/uploads\/2023\/09\/tarim-san.jpg 658w, https:\/\/teknodrom.com.tr\/wp-content\/uploads\/2023\/09\/tarim-san-247x300.jpg 247w, https:\/\/teknodrom.com.tr\/wp-content\/uploads\/2023\/09\/tarim-san-10x12.jpg 10w\" sizes=\"(max-width: 658px) 100vw, 658px\" \/>\t\t\t\t\t\t\t\t\t\t\t\t\t\t\t<\/div>\n\t\t\t\t<\/div>\n\t\t\t\t\t<\/div>\n\t\t<\/div>\n\t\t\t\t<div class=\"elementor-column elementor-col-50 elementor-inner-column elementor-element elementor-element-d3598e0\" data-id=\"d3598e0\" data-element_type=\"column\">\n\t\t\t<div class=\"elementor-widget-wrap elementor-element-populated\">\n\t\t\t\t\t\t<div class=\"elementor-element elementor-element-e16ba77 elementor-widget elementor-widget-heading\" data-id=\"e16ba77\" data-element_type=\"widget\" data-widget_type=\"heading.default\">\n\t\t\t\t<div class=\"elementor-widget-container\">\n\t\t\t\t\t<h2 class=\"elementor-heading-title elementor-size-default\">Tar\u0131m Sanayi<\/h2>\t\t\t\t<\/div>\n\t\t\t\t<\/div>\n\t\t\t\t<div class=\"elementor-element elementor-element-0ed9b55 elementor-widget elementor-widget-text-editor\" data-id=\"0ed9b55\" data-element_type=\"widget\" data-widget_type=\"text-editor.default\">\n\t\t\t\t<div class=\"elementor-widget-container\">\n\t\t\t\t\t\t\t\t\t<p>Al\u00fcminyum d\u00f6k\u00fcm \u00fcr\u00fcnler tar\u0131m sanayii de kullan\u0131lan makinelerin \u00fcretiminde s\u0131kl\u0131kla kullan\u0131l\u0131r. \u00c7elik a\u011f\u0131rl\u0131\u011f\u0131n\u0131n yaln\u0131zca \u00fc\u00e7te biri olan, do\u011fal olarak a\u015f\u0131nd\u0131r\u0131c\u0131 olmayan ve dayan\u0131kl\u0131l\u0131k gereksinimini kar\u015f\u0131layacak farkl\u0131 ala\u015f\u0131mlara sahip olan al\u00fcminyum, di\u011fer end\u00fcstrilerde oldu\u011fu gibi tar\u0131m i\u00e7in de \u00f6nemlidir. Makinelerin bir\u00e7ok aksam\u0131nda al\u00fcminyum rahatl\u0131kla kullan\u0131labilir. Tar\u0131m sanayi i\u00e7in \u00fcretimlerinizde bizleri tercih edebilirsiniz.<\/p>\t\t\t\t\t\t\t\t<\/div>\n\t\t\t\t<\/div>\n\t\t\t\t\t<\/div>\n\t\t<\/div>\n\t\t\t\t\t<\/div>\n\t\t<\/section>\n\t\t\t\t\t<\/div>\n\t\t<\/div>\n\t\t\t\t\t<\/div>\n\t\t<\/section>\n\t\t\t\t<\/div>","protected":false},"excerpt":{"rendered":"<p>Sekt\u00f6rler Otomotiv Ayd\u0131nlatma Beyaz E\u015fya Sanayi Savunma Sanayi Makine Sanayi Tar\u0131m Sanayi Tar\u0131m Sanayi Al\u00fcminyum d\u00f6k\u00fcm \u00fcr\u00fcnler tar\u0131m sanayii de kullan\u0131lan makinelerin \u00fcretiminde s\u0131kl\u0131kla kullan\u0131l\u0131r. \u00c7elik a\u011f\u0131rl\u0131\u011f\u0131n\u0131n yaln\u0131zca \u00fc\u00e7te biri olan, do\u011fal olarak a\u015f\u0131nd\u0131r\u0131c\u0131 olmayan ve dayan\u0131kl\u0131l\u0131k gereksinimini kar\u015f\u0131layacak farkl\u0131 ala\u015f\u0131mlara sahip olan al\u00fcminyum, di\u011fer end\u00fcstrilerde oldu\u011fu gibi tar\u0131m i\u00e7in de \u00f6nemlidir. Makinelerin bir\u00e7ok aksam\u0131nda [&hellip;]<\/p>","protected":false},"author":1,"featured_media":0,"parent":1665,"menu_order":0,"comment_status":"closed","ping_status":"closed","template":"elementor_header_footer","meta":{"footnotes":""},"class_list":["post-1823","page","type-page","status-publish","hentry"],"_links":{"self":[{"href":"https:\/\/teknodrom.com.tr\/ar\/wp-json\/wp\/v2\/pages\/1823","targetHints":{"allow":["GET"]}}],"collection":[{"href":"https:\/\/teknodrom.com.tr\/ar\/wp-json\/wp\/v2\/pages"}],"about":[{"href":"https:\/\/teknodrom.com.tr\/ar\/wp-json\/wp\/v2\/types\/page"}],"author":[{"embeddable":true,"href":"https:\/\/teknodrom.com.tr\/ar\/wp-json\/wp\/v2\/users\/1"}],"replies":[{"embeddable":true,"href":"https:\/\/teknodrom.com.tr\/ar\/wp-json\/wp\/v2\/comments?post=1823"}],"version-history":[{"count":0,"href":"https:\/\/teknodrom.com.tr\/ar\/wp-json\/wp\/v2\/pages\/1823\/revisions"}],"up":[{"embeddable":true,"href":"https:\/\/teknodrom.com.tr\/ar\/wp-json\/wp\/v2\/pages\/1665"}],"wp:attachment":[{"href":"https:\/\/teknodrom.com.tr\/ar\/wp-json\/wp\/v2\/media?parent=1823"}],"curies":[{"name":"wp","href":"https:\/\/api.w.org\/{rel}","templated":true}]}}