{"id":1678,"date":"2023-09-14T12:52:52","date_gmt":"2023-09-14T12:52:52","guid":{"rendered":"https:\/\/hostidex.com\/teknodrom\/?page_id=1678"},"modified":"2023-09-24T22:49:37","modified_gmt":"2023-09-24T22:49:37","slug":"urunlerimiz","status":"publish","type":"page","link":"https:\/\/teknodrom.com.tr\/ar\/alasimli-aluminyum-kulce\/urunlerimiz\/","title":{"rendered":"\u00dcr\u00fcnlerimiz"},"content":{"rendered":"<div data-elementor-type=\"wp-page\" data-elementor-id=\"1678\" class=\"elementor elementor-1678\">\n\t\t\t\t\t\t<section class=\"elementor-section elementor-top-section elementor-element elementor-element-adbc5e6 elementor-section-full_width elementor-section-height-min-height elementor-section-height-default elementor-section-items-middle\" data-id=\"adbc5e6\" data-element_type=\"section\" data-settings=\"{&quot;background_background&quot;:&quot;classic&quot;}\">\n\t\t\t\t\t\t\t<div class=\"elementor-background-overlay\"><\/div>\n\t\t\t\t\t\t\t<div class=\"elementor-container elementor-column-gap-no\">\n\t\t\t\t\t<div class=\"elementor-column elementor-col-100 elementor-top-column elementor-element elementor-element-49220ec\" data-id=\"49220ec\" data-element_type=\"column\">\n\t\t\t<div class=\"elementor-widget-wrap elementor-element-populated\">\n\t\t\t\t\t\t<div class=\"elementor-element elementor-element-77fee93 elementor-widget elementor-widget-heading\" data-id=\"77fee93\" data-element_type=\"widget\" data-widget_type=\"heading.default\">\n\t\t\t\t<div class=\"elementor-widget-container\">\n\t\t\t\t\t<h2 class=\"elementor-heading-title elementor-size-default\">\u00dcr\u00fcnlerimiz<\/h2>\t\t\t\t<\/div>\n\t\t\t\t<\/div>\n\t\t\t\t\t<\/div>\n\t\t<\/div>\n\t\t\t\t\t<\/div>\n\t\t<\/section>\n\t\t\t\t<section class=\"elementor-section elementor-top-section elementor-element elementor-element-0b44aa8 elementor-section-boxed elementor-section-height-default elementor-section-height-default\" data-id=\"0b44aa8\" data-element_type=\"section\">\n\t\t\t\t\t\t<div class=\"elementor-container elementor-column-gap-default\">\n\t\t\t\t\t<div class=\"elementor-column elementor-col-50 elementor-top-column elementor-element elementor-element-f1b4912\" data-id=\"f1b4912\" data-element_type=\"column\">\n\t\t\t<div class=\"elementor-widget-wrap elementor-element-populated\">\n\t\t\t\t\t\t<div class=\"elementor-element elementor-element-0672e06 elementor-widget elementor-widget-text-editor\" data-id=\"0672e06\" data-element_type=\"widget\" data-widget_type=\"text-editor.default\">\n\t\t\t\t<div class=\"elementor-widget-container\">\n\t\t\t\t\t\t\t\t\t<p>K\u00fcl\u00e7elerimiz otomatik d\u00f6k\u00fcm sistemimiz ile \u00fcretilir. K\u00fcl\u00e7eler \u00fcst \u00fcste istiflenir ve s\u0131ralan\u0131r. \u00dcretime ba\u011fl\u0131 olarak k\u00fcl\u00e7elerin tanesi 7-12 kg a\u011f\u0131rl\u0131klar\u0131nda ve bir grup k\u00fcl\u00e7enin a\u011f\u0131rl\u0131\u011f\u0131 ise 700-1000kg aras\u0131nda de\u011fi\u015fiklik g\u00f6stermektedir.<\/p><p>Uluslararas\u0131 kaliteler d\u0131\u015f\u0131nda m\u00fc\u015fterilerimizin taleplerini kar\u015f\u0131lamak i\u00e7in \u00f6zel \u00fcretimler de ger\u00e7ekle\u015ftirmekteyiz. \u00dcst s\u0131n\u0131f hammaddelerimiz ile s\u00fcrekli kaliteli \u00fcretim sa\u011flamaktay\u0131z. Her a\u015famada uygulanan kalite kontrol prosed\u00fcr\u00fcm\u00fcz ile \u00fcretimde ger\u00e7ekle\u015febilecek hatalar\u0131 en aza indirgiyoruz.<\/p>\t\t\t\t\t\t\t\t<\/div>\n\t\t\t\t<\/div>\n\t\t\t\t\t<\/div>\n\t\t<\/div>\n\t\t\t\t<div class=\"elementor-column elementor-col-50 elementor-top-column elementor-element elementor-element-9c56554\" data-id=\"9c56554\" data-element_type=\"column\">\n\t\t\t<div class=\"elementor-widget-wrap elementor-element-populated\">\n\t\t\t\t\t\t<div class=\"elementor-element elementor-element-8998316 elementor-widget elementor-widget-image\" data-id=\"8998316\" data-element_type=\"widget\" data-widget_type=\"image.default\">\n\t\t\t\t<div class=\"elementor-widget-container\">\n\t\t\t\t\t\t\t\t\t\t\t\t\t\t\t<img fetchpriority=\"high\" decoding=\"async\" width=\"800\" height=\"800\" src=\"https:\/\/teknodrom.com.tr\/wp-content\/uploads\/2023\/09\/kulcee.jpg\" class=\"attachment-large size-large wp-image-1721\" alt=\"\" srcset=\"https:\/\/teknodrom.com.tr\/wp-content\/uploads\/2023\/09\/kulcee.jpg 1000w, https:\/\/teknodrom.com.tr\/wp-content\/uploads\/2023\/09\/kulcee-300x300.jpg 300w, https:\/\/teknodrom.com.tr\/wp-content\/uploads\/2023\/09\/kulcee-150x150.jpg 150w, https:\/\/teknodrom.com.tr\/wp-content\/uploads\/2023\/09\/kulcee-768x768.jpg 768w, https:\/\/teknodrom.com.tr\/wp-content\/uploads\/2023\/09\/kulcee-12x12.jpg 12w\" sizes=\"(max-width: 800px) 100vw, 800px\" \/>\t\t\t\t\t\t\t\t\t\t\t\t\t\t\t<\/div>\n\t\t\t\t<\/div>\n\t\t\t\t\t<\/div>\n\t\t<\/div>\n\t\t\t\t\t<\/div>\n\t\t<\/section>\n\t\t\t\t<section class=\"elementor-section elementor-top-section elementor-element elementor-element-6358254 elementor-section-boxed elementor-section-height-default elementor-section-height-default\" data-id=\"6358254\" data-element_type=\"section\">\n\t\t\t\t\t\t<div class=\"elementor-container elementor-column-gap-default\">\n\t\t\t\t\t<div class=\"elementor-column elementor-col-100 elementor-top-column elementor-element elementor-element-a178f0d\" data-id=\"a178f0d\" data-element_type=\"column\">\n\t\t\t<div class=\"elementor-widget-wrap elementor-element-populated\">\n\t\t\t\t\t\t<div class=\"elementor-element elementor-element-3434fa7 elementor-widget elementor-widget-heading\" data-id=\"3434fa7\" data-element_type=\"widget\" data-widget_type=\"heading.default\">\n\t\t\t\t<div class=\"elementor-widget-container\">\n\t\t\t\t\t<h2 class=\"elementor-heading-title elementor-size-default\">Kimyasal De\u011fer Tablosu<\/h2>\t\t\t\t<\/div>\n\t\t\t\t<\/div>\n\t\t\t\t<div class=\"elementor-element elementor-element-ec7c384 elementor-widget elementor-widget-text-editor\" data-id=\"ec7c384\" data-element_type=\"widget\" data-widget_type=\"text-editor.default\">\n\t\t\t\t<div class=\"elementor-widget-container\">\n\t\t\t\t\t\t\t\t\t<p>\u0130\u00e7erik G\u00fcncellenecek..<\/p>\t\t\t\t\t\t\t\t<\/div>\n\t\t\t\t<\/div>\n\t\t\t\t\t<\/div>\n\t\t<\/div>\n\t\t\t\t\t<\/div>\n\t\t<\/section>\n\t\t\t\t<\/div>","protected":false},"excerpt":{"rendered":"<p>\u00dcr\u00fcnlerimiz K\u00fcl\u00e7elerimiz otomatik d\u00f6k\u00fcm sistemimiz ile \u00fcretilir. K\u00fcl\u00e7eler \u00fcst \u00fcste istiflenir ve s\u0131ralan\u0131r. \u00dcretime ba\u011fl\u0131 olarak k\u00fcl\u00e7elerin tanesi 7-12 kg a\u011f\u0131rl\u0131klar\u0131nda ve bir grup k\u00fcl\u00e7enin a\u011f\u0131rl\u0131\u011f\u0131 ise 700-1000kg aras\u0131nda de\u011fi\u015fiklik g\u00f6stermektedir. Uluslararas\u0131 kaliteler d\u0131\u015f\u0131nda m\u00fc\u015fterilerimizin taleplerini kar\u015f\u0131lamak i\u00e7in \u00f6zel \u00fcretimler de ger\u00e7ekle\u015ftirmekteyiz. \u00dcst s\u0131n\u0131f hammaddelerimiz ile s\u00fcrekli kaliteli \u00fcretim sa\u011flamaktay\u0131z. Her a\u015famada uygulanan kalite kontrol [&hellip;]<\/p>","protected":false},"author":1,"featured_media":0,"parent":279,"menu_order":0,"comment_status":"closed","ping_status":"closed","template":"elementor_header_footer","meta":{"footnotes":""},"class_list":["post-1678","page","type-page","status-publish","hentry"],"_links":{"self":[{"href":"https:\/\/teknodrom.com.tr\/ar\/wp-json\/wp\/v2\/pages\/1678","targetHints":{"allow":["GET"]}}],"collection":[{"href":"https:\/\/teknodrom.com.tr\/ar\/wp-json\/wp\/v2\/pages"}],"about":[{"href":"https:\/\/teknodrom.com.tr\/ar\/wp-json\/wp\/v2\/types\/page"}],"author":[{"embeddable":true,"href":"https:\/\/teknodrom.com.tr\/ar\/wp-json\/wp\/v2\/users\/1"}],"replies":[{"embeddable":true,"href":"https:\/\/teknodrom.com.tr\/ar\/wp-json\/wp\/v2\/comments?post=1678"}],"version-history":[{"count":0,"href":"https:\/\/teknodrom.com.tr\/ar\/wp-json\/wp\/v2\/pages\/1678\/revisions"}],"up":[{"embeddable":true,"href":"https:\/\/teknodrom.com.tr\/ar\/wp-json\/wp\/v2\/pages\/279"}],"wp:attachment":[{"href":"https:\/\/teknodrom.com.tr\/ar\/wp-json\/wp\/v2\/media?parent=1678"}],"curies":[{"name":"wp","href":"https:\/\/api.w.org\/{rel}","templated":true}]}}