{"id":1597,"date":"2023-09-14T11:36:52","date_gmt":"2023-09-14T11:36:52","guid":{"rendered":"https:\/\/hostidex.com\/teknodrom\/?page_id=1597"},"modified":"2023-09-14T11:38:14","modified_gmt":"2023-09-14T11:38:14","slug":"hakkimizda","status":"publish","type":"page","link":"https:\/\/teknodrom.com.tr\/ar\/degerli-madenler-geri-kazanim\/hakkimizda\/","title":{"rendered":"Hakk\u0131m\u0131zda"},"content":{"rendered":"<div data-elementor-type=\"wp-page\" data-elementor-id=\"1597\" class=\"elementor elementor-1597\">\n\t\t\t\t\t\t<section class=\"elementor-section elementor-top-section elementor-element elementor-element-d0f93e4 elementor-section-height-min-height elementor-section-boxed elementor-section-height-default elementor-section-items-middle\" data-id=\"d0f93e4\" data-element_type=\"section\" data-settings=\"{&quot;background_background&quot;:&quot;classic&quot;}\">\n\t\t\t\t\t\t\t<div class=\"elementor-background-overlay\"><\/div>\n\t\t\t\t\t\t\t<div class=\"elementor-container elementor-column-gap-no\">\n\t\t\t\t\t<div class=\"elementor-column elementor-col-100 elementor-top-column elementor-element elementor-element-29d7c6f\" data-id=\"29d7c6f\" data-element_type=\"column\">\n\t\t\t<div class=\"elementor-widget-wrap elementor-element-populated\">\n\t\t\t\t\t\t<div class=\"elementor-element elementor-element-b6a17a6 elementor-widget elementor-widget-heading\" data-id=\"b6a17a6\" data-element_type=\"widget\" data-widget_type=\"heading.default\">\n\t\t\t\t<div class=\"elementor-widget-container\">\n\t\t\t\t\t<h2 class=\"elementor-heading-title elementor-size-default\">T\u00fcrkiye\u2019nin \u0130lk ve Tek De\u011ferli Madenler Geri Kazan\u0131m Tesisi <\/h2>\t\t\t\t<\/div>\n\t\t\t\t<\/div>\n\t\t\t\t\t<\/div>\n\t\t<\/div>\n\t\t\t\t\t<\/div>\n\t\t<\/section>\n\t\t\t\t<section class=\"elementor-section elementor-top-section elementor-element elementor-element-6cd3a46 elementor-section-boxed elementor-section-height-default elementor-section-height-default\" data-id=\"6cd3a46\" data-element_type=\"section\">\n\t\t\t\t\t\t\t<div class=\"elementor-background-overlay\"><\/div>\n\t\t\t\t\t\t\t<div class=\"elementor-container elementor-column-gap-default\">\n\t\t\t\t\t<div class=\"elementor-column elementor-col-100 elementor-top-column elementor-element elementor-element-5a318c2\" data-id=\"5a318c2\" data-element_type=\"column\">\n\t\t\t<div class=\"elementor-widget-wrap elementor-element-populated\">\n\t\t\t\t\t\t<section class=\"elementor-section elementor-inner-section elementor-element elementor-element-3ef84cb elementor-section-full_width elementor-section-height-default elementor-section-height-default\" data-id=\"3ef84cb\" data-element_type=\"section\">\n\t\t\t\t\t\t<div class=\"elementor-container elementor-column-gap-default\">\n\t\t\t\t\t<div class=\"elementor-column elementor-col-100 elementor-inner-column elementor-element elementor-element-5420b28 elementor-invisible\" data-id=\"5420b28\" data-element_type=\"column\" data-settings=\"{&quot;animation&quot;:&quot;bounceInRight&quot;}\">\n\t\t\t<div class=\"elementor-widget-wrap elementor-element-populated\">\n\t\t\t\t\t\t<div class=\"elementor-element elementor-element-aedd6e1 elementor-widget elementor-widget-text-editor\" data-id=\"aedd6e1\" data-element_type=\"widget\" data-widget_type=\"text-editor.default\">\n\t\t\t\t<div class=\"elementor-widget-container\">\n\t\t\t\t\t\t\t\t\t<p>Teknodrom, T\u00fcrkiye\u2019nin ilk ve tek de\u011ferli madenler geri kazan\u0131m tesisidir. 2005 y\u0131l\u0131nda kurulan \u015firket, 2011 y\u0131l\u0131nda ilk defa kataliz\u00f6rlerin i\u00e7erisinde bulunan de\u011ferli metalleri geri kazanm\u0131\u015ft\u0131r. Uzun y\u0131llar s\u00fcren ar&amp;ge \u00e7al\u0131\u015fmalar\u0131 sonucu 2015 y\u0131l\u0131nda Dilovas\u0131 Organize Sanayi B\u00f6lgesinde geri kazan\u0131m fabrikas\u0131 faaliyete ge\u00e7mi\u015ftir.<\/p><p>2015\u2019den beri geri kazan\u0131m sekt\u00f6r\u00fcnde ilerlemeyi ba\u015faran Teknodrom, ba\u015fta Alt\u0131n ve G\u00fcm\u00fc\u015f olmak \u00fczere de\u011ferli metallerin geri kazan\u0131m\u0131n\u0131 d\u00fczenli \u015fekilde ger\u00e7ekle\u015ftirmektedir. Ar&amp;ge \u00e7al\u0131\u015fmalar\u0131na devam eden Teknodrom, nadir toprak elementlerinin geri kazan\u0131m\u0131n\u0131 konusunda da \u00e7al\u0131\u015fmalar ger\u00e7ekle\u015ftirmektedir.<\/p><p>\u00c7evremizin korunmas\u0131 ve \u00fclkemizin kalk\u0131nmas\u0131 i\u00e7in b\u00fcy\u00fck \u00f6nem arz eden bu sekt\u00f6rde Teknodrom, hi\u00e7 durmadan geli\u015fmeye ve geli\u015ftirmeye devam etmektedir.<\/p>\t\t\t\t\t\t\t\t<\/div>\n\t\t\t\t<\/div>\n\t\t\t\t\t<\/div>\n\t\t<\/div>\n\t\t\t\t\t<\/div>\n\t\t<\/section>\n\t\t\t\t\t<\/div>\n\t\t<\/div>\n\t\t\t\t\t<\/div>\n\t\t<\/section>\n\t\t\t\t<\/div>","protected":false},"excerpt":{"rendered":"<p>Teknodrom, T\u00fcrkiye\u2019nin ilk ve tek de\u011ferli madenler geri kazan\u0131m tesisidir. 2005 y\u0131l\u0131nda kurulan \u015firket, 2011 y\u0131l\u0131nda ilk defa kataliz\u00f6rlerin i\u00e7erisinde bulunan de\u011ferli metalleri geri kazanm\u0131\u015ft\u0131r. Uzun y\u0131llar s\u00fcren ar&amp;ge \u00e7al\u0131\u015fmalar\u0131 sonucu 2015 y\u0131l\u0131nda Dilovas\u0131 Organize Sanayi B\u00f6lgesinde geri kazan\u0131m fabrikas\u0131 faaliyete ge\u00e7mi\u015ftir. 2015\u2019den beri geri kazan\u0131m sekt\u00f6r\u00fcnde ilerlemeyi ba\u015faran Teknodrom, ba\u015fta Alt\u0131n ve G\u00fcm\u00fc\u015f olmak [&hellip;]<\/p>","protected":false},"author":1,"featured_media":0,"parent":1412,"menu_order":0,"comment_status":"closed","ping_status":"closed","template":"elementor_header_footer","meta":{"footnotes":""},"class_list":["post-1597","page","type-page","status-publish","hentry"],"_links":{"self":[{"href":"https:\/\/teknodrom.com.tr\/ar\/wp-json\/wp\/v2\/pages\/1597","targetHints":{"allow":["GET"]}}],"collection":[{"href":"https:\/\/teknodrom.com.tr\/ar\/wp-json\/wp\/v2\/pages"}],"about":[{"href":"https:\/\/teknodrom.com.tr\/ar\/wp-json\/wp\/v2\/types\/page"}],"author":[{"embeddable":true,"href":"https:\/\/teknodrom.com.tr\/ar\/wp-json\/wp\/v2\/users\/1"}],"replies":[{"embeddable":true,"href":"https:\/\/teknodrom.com.tr\/ar\/wp-json\/wp\/v2\/comments?post=1597"}],"version-history":[{"count":0,"href":"https:\/\/teknodrom.com.tr\/ar\/wp-json\/wp\/v2\/pages\/1597\/revisions"}],"up":[{"embeddable":true,"href":"https:\/\/teknodrom.com.tr\/ar\/wp-json\/wp\/v2\/pages\/1412"}],"wp:attachment":[{"href":"https:\/\/teknodrom.com.tr\/ar\/wp-json\/wp\/v2\/media?parent=1597"}],"curies":[{"name":"wp","href":"https:\/\/api.w.org\/{rel}","templated":true}]}}