{"id":1538,"date":"2023-09-14T09:24:01","date_gmt":"2023-09-14T09:24:01","guid":{"rendered":"https:\/\/hostidex.com\/teknodrom\/?page_id=1538"},"modified":"2023-09-14T09:38:38","modified_gmt":"2023-09-14T09:38:38","slug":"kablo-geri-donusumu","status":"publish","type":"page","link":"https:\/\/teknodrom.com.tr\/ar\/degerli-madenler-geri-kazanim\/kablo-geri-donusumu\/","title":{"rendered":"Kablo Geri D\u00f6n\u00fc\u015f\u00fcm\u00fc"},"content":{"rendered":"<div data-elementor-type=\"wp-page\" data-elementor-id=\"1538\" class=\"elementor elementor-1538\">\n\t\t\t\t\t\t<section class=\"elementor-section elementor-top-section elementor-element elementor-element-a4ca39c elementor-section-height-min-height elementor-section-boxed elementor-section-height-default elementor-section-items-middle\" data-id=\"a4ca39c\" data-element_type=\"section\" data-settings=\"{&quot;background_background&quot;:&quot;classic&quot;}\">\n\t\t\t\t\t\t\t<div class=\"elementor-background-overlay\"><\/div>\n\t\t\t\t\t\t\t<div class=\"elementor-container elementor-column-gap-no\">\n\t\t\t\t\t<div class=\"elementor-column elementor-col-100 elementor-top-column elementor-element elementor-element-f3c5bc0\" data-id=\"f3c5bc0\" data-element_type=\"column\">\n\t\t\t<div class=\"elementor-widget-wrap elementor-element-populated\">\n\t\t\t\t\t\t<div class=\"elementor-element elementor-element-4816324 elementor-widget elementor-widget-heading\" data-id=\"4816324\" data-element_type=\"widget\" data-widget_type=\"heading.default\">\n\t\t\t\t<div class=\"elementor-widget-container\">\n\t\t\t\t\t<h2 class=\"elementor-heading-title elementor-size-default\">T\u00fcrkiye\u2019nin \u0130lk ve Tek De\u011ferli Madenler Geri Kazan\u0131m Tesisi <\/h2>\t\t\t\t<\/div>\n\t\t\t\t<\/div>\n\t\t\t\t\t<\/div>\n\t\t<\/div>\n\t\t\t\t\t<\/div>\n\t\t<\/section>\n\t\t\t\t<section class=\"elementor-section elementor-top-section elementor-element elementor-element-056b5a3 elementor-section-boxed elementor-section-height-default elementor-section-height-default\" data-id=\"056b5a3\" data-element_type=\"section\">\n\t\t\t\t\t\t\t<div class=\"elementor-background-overlay\"><\/div>\n\t\t\t\t\t\t\t<div class=\"elementor-container elementor-column-gap-default\">\n\t\t\t\t\t<div class=\"elementor-column elementor-col-100 elementor-top-column elementor-element elementor-element-de0b504\" data-id=\"de0b504\" data-element_type=\"column\">\n\t\t\t<div class=\"elementor-widget-wrap elementor-element-populated\">\n\t\t\t\t\t\t<section class=\"elementor-section elementor-inner-section elementor-element elementor-element-f049ccc elementor-section-full_width elementor-section-height-default elementor-section-height-default\" data-id=\"f049ccc\" data-element_type=\"section\">\n\t\t\t\t\t\t<div class=\"elementor-container elementor-column-gap-default\">\n\t\t\t\t\t<div class=\"elementor-column elementor-col-50 elementor-inner-column elementor-element elementor-element-cf92783 elementor-invisible\" data-id=\"cf92783\" data-element_type=\"column\" data-settings=\"{&quot;animation&quot;:&quot;bounceInLeft&quot;}\">\n\t\t\t<div class=\"elementor-widget-wrap elementor-element-populated\">\n\t\t\t\t\t\t<div class=\"elementor-element elementor-element-c019baf elementor-widget elementor-widget-image\" data-id=\"c019baf\" data-element_type=\"widget\" data-widget_type=\"image.default\">\n\t\t\t\t<div class=\"elementor-widget-container\">\n\t\t\t\t\t\t\t\t\t\t\t\t\t\t\t<img fetchpriority=\"high\" decoding=\"async\" width=\"1200\" height=\"800\" src=\"https:\/\/teknodrom.com.tr\/wp-content\/uploads\/2023\/09\/kabloicgorsel.jpg\" class=\"attachment-full size-full wp-image-1542\" alt=\"\" srcset=\"https:\/\/teknodrom.com.tr\/wp-content\/uploads\/2023\/09\/kabloicgorsel.jpg 1200w, https:\/\/teknodrom.com.tr\/wp-content\/uploads\/2023\/09\/kabloicgorsel-300x200.jpg 300w, https:\/\/teknodrom.com.tr\/wp-content\/uploads\/2023\/09\/kabloicgorsel-1024x683.jpg 1024w, https:\/\/teknodrom.com.tr\/wp-content\/uploads\/2023\/09\/kabloicgorsel-768x512.jpg 768w, https:\/\/teknodrom.com.tr\/wp-content\/uploads\/2023\/09\/kabloicgorsel-18x12.jpg 18w\" sizes=\"(max-width: 1200px) 100vw, 1200px\" \/>\t\t\t\t\t\t\t\t\t\t\t\t\t\t\t<\/div>\n\t\t\t\t<\/div>\n\t\t\t\t\t<\/div>\n\t\t<\/div>\n\t\t\t\t<div class=\"elementor-column elementor-col-50 elementor-inner-column elementor-element elementor-element-d211198 elementor-invisible\" data-id=\"d211198\" data-element_type=\"column\" data-settings=\"{&quot;animation&quot;:&quot;bounceInRight&quot;}\">\n\t\t\t<div class=\"elementor-widget-wrap elementor-element-populated\">\n\t\t\t\t\t\t<div class=\"elementor-element elementor-element-6db6513 elementor-widget elementor-widget-text-editor\" data-id=\"6db6513\" data-element_type=\"widget\" data-widget_type=\"text-editor.default\">\n\t\t\t\t<div class=\"elementor-widget-container\">\n\t\t\t\t\t\t\t\t\t<p>Teknodrom tesisinde kablo geri d\u00f6n\u00fc\u015f\u00fcm\u00fc de ger\u00e7ekle\u015ftirmektedir. Ayl\u0131k 100 ton bak\u0131r kablo i\u015fleme kapasitesine sahiptir.<\/p><p>\u00dclke i\u00e7inden toplanan veya ithal edilen bak\u0131r kablolar profesyonel ve \u00f6zel \u00fcretilmi\u015f makineler sayesinde ayr\u0131\u015ft\u0131r\u0131l\u0131r. Kablolar\u0131n i\u00e7eri\u011finde bak\u0131r, bak\u0131r gran\u00fclleri olarak elde edilir. Geriye kalan plastik at\u0131klar ise plastik geri d\u00f6n\u00fc\u015f\u00fcm tesislerinde kullan\u0131l\u0131r. Bu sayede 100% geri d\u00f6n\u00fc\u015f\u00fcm ve s\u00fcrd\u00fcr\u00fclebilirlik sa\u011flanm\u0131\u015f olur.<\/p>\t\t\t\t\t\t\t\t<\/div>\n\t\t\t\t<\/div>\n\t\t\t\t\t<\/div>\n\t\t<\/div>\n\t\t\t\t\t<\/div>\n\t\t<\/section>\n\t\t\t\t\t<\/div>\n\t\t<\/div>\n\t\t\t\t\t<\/div>\n\t\t<\/section>\n\t\t\t\t<\/div>","protected":false},"excerpt":{"rendered":"<p>Teknodrom tesisinde kablo geri d\u00f6n\u00fc\u015f\u00fcm\u00fc de ger\u00e7ekle\u015ftirmektedir. Ayl\u0131k 100 ton bak\u0131r kablo i\u015fleme kapasitesine sahiptir. \u00dclke i\u00e7inden toplanan veya ithal edilen bak\u0131r kablolar profesyonel ve \u00f6zel \u00fcretilmi\u015f makineler sayesinde ayr\u0131\u015ft\u0131r\u0131l\u0131r. Kablolar\u0131n i\u00e7eri\u011finde bak\u0131r, bak\u0131r gran\u00fclleri olarak elde edilir. Geriye kalan plastik at\u0131klar ise plastik geri d\u00f6n\u00fc\u015f\u00fcm tesislerinde kullan\u0131l\u0131r. Bu sayede 100% geri d\u00f6n\u00fc\u015f\u00fcm ve s\u00fcrd\u00fcr\u00fclebilirlik [&hellip;]<\/p>","protected":false},"author":1,"featured_media":0,"parent":1412,"menu_order":0,"comment_status":"closed","ping_status":"closed","template":"elementor_header_footer","meta":{"footnotes":""},"class_list":["post-1538","page","type-page","status-publish","hentry"],"_links":{"self":[{"href":"https:\/\/teknodrom.com.tr\/ar\/wp-json\/wp\/v2\/pages\/1538","targetHints":{"allow":["GET"]}}],"collection":[{"href":"https:\/\/teknodrom.com.tr\/ar\/wp-json\/wp\/v2\/pages"}],"about":[{"href":"https:\/\/teknodrom.com.tr\/ar\/wp-json\/wp\/v2\/types\/page"}],"author":[{"embeddable":true,"href":"https:\/\/teknodrom.com.tr\/ar\/wp-json\/wp\/v2\/users\/1"}],"replies":[{"embeddable":true,"href":"https:\/\/teknodrom.com.tr\/ar\/wp-json\/wp\/v2\/comments?post=1538"}],"version-history":[{"count":0,"href":"https:\/\/teknodrom.com.tr\/ar\/wp-json\/wp\/v2\/pages\/1538\/revisions"}],"up":[{"embeddable":true,"href":"https:\/\/teknodrom.com.tr\/ar\/wp-json\/wp\/v2\/pages\/1412"}],"wp:attachment":[{"href":"https:\/\/teknodrom.com.tr\/ar\/wp-json\/wp\/v2\/media?parent=1538"}],"curies":[{"name":"wp","href":"https:\/\/api.w.org\/{rel}","templated":true}]}}