{"id":1524,"date":"2023-09-14T09:09:11","date_gmt":"2023-09-14T09:09:11","guid":{"rendered":"https:\/\/hostidex.com\/teknodrom\/?page_id=1524"},"modified":"2023-09-14T09:23:37","modified_gmt":"2023-09-14T09:23:37","slug":"elektronik-atiklarin-geri-donusumu","status":"publish","type":"page","link":"https:\/\/teknodrom.com.tr\/ar\/degerli-madenler-geri-kazanim\/elektronik-atiklarin-geri-donusumu\/","title":{"rendered":"Elektronik At\u0131klar\u0131n Geri D\u00f6n\u00fc\u015f\u00fcm\u00fc"},"content":{"rendered":"<div data-elementor-type=\"wp-page\" data-elementor-id=\"1524\" class=\"elementor elementor-1524\">\n\t\t\t\t\t\t<section class=\"elementor-section elementor-top-section elementor-element elementor-element-5f5bbaf elementor-section-height-min-height elementor-section-boxed elementor-section-height-default elementor-section-items-middle\" data-id=\"5f5bbaf\" data-element_type=\"section\" data-settings=\"{&quot;background_background&quot;:&quot;classic&quot;}\">\n\t\t\t\t\t\t\t<div class=\"elementor-background-overlay\"><\/div>\n\t\t\t\t\t\t\t<div class=\"elementor-container elementor-column-gap-no\">\n\t\t\t\t\t<div class=\"elementor-column elementor-col-100 elementor-top-column elementor-element elementor-element-98af92d\" data-id=\"98af92d\" data-element_type=\"column\">\n\t\t\t<div class=\"elementor-widget-wrap elementor-element-populated\">\n\t\t\t\t\t\t<div class=\"elementor-element elementor-element-bd08db7 elementor-widget elementor-widget-heading\" data-id=\"bd08db7\" data-element_type=\"widget\" data-widget_type=\"heading.default\">\n\t\t\t\t<div class=\"elementor-widget-container\">\n\t\t\t\t\t<h2 class=\"elementor-heading-title elementor-size-default\">T\u00fcrkiye\u2019nin \u0130lk ve Tek De\u011ferli Madenler Geri Kazan\u0131m Tesisi <\/h2>\t\t\t\t<\/div>\n\t\t\t\t<\/div>\n\t\t\t\t\t<\/div>\n\t\t<\/div>\n\t\t\t\t\t<\/div>\n\t\t<\/section>\n\t\t\t\t<section class=\"elementor-section elementor-top-section elementor-element elementor-element-27e2ac2 elementor-section-boxed elementor-section-height-default elementor-section-height-default\" data-id=\"27e2ac2\" data-element_type=\"section\">\n\t\t\t\t\t\t\t<div class=\"elementor-background-overlay\"><\/div>\n\t\t\t\t\t\t\t<div class=\"elementor-container elementor-column-gap-default\">\n\t\t\t\t\t<div class=\"elementor-column elementor-col-100 elementor-top-column elementor-element elementor-element-1dbe117\" data-id=\"1dbe117\" data-element_type=\"column\">\n\t\t\t<div class=\"elementor-widget-wrap elementor-element-populated\">\n\t\t\t\t\t\t<section class=\"elementor-section elementor-inner-section elementor-element elementor-element-a367366 elementor-section-boxed elementor-section-height-default elementor-section-height-default\" data-id=\"a367366\" data-element_type=\"section\">\n\t\t\t\t\t\t<div class=\"elementor-container elementor-column-gap-default\">\n\t\t\t\t\t<div class=\"elementor-column elementor-col-50 elementor-inner-column elementor-element elementor-element-370b6fe elementor-invisible\" data-id=\"370b6fe\" data-element_type=\"column\" data-settings=\"{&quot;animation&quot;:&quot;bounceInLeft&quot;}\">\n\t\t\t<div class=\"elementor-widget-wrap elementor-element-populated\">\n\t\t\t\t\t\t<div class=\"elementor-element elementor-element-a71c72a elementor-widget elementor-widget-image\" data-id=\"a71c72a\" data-element_type=\"widget\" data-widget_type=\"image.default\">\n\t\t\t\t<div class=\"elementor-widget-container\">\n\t\t\t\t\t\t\t\t\t\t\t\t\t\t\t<img fetchpriority=\"high\" decoding=\"async\" width=\"1200\" height=\"800\" src=\"https:\/\/teknodrom.com.tr\/wp-content\/uploads\/2023\/09\/elektronik-atiklar-icgorsel.jpg\" class=\"attachment-full size-full wp-image-1530\" alt=\"\" srcset=\"https:\/\/teknodrom.com.tr\/wp-content\/uploads\/2023\/09\/elektronik-atiklar-icgorsel.jpg 1200w, https:\/\/teknodrom.com.tr\/wp-content\/uploads\/2023\/09\/elektronik-atiklar-icgorsel-300x200.jpg 300w, https:\/\/teknodrom.com.tr\/wp-content\/uploads\/2023\/09\/elektronik-atiklar-icgorsel-1024x683.jpg 1024w, https:\/\/teknodrom.com.tr\/wp-content\/uploads\/2023\/09\/elektronik-atiklar-icgorsel-768x512.jpg 768w, https:\/\/teknodrom.com.tr\/wp-content\/uploads\/2023\/09\/elektronik-atiklar-icgorsel-18x12.jpg 18w\" sizes=\"(max-width: 1200px) 100vw, 1200px\" \/>\t\t\t\t\t\t\t\t\t\t\t\t\t\t\t<\/div>\n\t\t\t\t<\/div>\n\t\t\t\t\t<\/div>\n\t\t<\/div>\n\t\t\t\t<div class=\"elementor-column elementor-col-50 elementor-inner-column elementor-element elementor-element-e585280 elementor-invisible\" data-id=\"e585280\" data-element_type=\"column\" data-settings=\"{&quot;animation&quot;:&quot;bounceInRight&quot;}\">\n\t\t\t<div class=\"elementor-widget-wrap elementor-element-populated\">\n\t\t\t\t\t\t<div class=\"elementor-element elementor-element-d74d32f elementor-widget elementor-widget-text-editor\" data-id=\"d74d32f\" data-element_type=\"widget\" data-widget_type=\"text-editor.default\">\n\t\t\t\t<div class=\"elementor-widget-container\">\n\t\t\t\t\t\t\t\t\t<p>Elektronik devre kartlar\u0131, iletken par\u00e7alar\u0131, metalleri ve camlar\u0131 kullanarak elektrik bile\u015fenlerini birbirine ba\u011flayan bak\u0131r kapl\u0131 plastik tabakalard\u0131r.<\/p><p>Elektronik devre kartlar\u0131 en basit elektronik aletlerin i\u00e7erisinde bile bulunan ve elektronik sekt\u00f6r\u00fcnde s\u0131kl\u0131kla kullan\u0131lan devrelerdir. PCB \u00fcretiminin y\u0131lda 80 milyar dolar de\u011ferine ula\u015ft\u0131\u011f\u0131 tahmin edilmektedir. Bu art\u0131\u015f\u0131n en b\u00fcy\u00fck nedeni, ak\u0131ll\u0131 telefon ve medya cihazlar\u0131na olan talebin h\u0131zla artmas\u0131d\u0131r. G\u00fcn\u00fcm\u00fczde devre kartlar\u0131 toplam e -at\u0131\u011f\u0131n (y\u0131lda 50 milyon ton) a\u011f\u0131rl\u0131k olarak y\u00fczde 10&#8217;luk k\u0131sm\u0131n\u0131 olu\u015fturmaktad\u0131r.<\/p><p>Elektronik at\u0131klar\u0131n i\u00e7inde bulunan de\u011ferli metallerin b\u00fcy\u00fck bir b\u00f6l\u00fcm\u00fc devre kartlar\u0131 \u00fczerinde bulunmaktad\u0131r. Kart\u0131n tipine ve kullan\u0131m alan\u0131na g\u00f6re de\u011fi\u015fmekle beraber, 1 ton devre kart\u0131nda g\u00fcm\u00fc\u015f, paladyum ve bak\u0131ra ilave olarak 10 ila 1.000 gram aras\u0131nda alt\u0131n bulunmaktad\u0131r. Bir ton elektronik devre kart\u0131ndan elde edilen alt\u0131n, ayn\u0131 b\u00fcy\u00fckl\u00fckte toprak cevherinden elde edilen alt\u0131ndan 40 ile 800 kat daha fazlad\u0131r. Hurda cep telefonu kartlar\u0131nda ise tonda 300-1000 gram aras\u0131nda alt\u0131n geri kazan\u0131labilmektedir.<\/p>\t\t\t\t\t\t\t\t<\/div>\n\t\t\t\t<\/div>\n\t\t\t\t\t<\/div>\n\t\t<\/div>\n\t\t\t\t\t<\/div>\n\t\t<\/section>\n\t\t\t\t<section class=\"elementor-section elementor-inner-section elementor-element elementor-element-d4dbc2a elementor-section-boxed elementor-section-height-default elementor-section-height-default\" data-id=\"d4dbc2a\" data-element_type=\"section\">\n\t\t\t\t\t\t<div class=\"elementor-container elementor-column-gap-default\">\n\t\t\t\t\t<div class=\"elementor-column elementor-col-50 elementor-inner-column elementor-element elementor-element-3d66a56 elementor-invisible\" data-id=\"3d66a56\" data-element_type=\"column\" data-settings=\"{&quot;animation&quot;:&quot;bounceInLeft&quot;}\">\n\t\t\t<div class=\"elementor-widget-wrap elementor-element-populated\">\n\t\t\t\t\t\t<div class=\"elementor-element elementor-element-b459493 elementor-widget elementor-widget-text-editor\" data-id=\"b459493\" data-element_type=\"widget\" data-widget_type=\"text-editor.default\">\n\t\t\t\t<div class=\"elementor-widget-container\">\n\t\t\t\t\t\t\t\t\t<p>TEKNODROM y\u0131lda 2.000 tonun \u00fczerinde elektronik devre kart\u0131 toplamakta ve i\u00e7lerindeki de\u011ferli metalleri geri kazanmaktad\u0131r.<\/p><p>Devre kartlar\u0131n\u0131n geri d\u00f6n\u00fc\u015f\u00fcm\u00fc, kartlar\u0131n kuvvetli k\u0131r\u0131c\u0131lar yard\u0131m\u0131yla k\u00fc\u00e7\u00fck par\u00e7alara ayr\u0131lmas\u0131 ile ba\u015flar. De\u011ferli metal geri kazan\u0131m\u0131 i\u00e7in hem hidrometalurji, hem de pirometalurji y\u00f6ntemleri kullan\u0131lmaktad\u0131r. Genelde uygulanan pirometalurji y\u00f6nteminde, kartlar eritilerek i\u00e7indeki de\u011ferli metaller s\u0131v\u0131 bak\u0131r i\u00e7inde toplan\u0131r, Daha sonra da alt\u0131n, g\u00fcm\u00fc\u015f ve paladyum gibi de\u011ferli metaller bak\u0131r elektrolizi yap\u0131larak bu bak\u0131r konsantresinden geri kazan\u0131l\u0131r. Bu proses ile y\u00fczde 98 oran\u0131nda de\u011ferli metaller elde edilmektedir.<\/p><p>A\u015fa\u011f\u0131daki elektronik kartlar da dahil olmak \u00fczere bir\u00e7ok \u00e7e\u015fit elektronik kart toplamakta ve geri d\u00f6n\u00fc\u015ft\u00fcrmekteyiz:<\/p><p>Bilgisayar anakartlar\u0131, telekom\u00fcnikasyon kartlar\u0131, server anakartlar\u0131, cep telefonu kartlar\u0131, telefon kartlar\u0131, t\u0131bbi cihaz kartlar\u0131, LCD tv kartlar\u0131, kontrol panel kartlar\u0131, yaz\u0131c\u0131, taray\u0131c\u0131 ve faks makinesi kartlar\u0131, ram, harddisk kartlar\u0131, i\u015flemciler, gemi, denizalt\u0131 ve u\u00e7aklarda kullan\u0131lan devre kartlar\u0131, POS cihaz kartlar\u0131 ve benzerleri.<\/p><p>Teknodrom elektronik at\u0131klar hakk\u0131nda geni\u015f bilgiye ve tecr\u00fcbeye sahiptir. Elektronik at\u0131k i\u015fleme kapasitesini artt\u0131rmaya y\u00f6nelik yat\u0131r\u0131mlar yapmakta ve ar&amp;ge i\u015flemlerine devam etmektedir.<\/p>\t\t\t\t\t\t\t\t<\/div>\n\t\t\t\t<\/div>\n\t\t\t\t\t<\/div>\n\t\t<\/div>\n\t\t\t\t<div class=\"elementor-column elementor-col-50 elementor-inner-column elementor-element elementor-element-b3415f9 elementor-invisible\" data-id=\"b3415f9\" data-element_type=\"column\" data-settings=\"{&quot;animation&quot;:&quot;bounceInRight&quot;}\">\n\t\t\t<div class=\"elementor-widget-wrap elementor-element-populated\">\n\t\t\t\t\t\t<div class=\"elementor-element elementor-element-29e4c5c elementor-widget elementor-widget-image\" data-id=\"29e4c5c\" data-element_type=\"widget\" data-widget_type=\"image.default\">\n\t\t\t\t<div class=\"elementor-widget-container\">\n\t\t\t\t\t\t\t\t\t\t\t\t\t\t\t<img decoding=\"async\" width=\"1200\" height=\"726\" src=\"https:\/\/teknodrom.com.tr\/wp-content\/uploads\/2023\/09\/eatikgorsel.jpg\" class=\"attachment-full size-full wp-image-1534\" alt=\"\" srcset=\"https:\/\/teknodrom.com.tr\/wp-content\/uploads\/2023\/09\/eatikgorsel.jpg 1200w, https:\/\/teknodrom.com.tr\/wp-content\/uploads\/2023\/09\/eatikgorsel-300x182.jpg 300w, https:\/\/teknodrom.com.tr\/wp-content\/uploads\/2023\/09\/eatikgorsel-1024x620.jpg 1024w, https:\/\/teknodrom.com.tr\/wp-content\/uploads\/2023\/09\/eatikgorsel-768x465.jpg 768w, https:\/\/teknodrom.com.tr\/wp-content\/uploads\/2023\/09\/eatikgorsel-18x12.jpg 18w\" sizes=\"(max-width: 1200px) 100vw, 1200px\" \/>\t\t\t\t\t\t\t\t\t\t\t\t\t\t\t<\/div>\n\t\t\t\t<\/div>\n\t\t\t\t\t<\/div>\n\t\t<\/div>\n\t\t\t\t\t<\/div>\n\t\t<\/section>\n\t\t\t\t\t<\/div>\n\t\t<\/div>\n\t\t\t\t\t<\/div>\n\t\t<\/section>\n\t\t\t\t<\/div>","protected":false},"excerpt":{"rendered":"<p>Elektronik devre kartlar\u0131, iletken par\u00e7alar\u0131, metalleri ve camlar\u0131 kullanarak elektrik bile\u015fenlerini birbirine ba\u011flayan bak\u0131r kapl\u0131 plastik tabakalard\u0131r. Elektronik devre kartlar\u0131 en basit elektronik aletlerin i\u00e7erisinde bile bulunan ve elektronik sekt\u00f6r\u00fcnde s\u0131kl\u0131kla kullan\u0131lan devrelerdir. PCB \u00fcretiminin y\u0131lda 80 milyar dolar de\u011ferine ula\u015ft\u0131\u011f\u0131 tahmin edilmektedir. Bu art\u0131\u015f\u0131n en b\u00fcy\u00fck nedeni, ak\u0131ll\u0131 telefon ve medya cihazlar\u0131na olan talebin [&hellip;]<\/p>","protected":false},"author":1,"featured_media":0,"parent":1412,"menu_order":0,"comment_status":"closed","ping_status":"closed","template":"elementor_header_footer","meta":{"footnotes":""},"class_list":["post-1524","page","type-page","status-publish","hentry"],"_links":{"self":[{"href":"https:\/\/teknodrom.com.tr\/ar\/wp-json\/wp\/v2\/pages\/1524","targetHints":{"allow":["GET"]}}],"collection":[{"href":"https:\/\/teknodrom.com.tr\/ar\/wp-json\/wp\/v2\/pages"}],"about":[{"href":"https:\/\/teknodrom.com.tr\/ar\/wp-json\/wp\/v2\/types\/page"}],"author":[{"embeddable":true,"href":"https:\/\/teknodrom.com.tr\/ar\/wp-json\/wp\/v2\/users\/1"}],"replies":[{"embeddable":true,"href":"https:\/\/teknodrom.com.tr\/ar\/wp-json\/wp\/v2\/comments?post=1524"}],"version-history":[{"count":0,"href":"https:\/\/teknodrom.com.tr\/ar\/wp-json\/wp\/v2\/pages\/1524\/revisions"}],"up":[{"embeddable":true,"href":"https:\/\/teknodrom.com.tr\/ar\/wp-json\/wp\/v2\/pages\/1412"}],"wp:attachment":[{"href":"https:\/\/teknodrom.com.tr\/ar\/wp-json\/wp\/v2\/media?parent=1524"}],"curies":[{"name":"wp","href":"https:\/\/api.w.org\/{rel}","templated":true}]}}