{"id":1440,"date":"2023-09-05T12:28:15","date_gmt":"2023-09-05T12:28:15","guid":{"rendered":"https:\/\/hostidex.com\/teknodrom\/?page_id=1440"},"modified":"2023-09-05T12:43:09","modified_gmt":"2023-09-05T12:43:09","slug":"urunlerimiz","status":"publish","type":"page","link":"https:\/\/teknodrom.com.tr\/ar\/aluminyum-billet\/urunlerimiz\/","title":{"rendered":"\u00dcr\u00fcnlerimiz"},"content":{"rendered":"<div data-elementor-type=\"wp-page\" data-elementor-id=\"1440\" class=\"elementor elementor-1440\">\n\t\t\t\t\t\t<section class=\"elementor-section elementor-top-section elementor-element elementor-element-6a4e92f elementor-section-height-min-height elementor-section-boxed elementor-section-height-default elementor-section-items-middle\" data-id=\"6a4e92f\" data-element_type=\"section\" data-settings=\"{&quot;background_background&quot;:&quot;classic&quot;}\">\n\t\t\t\t\t\t\t<div class=\"elementor-background-overlay\"><\/div>\n\t\t\t\t\t\t\t<div class=\"elementor-container elementor-column-gap-default\">\n\t\t\t\t\t<div class=\"elementor-column elementor-col-100 elementor-top-column elementor-element elementor-element-ece37f5\" data-id=\"ece37f5\" data-element_type=\"column\">\n\t\t\t<div class=\"elementor-widget-wrap elementor-element-populated\">\n\t\t\t\t\t\t<div class=\"elementor-element elementor-element-ec30e4f elementor-widget elementor-widget-heading\" data-id=\"ec30e4f\" data-element_type=\"widget\" data-widget_type=\"heading.default\">\n\t\t\t\t<div class=\"elementor-widget-container\">\n\t\t\t\t\t<h1 class=\"elementor-heading-title elementor-size-default\">\u00dcr\u00fcnlerimiz<\/h1>\t\t\t\t<\/div>\n\t\t\t\t<\/div>\n\t\t\t\t\t<\/div>\n\t\t<\/div>\n\t\t\t\t\t<\/div>\n\t\t<\/section>\n\t\t\t\t<section class=\"elementor-section elementor-top-section elementor-element elementor-element-835a590 elementor-section-boxed elementor-section-height-default elementor-section-height-default\" data-id=\"835a590\" data-element_type=\"section\">\n\t\t\t\t\t\t<div class=\"elementor-container elementor-column-gap-default\">\n\t\t\t\t\t<div class=\"elementor-column elementor-col-50 elementor-top-column elementor-element elementor-element-71dca99\" data-id=\"71dca99\" data-element_type=\"column\">\n\t\t\t<div class=\"elementor-widget-wrap elementor-element-populated\">\n\t\t\t\t\t\t<div class=\"elementor-element elementor-element-026e353 elementor-widget elementor-widget-image\" data-id=\"026e353\" data-element_type=\"widget\" data-widget_type=\"image.default\">\n\t\t\t\t<div class=\"elementor-widget-container\">\n\t\t\t\t\t\t\t\t\t\t\t\t\t\t\t<img fetchpriority=\"high\" decoding=\"async\" width=\"1200\" height=\"800\" src=\"https:\/\/teknodrom.com.tr\/wp-content\/uploads\/2023\/09\/billet-fotografi.jpg\" class=\"attachment-full size-full wp-image-1445\" alt=\"\" srcset=\"https:\/\/teknodrom.com.tr\/wp-content\/uploads\/2023\/09\/billet-fotografi.jpg 1200w, https:\/\/teknodrom.com.tr\/wp-content\/uploads\/2023\/09\/billet-fotografi-300x200.jpg 300w, https:\/\/teknodrom.com.tr\/wp-content\/uploads\/2023\/09\/billet-fotografi-1024x683.jpg 1024w, https:\/\/teknodrom.com.tr\/wp-content\/uploads\/2023\/09\/billet-fotografi-768x512.jpg 768w, https:\/\/teknodrom.com.tr\/wp-content\/uploads\/2023\/09\/billet-fotografi-18x12.jpg 18w\" sizes=\"(max-width: 1200px) 100vw, 1200px\" \/>\t\t\t\t\t\t\t\t\t\t\t\t\t\t\t<\/div>\n\t\t\t\t<\/div>\n\t\t\t\t\t<\/div>\n\t\t<\/div>\n\t\t\t\t<div class=\"elementor-column elementor-col-50 elementor-top-column elementor-element elementor-element-b8e7bfb\" data-id=\"b8e7bfb\" data-element_type=\"column\">\n\t\t\t<div class=\"elementor-widget-wrap\">\n\t\t\t\t\t\t\t<\/div>\n\t\t<\/div>\n\t\t\t\t\t<\/div>\n\t\t<\/section>\n\t\t\t\t<\/div>","protected":false},"excerpt":{"rendered":"<p>\u00dcr\u00fcnlerimiz \u00dcretim \u00c7aplar\u0131m\u0131z \u00dcretim Uzunluklar\u0131m\u0131z Edit Content 5 inch (127mm) 6 inch (152mm) 7 inch (177mm) 8 inch (203mm) Edit Content Click on the Edit Content button to edit\/add the content.<\/p>","protected":false},"author":1,"featured_media":0,"parent":240,"menu_order":0,"comment_status":"closed","ping_status":"closed","template":"elementor_header_footer","meta":{"footnotes":""},"class_list":["post-1440","page","type-page","status-publish","hentry"],"_links":{"self":[{"href":"https:\/\/teknodrom.com.tr\/ar\/wp-json\/wp\/v2\/pages\/1440","targetHints":{"allow":["GET"]}}],"collection":[{"href":"https:\/\/teknodrom.com.tr\/ar\/wp-json\/wp\/v2\/pages"}],"about":[{"href":"https:\/\/teknodrom.com.tr\/ar\/wp-json\/wp\/v2\/types\/page"}],"author":[{"embeddable":true,"href":"https:\/\/teknodrom.com.tr\/ar\/wp-json\/wp\/v2\/users\/1"}],"replies":[{"embeddable":true,"href":"https:\/\/teknodrom.com.tr\/ar\/wp-json\/wp\/v2\/comments?post=1440"}],"version-history":[{"count":0,"href":"https:\/\/teknodrom.com.tr\/ar\/wp-json\/wp\/v2\/pages\/1440\/revisions"}],"up":[{"embeddable":true,"href":"https:\/\/teknodrom.com.tr\/ar\/wp-json\/wp\/v2\/pages\/240"}],"wp:attachment":[{"href":"https:\/\/teknodrom.com.tr\/ar\/wp-json\/wp\/v2\/media?parent=1440"}],"curies":[{"name":"wp","href":"https:\/\/api.w.org\/{rel}","templated":true}]}}