{"id":1412,"date":"2023-08-21T23:51:20","date_gmt":"2023-08-21T23:51:20","guid":{"rendered":"https:\/\/hostidex.com\/teknodrom\/?page_id=1412"},"modified":"2023-11-09T13:35:14","modified_gmt":"2023-11-09T13:35:14","slug":"degerli-madenler-geri-kazanim","status":"publish","type":"page","link":"https:\/\/teknodrom.com.tr\/ar\/degerli-madenler-geri-kazanim\/","title":{"rendered":"De\u011ferli Madenler Geri Kazan\u0131m"},"content":{"rendered":"<div data-elementor-type=\"wp-page\" data-elementor-id=\"1412\" class=\"elementor elementor-1412\">\n\t\t\t\t\t\t<section class=\"elementor-section elementor-top-section elementor-element elementor-element-9fc3880 elementor-section-height-min-height elementor-section-boxed elementor-section-height-default elementor-section-items-middle\" data-id=\"9fc3880\" data-element_type=\"section\" data-settings=\"{&quot;background_background&quot;:&quot;classic&quot;}\">\n\t\t\t\t\t\t\t<div class=\"elementor-background-overlay\"><\/div>\n\t\t\t\t\t\t\t<div class=\"elementor-container elementor-column-gap-no\">\n\t\t\t\t\t<div class=\"elementor-column elementor-col-100 elementor-top-column elementor-element elementor-element-e37d492\" data-id=\"e37d492\" data-element_type=\"column\">\n\t\t\t<div class=\"elementor-widget-wrap\">\n\t\t\t\t\t\t\t<\/div>\n\t\t<\/div>\n\t\t\t\t\t<\/div>\n\t\t<\/section>\n\t\t\t\t<section class=\"elementor-section elementor-top-section elementor-element elementor-element-98316d6 elementor-section-boxed elementor-section-height-default elementor-section-height-default\" data-id=\"98316d6\" data-element_type=\"section\">\n\t\t\t\t\t\t<div class=\"elementor-container elementor-column-gap-default\">\n\t\t\t\t\t<div class=\"elementor-column elementor-col-50 elementor-top-column elementor-element elementor-element-1f22308 elementor-invisible\" data-id=\"1f22308\" data-element_type=\"column\" data-settings=\"{&quot;animation&quot;:&quot;slideInLeft&quot;}\">\n\t\t\t<div class=\"elementor-widget-wrap elementor-element-populated\">\n\t\t\t\t\t\t<div class=\"elementor-element elementor-element-5899726 elementor-widget elementor-widget-video\" data-id=\"5899726\" data-element_type=\"widget\" data-settings=\"{&quot;youtube_url&quot;:&quot;https:\\\/\\\/www.youtube.com\\\/watch?v=XHOmBV4js_E&quot;,&quot;video_type&quot;:&quot;youtube&quot;,&quot;controls&quot;:&quot;yes&quot;}\" data-widget_type=\"video.default\">\n\t\t\t\t<div class=\"elementor-widget-container\">\n\t\t\t\t\t\t\t<div class=\"elementor-wrapper elementor-open-inline\">\n\t\t\t<div class=\"elementor-video\"><\/div>\t\t<\/div>\n\t\t\t\t\t\t<\/div>\n\t\t\t\t<\/div>\n\t\t\t\t\t<\/div>\n\t\t<\/div>\n\t\t\t\t<div class=\"elementor-column elementor-col-50 elementor-top-column elementor-element elementor-element-7c08f5d elementor-invisible\" data-id=\"7c08f5d\" data-element_type=\"column\" data-settings=\"{&quot;animation&quot;:&quot;slideInRight&quot;}\">\n\t\t\t<div class=\"elementor-widget-wrap elementor-element-populated\">\n\t\t\t\t\t\t<div class=\"elementor-element elementor-element-59c5e49 elementor-widget elementor-widget-heading\" data-id=\"59c5e49\" data-element_type=\"widget\" data-widget_type=\"heading.default\">\n\t\t\t\t<div class=\"elementor-widget-container\">\n\t\t\t\t\t<h2 class=\"elementor-heading-title elementor-size-default\">HAKKIMIZDA<\/h2>\t\t\t\t<\/div>\n\t\t\t\t<\/div>\n\t\t\t\t<div class=\"elementor-element elementor-element-0563438 elementor-widget elementor-widget-text-editor\" data-id=\"0563438\" data-element_type=\"widget\" data-widget_type=\"text-editor.default\">\n\t\t\t\t<div class=\"elementor-widget-container\">\n\t\t\t\t\t\t\t\t\t<p>Teknodrom, T\u00fcrkiye\u2019nin ilk ve tek de\u011ferli madenler geri kazan\u0131m tesisidir. 2005 y\u0131l\u0131nda kurulan \u015firket, 2011 y\u0131l\u0131nda ilk defa kataliz\u00f6rlerin i\u00e7erisinde bulunan de\u011ferli metalleri geri kazanm\u0131\u015ft\u0131r. Uzun y\u0131llar s\u00fcren ar&amp;ge \u00e7al\u0131\u015fmalar\u0131 sonucu 2015 y\u0131l\u0131nda Dilovas\u0131 Organize Sanayi B\u00f6lgesinde geri kazan\u0131m fabrikas\u0131 faaliyete ge\u00e7mi\u015ftir.<\/p><p>2015\u2019den beri geri kazan\u0131m sekt\u00f6r\u00fcnde ilerlemeyi ba\u015faran Teknodrom, ba\u015fta Alt\u0131n ve G\u00fcm\u00fc\u015f olmak \u00fczere de\u011ferli metallerin geri kazan\u0131m\u0131n\u0131 d\u00fczenli \u015fekilde ger\u00e7ekle\u015ftirmektedir. Ar&amp;ge \u00e7al\u0131\u015fmalar\u0131na devam eden Teknodrom, nadir toprak elementlerinin geri kazan\u0131m\u0131n\u0131 konusunda da \u00e7al\u0131\u015fmalar ger\u00e7ekle\u015ftirmektedir.<\/p><p>\u00c7evremizin korunmas\u0131 ve \u00fclkemizin kalk\u0131nmas\u0131 i\u00e7in b\u00fcy\u00fck \u00f6nem arz eden bu sekt\u00f6rde Teknodrom, hi\u00e7 durmadan geli\u015fmeye ve geli\u015ftirmeye devam etmektedir.<\/p>\t\t\t\t\t\t\t\t<\/div>\n\t\t\t\t<\/div>\n\t\t\t\t\t<\/div>\n\t\t<\/div>\n\t\t\t\t\t<\/div>\n\t\t<\/section>\n\t\t\t\t<section class=\"elementor-section elementor-top-section elementor-element elementor-element-f20009c elementor-section-height-min-height elementor-section-boxed elementor-section-height-default elementor-section-items-middle\" data-id=\"f20009c\" data-element_type=\"section\" data-settings=\"{&quot;background_background&quot;:&quot;classic&quot;}\">\n\t\t\t\t\t\t<div class=\"elementor-container elementor-column-gap-default\">\n\t\t\t\t\t<div class=\"elementor-column elementor-col-100 elementor-top-column elementor-element elementor-element-16f5816\" data-id=\"16f5816\" data-element_type=\"column\" data-settings=\"{&quot;background_background&quot;:&quot;classic&quot;}\">\n\t\t\t<div class=\"elementor-widget-wrap elementor-element-populated\">\n\t\t\t\t\t\t<div class=\"elementor-element elementor-element-0504567 elementor-widget elementor-widget-heading\" data-id=\"0504567\" data-element_type=\"widget\" data-widget_type=\"heading.default\">\n\t\t\t\t<div class=\"elementor-widget-container\">\n\t\t\t\t\t<h2 class=\"elementor-heading-title elementor-size-default\">De\u011ferli metalleri \u00fclkemize kazand\u0131r\u0131yoruz!<\/h2>\t\t\t\t<\/div>\n\t\t\t\t<\/div>\n\t\t\t\t\t<\/div>\n\t\t<\/div>\n\t\t\t\t\t<\/div>\n\t\t<\/section>\n\t\t\t\t<section class=\"elementor-section elementor-top-section elementor-element elementor-element-4c0069e elementor-section-boxed elementor-section-height-default elementor-section-height-default\" data-id=\"4c0069e\" data-element_type=\"section\">\n\t\t\t\t\t\t<div class=\"elementor-container elementor-column-gap-default\">\n\t\t\t\t\t<div class=\"elementor-column elementor-col-25 elementor-top-column elementor-element elementor-element-d1e2907\" data-id=\"d1e2907\" data-element_type=\"column\">\n\t\t\t<div class=\"elementor-widget-wrap elementor-element-populated\">\n\t\t\t\t\t\t<div class=\"elementor-element elementor-element-b79f618 ekit-equal-height-enable elementor-widget elementor-widget-elementskit-icon-box\" data-id=\"b79f618\" data-element_type=\"widget\" data-widget_type=\"elementskit-icon-box.default\">\n\t\t\t\t<div class=\"elementor-widget-container\">\n\t\t\t\t\t<div class=\"ekit-wid-con\" >        <!-- link opening -->\n                <a href=\"https:\/\/teknodrom.com.tr\/ar\/degerli-madenler-geri-kazanim\/elektronik-atiklarin-geri-donusumu\/\" class=\"ekit_global_links\">\n                <!-- end link opening -->\n\n        <div class=\"elementskit-infobox text-center text- icon-top-align elementor-animation-\">\n                            <div class=\"elementskit-box-header\">\n                <div class=\"elementskit-info-box-icon\">\n                    <img fetchpriority=\"high\" decoding=\"async\" width=\"800\" height=\"600\" src=\"https:\/\/teknodrom.com.tr\/wp-content\/uploads\/2023\/09\/elektronik-atiklar.jpg\" class=\"attachment- size-\" alt=\"\" srcset=\"https:\/\/teknodrom.com.tr\/wp-content\/uploads\/2023\/09\/elektronik-atiklar.jpg 800w, https:\/\/teknodrom.com.tr\/wp-content\/uploads\/2023\/09\/elektronik-atiklar-300x225.jpg 300w, https:\/\/teknodrom.com.tr\/wp-content\/uploads\/2023\/09\/elektronik-atiklar-768x576.jpg 768w, https:\/\/teknodrom.com.tr\/wp-content\/uploads\/2023\/09\/elektronik-atiklar-16x12.jpg 16w\" sizes=\"(max-width: 800px) 100vw, 800px\" \/>                <\/div>\n          <\/div>\n                <div class=\"box-body\">\n                            <h3 class=\"elementskit-info-box-title\">\n                    Elektronik At\u0131klar\u0131n Geri D\u00f6n\u00fc\u015f\u00fcm\u00fc                 <\/h3>\n                                            <\/div>\n        \n        \n                <\/div>\n                <\/a>\n        <\/div>\t\t\t\t<\/div>\n\t\t\t\t<\/div>\n\t\t\t\t\t<\/div>\n\t\t<\/div>\n\t\t\t\t<div class=\"elementor-column elementor-col-25 elementor-top-column elementor-element elementor-element-247ff3b\" data-id=\"247ff3b\" data-element_type=\"column\">\n\t\t\t<div class=\"elementor-widget-wrap elementor-element-populated\">\n\t\t\t\t\t\t<div class=\"elementor-element elementor-element-248ea02 ekit-equal-height-enable elementor-widget elementor-widget-elementskit-icon-box\" data-id=\"248ea02\" data-element_type=\"widget\" data-widget_type=\"elementskit-icon-box.default\">\n\t\t\t\t<div class=\"elementor-widget-container\">\n\t\t\t\t\t<div class=\"ekit-wid-con\" >        <!-- link opening -->\n                <a href=\"https:\/\/teknodrom.com.tr\/ar\/degerli-madenler-geri-kazanim\/kablo-geri-donusumu\/\" class=\"ekit_global_links\">\n                <!-- end link opening -->\n\n        <div class=\"elementskit-infobox text-center text- icon-top-align elementor-animation-\">\n                            <div class=\"elementskit-box-header\">\n                <div class=\"elementskit-info-box-icon\">\n                    <img decoding=\"async\" width=\"800\" height=\"600\" src=\"https:\/\/teknodrom.com.tr\/wp-content\/uploads\/2023\/09\/kablodonusum.jpg\" class=\"attachment- size-\" alt=\"\" srcset=\"https:\/\/teknodrom.com.tr\/wp-content\/uploads\/2023\/09\/kablodonusum.jpg 800w, https:\/\/teknodrom.com.tr\/wp-content\/uploads\/2023\/09\/kablodonusum-300x225.jpg 300w, https:\/\/teknodrom.com.tr\/wp-content\/uploads\/2023\/09\/kablodonusum-768x576.jpg 768w, https:\/\/teknodrom.com.tr\/wp-content\/uploads\/2023\/09\/kablodonusum-16x12.jpg 16w\" sizes=\"(max-width: 800px) 100vw, 800px\" \/>                <\/div>\n          <\/div>\n                <div class=\"box-body\">\n                            <h3 class=\"elementskit-info-box-title\">\n                    Kablo Geri D\u00f6n\u00fc\u015f\u00fcm\u00fc                 <\/h3>\n                                            <\/div>\n        \n        \n                <\/div>\n                <\/a>\n        <\/div>\t\t\t\t<\/div>\n\t\t\t\t<\/div>\n\t\t\t\t\t<\/div>\n\t\t<\/div>\n\t\t\t\t<div class=\"elementor-column elementor-col-25 elementor-top-column elementor-element elementor-element-2536343\" data-id=\"2536343\" data-element_type=\"column\">\n\t\t\t<div class=\"elementor-widget-wrap elementor-element-populated\">\n\t\t\t\t\t\t<div class=\"elementor-element elementor-element-c5a7994 ekit-equal-height-enable elementor-widget elementor-widget-elementskit-icon-box\" data-id=\"c5a7994\" data-element_type=\"widget\" data-widget_type=\"elementskit-icon-box.default\">\n\t\t\t\t<div class=\"elementor-widget-container\">\n\t\t\t\t\t<div class=\"ekit-wid-con\" >        <!-- link opening -->\n                <a href=\"https:\/\/teknodrom.com.tr\/ar\/degerli-madenler-geri-kazanim\/bakir-elektrolizi\/\" class=\"ekit_global_links\">\n                <!-- end link opening -->\n\n        <div class=\"elementskit-infobox text-center text- icon-top-align elementor-animation-\">\n                            <div class=\"elementskit-box-header\">\n                <div class=\"elementskit-info-box-icon\">\n                    <img decoding=\"async\" width=\"800\" height=\"600\" src=\"https:\/\/teknodrom.com.tr\/wp-content\/uploads\/2023\/09\/bakirelektrolizi-2.jpg\" class=\"attachment- size-\" alt=\"\" srcset=\"https:\/\/teknodrom.com.tr\/wp-content\/uploads\/2023\/09\/bakirelektrolizi-2.jpg 800w, https:\/\/teknodrom.com.tr\/wp-content\/uploads\/2023\/09\/bakirelektrolizi-2-300x225.jpg 300w, https:\/\/teknodrom.com.tr\/wp-content\/uploads\/2023\/09\/bakirelektrolizi-2-768x576.jpg 768w, https:\/\/teknodrom.com.tr\/wp-content\/uploads\/2023\/09\/bakirelektrolizi-2-16x12.jpg 16w\" sizes=\"(max-width: 800px) 100vw, 800px\" \/>                <\/div>\n          <\/div>\n                <div class=\"box-body\">\n                            <h3 class=\"elementskit-info-box-title\">\n                    Bak\u0131r Elektrolizi                <\/h3>\n                                            <\/div>\n        \n        \n                <\/div>\n                <\/a>\n        <\/div>\t\t\t\t<\/div>\n\t\t\t\t<\/div>\n\t\t\t\t\t<\/div>\n\t\t<\/div>\n\t\t\t\t<div class=\"elementor-column elementor-col-25 elementor-top-column elementor-element elementor-element-437d495\" data-id=\"437d495\" data-element_type=\"column\">\n\t\t\t<div class=\"elementor-widget-wrap elementor-element-populated\">\n\t\t\t\t\t\t<div class=\"elementor-element elementor-element-13c1c31 ekit-equal-height-enable elementor-widget elementor-widget-elementskit-icon-box\" data-id=\"13c1c31\" data-element_type=\"widget\" data-widget_type=\"elementskit-icon-box.default\">\n\t\t\t\t<div class=\"elementor-widget-container\">\n\t\t\t\t\t<div class=\"ekit-wid-con\" >        <!-- link opening -->\n                <a href=\"https:\/\/teknodrom.com.tr\/ar\/degerli-madenler-geri-kazanim\/katalitik-konvertor-geri-donusumu\/\" class=\"ekit_global_links\">\n                <!-- end link opening -->\n\n        <div class=\"elementskit-infobox text-center text- icon-top-align elementor-animation-\">\n                            <div class=\"elementskit-box-header\">\n                <div class=\"elementskit-info-box-icon\">\n                    <img loading=\"lazy\" decoding=\"async\" width=\"600\" height=\"450\" src=\"https:\/\/teknodrom.com.tr\/wp-content\/uploads\/2023\/09\/katloziorr.jpg\" class=\"attachment- size-\" alt=\"\" srcset=\"https:\/\/teknodrom.com.tr\/wp-content\/uploads\/2023\/09\/katloziorr.jpg 600w, https:\/\/teknodrom.com.tr\/wp-content\/uploads\/2023\/09\/katloziorr-300x225.jpg 300w, https:\/\/teknodrom.com.tr\/wp-content\/uploads\/2023\/09\/katloziorr-16x12.jpg 16w\" sizes=\"(max-width: 600px) 100vw, 600px\" \/>                <\/div>\n          <\/div>\n                <div class=\"box-body\">\n                            <h3 class=\"elementskit-info-box-title\">\n                    Katalitik Konvert\u00f6r Geri D\u00f6n\u00fc\u015f\u00fcm\u00fc                <\/h3>\n                                            <\/div>\n        \n        \n                <\/div>\n                <\/a>\n        <\/div>\t\t\t\t<\/div>\n\t\t\t\t<\/div>\n\t\t\t\t\t<\/div>\n\t\t<\/div>\n\t\t\t\t\t<\/div>\n\t\t<\/section>\n\t\t\t\t<section class=\"elementor-section elementor-top-section elementor-element elementor-element-b99c7fa elementor-section-boxed elementor-section-height-default elementor-section-height-default\" data-id=\"b99c7fa\" data-element_type=\"section\" data-settings=\"{&quot;background_background&quot;:&quot;classic&quot;}\">\n\t\t\t\t\t\t<div class=\"elementor-container elementor-column-gap-default\">\n\t\t\t\t\t<div class=\"elementor-column elementor-col-50 elementor-top-column elementor-element elementor-element-b23b9eb elementor-invisible\" data-id=\"b23b9eb\" data-element_type=\"column\" data-settings=\"{&quot;animation&quot;:&quot;bounceInLeft&quot;}\">\n\t\t\t<div class=\"elementor-widget-wrap elementor-element-populated\">\n\t\t\t\t\t\t<div class=\"elementor-element elementor-element-0d4d463 elementor-widget elementor-widget-heading\" data-id=\"0d4d463\" data-element_type=\"widget\" data-widget_type=\"heading.default\">\n\t\t\t\t<div class=\"elementor-widget-container\">\n\t\t\t\t\t<h2 class=\"elementor-heading-title elementor-size-default\">TEKNODROM'DA <span style=\"color:#13AA32\">S\u00dcRD\u00dcR\u00dcLEB\u0130L\u0130RL\u0130K<\/span><\/h2>\t\t\t\t<\/div>\n\t\t\t\t<\/div>\n\t\t\t\t<div class=\"elementor-element elementor-element-b4606c0 elementor-widget-divider--view-line elementor-widget elementor-widget-divider\" data-id=\"b4606c0\" data-element_type=\"widget\" data-widget_type=\"divider.default\">\n\t\t\t\t<div class=\"elementor-widget-container\">\n\t\t\t\t\t\t\t<div class=\"elementor-divider\">\n\t\t\t<span class=\"elementor-divider-separator\">\n\t\t\t\t\t\t<\/span>\n\t\t<\/div>\n\t\t\t\t\t\t<\/div>\n\t\t\t\t<\/div>\n\t\t\t\t<div class=\"elementor-element elementor-element-f761a41 elementor-widget elementor-widget-text-editor\" data-id=\"f761a41\" data-element_type=\"widget\" data-widget_type=\"text-editor.default\">\n\t\t\t\t<div class=\"elementor-widget-container\">\n\t\t\t\t\t\t\t\t\t<p>Teknodrom\u2019da elektronik at\u0131klar\u0131n yeniden de\u011ferlendirilme ve geri d\u00f6n\u00fc\u015ft\u00fcr\u00fclme a\u015famalar\u0131na \u00e7ok \u00f6nem veriyoruz. Bu a\u015famalar\u0131 ger\u00e7ekle\u015ftirirken \u00e7evreyi ve d\u00fcnyam\u0131z\u0131 etkileyecek zararl\u0131 aktiviteleri en aza indirgiyoruz.<\/p>\t\t\t\t\t\t\t\t<\/div>\n\t\t\t\t<\/div>\n\t\t\t\t<div class=\"elementor-element elementor-element-250ba0d elementor-align-left elementor-widget elementor-widget-elementskit-button\" data-id=\"250ba0d\" data-element_type=\"widget\" data-widget_type=\"elementskit-button.default\">\n\t\t\t\t<div class=\"elementor-widget-container\">\n\t\t\t\t\t<div class=\"ekit-wid-con\" >\t\t<div class=\"ekit-btn-wraper\">\n\t\t\t\t\t\t\t<a href=\"https:\/\/teknodrom.com.tr\/ar\/degerli-madenler-geri-kazanim\/surdurulebilirlik\/\" class=\"elementskit-btn  whitespace--normal\" id=\"\">\n\t\t\t\t\tDaha Fazla Bilgi Al\u0131n\t\t\t\t<\/a>\n\t\t\t\t\t<\/div>\n        <\/div>\t\t\t\t<\/div>\n\t\t\t\t<\/div>\n\t\t\t\t\t<\/div>\n\t\t<\/div>\n\t\t\t\t<div class=\"elementor-column elementor-col-50 elementor-top-column elementor-element elementor-element-f3d75f4 elementor-invisible\" data-id=\"f3d75f4\" data-element_type=\"column\" data-settings=\"{&quot;animation&quot;:&quot;bounceInRight&quot;}\">\n\t\t\t<div class=\"elementor-widget-wrap elementor-element-populated\">\n\t\t\t\t\t\t<div class=\"elementor-element elementor-element-f05ced5 elementor-widget elementor-widget-image\" data-id=\"f05ced5\" data-element_type=\"widget\" data-widget_type=\"image.default\">\n\t\t\t\t<div class=\"elementor-widget-container\">\n\t\t\t\t\t\t\t\t\t\t\t\t\t\t\t<img loading=\"lazy\" decoding=\"async\" width=\"900\" height=\"600\" src=\"https:\/\/teknodrom.com.tr\/wp-content\/uploads\/2023\/09\/elektronik-geri-dnus.jpg\" class=\"attachment-full size-full wp-image-1517\" alt=\"\" srcset=\"https:\/\/teknodrom.com.tr\/wp-content\/uploads\/2023\/09\/elektronik-geri-dnus.jpg 900w, https:\/\/teknodrom.com.tr\/wp-content\/uploads\/2023\/09\/elektronik-geri-dnus-300x200.jpg 300w, https:\/\/teknodrom.com.tr\/wp-content\/uploads\/2023\/09\/elektronik-geri-dnus-768x512.jpg 768w, https:\/\/teknodrom.com.tr\/wp-content\/uploads\/2023\/09\/elektronik-geri-dnus-18x12.jpg 18w\" sizes=\"(max-width: 900px) 100vw, 900px\" \/>\t\t\t\t\t\t\t\t\t\t\t\t\t\t\t<\/div>\n\t\t\t\t<\/div>\n\t\t\t\t\t<\/div>\n\t\t<\/div>\n\t\t\t\t\t<\/div>\n\t\t<\/section>\n\t\t\t\t<\/div>","protected":false},"excerpt":{"rendered":"<p>HAKKIMIZDA Teknodrom, T\u00fcrkiye\u2019nin ilk ve tek de\u011ferli madenler geri kazan\u0131m tesisidir. 2005 y\u0131l\u0131nda kurulan \u015firket, 2011 y\u0131l\u0131nda ilk defa kataliz\u00f6rlerin i\u00e7erisinde bulunan de\u011ferli metalleri geri kazanm\u0131\u015ft\u0131r. Uzun y\u0131llar s\u00fcren ar&amp;ge \u00e7al\u0131\u015fmalar\u0131 sonucu 2015 y\u0131l\u0131nda Dilovas\u0131 Organize Sanayi B\u00f6lgesinde geri kazan\u0131m fabrikas\u0131 faaliyete ge\u00e7mi\u015ftir. 2015\u2019den beri geri kazan\u0131m sekt\u00f6r\u00fcnde ilerlemeyi ba\u015faran Teknodrom, ba\u015fta Alt\u0131n ve G\u00fcm\u00fc\u015f [&hellip;]<\/p>","protected":false},"author":1,"featured_media":0,"parent":0,"menu_order":0,"comment_status":"closed","ping_status":"closed","template":"elementor_header_footer","meta":{"footnotes":""},"class_list":["post-1412","page","type-page","status-publish","hentry"],"_links":{"self":[{"href":"https:\/\/teknodrom.com.tr\/ar\/wp-json\/wp\/v2\/pages\/1412","targetHints":{"allow":["GET"]}}],"collection":[{"href":"https:\/\/teknodrom.com.tr\/ar\/wp-json\/wp\/v2\/pages"}],"about":[{"href":"https:\/\/teknodrom.com.tr\/ar\/wp-json\/wp\/v2\/types\/page"}],"author":[{"embeddable":true,"href":"https:\/\/teknodrom.com.tr\/ar\/wp-json\/wp\/v2\/users\/1"}],"replies":[{"embeddable":true,"href":"https:\/\/teknodrom.com.tr\/ar\/wp-json\/wp\/v2\/comments?post=1412"}],"version-history":[{"count":0,"href":"https:\/\/teknodrom.com.tr\/ar\/wp-json\/wp\/v2\/pages\/1412\/revisions"}],"wp:attachment":[{"href":"https:\/\/teknodrom.com.tr\/ar\/wp-json\/wp\/v2\/media?parent=1412"}],"curies":[{"name":"wp","href":"https:\/\/api.w.org\/{rel}","templated":true}]}}