{"id":1270,"date":"2023-08-02T10:45:19","date_gmt":"2023-08-02T10:45:19","guid":{"rendered":"https:\/\/hostidex.com\/teknodrom\/?page_id=1270"},"modified":"2023-08-02T11:04:46","modified_gmt":"2023-08-02T11:04:46","slug":"iletisim","status":"publish","type":"page","link":"https:\/\/teknodrom.com.tr\/ar\/iletisim\/","title":{"rendered":"\u0130leti\u015fim"},"content":{"rendered":"<div data-elementor-type=\"wp-page\" data-elementor-id=\"1270\" class=\"elementor elementor-1270\">\n\t\t\t\t\t\t<section class=\"elementor-section elementor-top-section elementor-element elementor-element-1de1643 elementor-section-full_width elementor-section-height-default elementor-section-height-default\" data-id=\"1de1643\" data-element_type=\"section\">\n\t\t\t\t\t\t<div class=\"elementor-container elementor-column-gap-no\">\n\t\t\t\t\t<div class=\"elementor-column elementor-col-100 elementor-top-column elementor-element elementor-element-99c11be\" data-id=\"99c11be\" data-element_type=\"column\">\n\t\t\t<div class=\"elementor-widget-wrap elementor-element-populated\">\n\t\t\t\t\t\t<div class=\"elementor-element elementor-element-e2b7d44 elementor-widget elementor-widget-google_maps\" data-id=\"e2b7d44\" data-element_type=\"widget\" data-widget_type=\"google_maps.default\">\n\t\t\t\t<div class=\"elementor-widget-container\">\n\t\t\t\t\t\t\t<div class=\"elementor-custom-embed\">\n\t\t\t<iframe loading=\"lazy\"\n\t\t\t\t\tsrc=\"https:\/\/maps.google.com\/maps?q=Dilovas%C4%B1%20OSB%20Mah.%20D-4011%20Sokak%20No%3A%2024%20Dilovas%C4%B1%20%2F%20KOCAEL%C4%B0%20&#038;t=m&#038;z=15&#038;output=embed&#038;iwloc=near\"\n\t\t\t\t\ttitle=\"Dilovas\u0131 OSB Mah. D-4011 Sokak No: 24 Dilovas\u0131 \/ KOCAEL\u0130 \"\n\t\t\t\t\taria-label=\"Dilovas\u0131 OSB Mah. D-4011 Sokak No: 24 Dilovas\u0131 \/ KOCAEL\u0130 \"\n\t\t\t><\/iframe>\n\t\t<\/div>\n\t\t\t\t\t\t<\/div>\n\t\t\t\t<\/div>\n\t\t\t\t\t<\/div>\n\t\t<\/div>\n\t\t\t\t\t<\/div>\n\t\t<\/section>\n\t\t\t\t<section class=\"elementor-section elementor-top-section elementor-element elementor-element-08f21ad elementor-section-boxed elementor-section-height-default elementor-section-height-default\" data-id=\"08f21ad\" data-element_type=\"section\">\n\t\t\t\t\t\t<div class=\"elementor-container elementor-column-gap-default\">\n\t\t\t\t\t<div class=\"elementor-column elementor-col-50 elementor-top-column elementor-element elementor-element-0e77110\" data-id=\"0e77110\" data-element_type=\"column\">\n\t\t\t<div class=\"elementor-widget-wrap elementor-element-populated\">\n\t\t\t\t\t\t<div class=\"elementor-element elementor-element-cd4b538 ekit-equal-height-disable elementor-widget elementor-widget-elementskit-icon-box\" data-id=\"cd4b538\" data-element_type=\"widget\" data-widget_type=\"elementskit-icon-box.default\">\n\t\t\t\t<div class=\"elementor-widget-container\">\n\t\t\t\t\t<div class=\"ekit-wid-con\" >        <!-- link opening -->\n                <!-- end link opening -->\n\n        <div class=\"elementskit-infobox text- text-left icon-lef-right-aligin elementor-animation- media\">\n                    <div class=\"elementskit-box-header elementor-animation-\">\n                <div class=\"elementskit-info-box-icon  text-center\">\n                    <i aria-hidden=\"true\" class=\"elementkit-infobox-icon fas fa-map-marker-alt\"><\/i>\n                <\/div>\n          <\/div>\n                        <div class=\"box-body\">\n                            <h3 class=\"elementskit-info-box-title\">\n                    Teknodrom Merkez Fabrika                <\/h3>\n                        \t\t  \t<p>Gebze Dilovas\u0131 Osb Mh. D-4011 Sk. No24 Gebze\/Kocaeli <\/p>\n                                        <div class=\"box-footer disable_hover_button\">\n                    <div class=\"btn-wraper\">\n                                                            <a class=\"elementskit-btn whitespace--normal\" href=\"https:\/\/goo.gl\/maps\/zESR53a3qCYWnodi6\">\n                                        <i aria-hidden=\"true\" class=\"fas fa-map-marked-alt\"><\/i>                                        Google Haritalarda G\u00f6r\u00fcnt\u00fcle                                     <\/a>\n                                                        <\/div>\n                <\/div>\n                    <\/div>\n        \n        \n                <\/div>\n        <\/div>\t\t\t\t<\/div>\n\t\t\t\t<\/div>\n\t\t\t\t<div class=\"elementor-element elementor-element-d835a63 ekit-equal-height-disable elementor-widget elementor-widget-elementskit-icon-box\" data-id=\"d835a63\" data-element_type=\"widget\" data-widget_type=\"elementskit-icon-box.default\">\n\t\t\t\t<div class=\"elementor-widget-container\">\n\t\t\t\t\t<div class=\"ekit-wid-con\" >        <!-- link opening -->\n                <!-- end link opening -->\n\n        <div class=\"elementskit-infobox text- text-left icon-lef-right-aligin elementor-animation- media\">\n                    <div class=\"elementskit-box-header elementor-animation-\">\n                <div class=\"elementskit-info-box-icon  text-center\">\n                    <i aria-hidden=\"true\" class=\"elementkit-infobox-icon fas fa-map-marker-alt\"><\/i>\n                <\/div>\n          <\/div>\n                        <div class=\"box-body\">\n                            <h3 class=\"elementskit-info-box-title\">\n                    Teknodrom Sakarya Fabrikas\u0131                <\/h3>\n                        \t\t  \t<p>Ferizli Organize Sanayi B\u00f6lgesi 1.Cad No: 6\/1 Ferizli\/Sakarya<\/p>\n                                        <div class=\"box-footer disable_hover_button\">\n                    <div class=\"btn-wraper\">\n                                                            <a class=\"elementskit-btn whitespace--normal\" href=\"https:\/\/goo.gl\/maps\/zESR53a3qCYWnodi6\">\n                                        <i aria-hidden=\"true\" class=\"fas fa-map-marked-alt\"><\/i>                                        Google Haritalarda G\u00f6r\u00fcnt\u00fcle                                     <\/a>\n                                                        <\/div>\n                <\/div>\n                    <\/div>\n        \n        \n                <\/div>\n        <\/div>\t\t\t\t<\/div>\n\t\t\t\t<\/div>\n\t\t\t\t<div class=\"elementor-element elementor-element-693cab5 ekit-equal-height-disable elementor-widget elementor-widget-elementskit-icon-box\" data-id=\"693cab5\" data-element_type=\"widget\" data-widget_type=\"elementskit-icon-box.default\">\n\t\t\t\t<div class=\"elementor-widget-container\">\n\t\t\t\t\t<div class=\"ekit-wid-con\" >        <!-- link opening -->\n                <!-- end link opening -->\n\n        <div class=\"elementskit-infobox text- text-left icon-lef-right-aligin elementor-animation- media\">\n                    <div class=\"elementskit-box-header elementor-animation-\">\n                <div class=\"elementskit-info-box-icon  text-center\">\n                    <i aria-hidden=\"true\" class=\"elementkit-infobox-icon fas fa-map-marker-alt\"><\/i>\n                <\/div>\n          <\/div>\n                        <div class=\"box-body\">\n                            <h3 class=\"elementskit-info-box-title\">\n                    Teknodrom Die Casting Tuzla                  <\/h3>\n                        \t\t  \t<p>Orta, Erk Sk. No:5 B D:7, 34956 Tuzla\/\u0130stanbul, T\u00fcrkiye<\/p>\n                                        <div class=\"box-footer disable_hover_button\">\n                    <div class=\"btn-wraper\">\n                                                            <a class=\"elementskit-btn whitespace--normal\" href=\"https:\/\/goo.gl\/maps\/CY7cPEHbqFDVULtc8\">\n                                        <i aria-hidden=\"true\" class=\"fas fa-map-marked-alt\"><\/i>                                        Google Haritalarda G\u00f6r\u00fcnt\u00fcle                                     <\/a>\n                                                        <\/div>\n                <\/div>\n                    <\/div>\n        \n        \n                <\/div>\n        <\/div>\t\t\t\t<\/div>\n\t\t\t\t<\/div>\n\t\t\t\t\t<\/div>\n\t\t<\/div>\n\t\t\t\t<div class=\"elementor-column elementor-col-50 elementor-top-column elementor-element elementor-element-78d24fa\" data-id=\"78d24fa\" data-element_type=\"column\">\n\t\t\t<div class=\"elementor-widget-wrap elementor-element-populated\">\n\t\t\t\t\t\t<section class=\"elementor-section elementor-inner-section elementor-element elementor-element-b7904ba elementor-section-full_width elementor-section-height-default elementor-section-height-default\" data-id=\"b7904ba\" data-element_type=\"section\" data-settings=\"{&quot;background_background&quot;:&quot;classic&quot;}\">\n\t\t\t\t\t\t<div class=\"elementor-container elementor-column-gap-default\">\n\t\t\t\t\t<div class=\"elementor-column elementor-col-100 elementor-inner-column elementor-element elementor-element-9465739\" data-id=\"9465739\" data-element_type=\"column\">\n\t\t\t<div class=\"elementor-widget-wrap elementor-element-populated\">\n\t\t\t\t\t\t<div class=\"elementor-element elementor-element-0cd9c00 elementor-widget elementor-widget-heading\" data-id=\"0cd9c00\" data-element_type=\"widget\" data-widget_type=\"heading.default\">\n\t\t\t\t<div class=\"elementor-widget-container\">\n\t\t\t\t\t<h2 class=\"elementor-heading-title elementor-size-default\">\u0130leti\u015fim Formu<\/h2>\t\t\t\t<\/div>\n\t\t\t\t<\/div>\n\t\t\t\t<div class=\"elementor-element elementor-element-edd002a elementor-widget elementor-widget-form\" data-id=\"edd002a\" data-element_type=\"widget\" data-widget_type=\"form.default\">\n\t\t\t\t<div class=\"elementor-widget-container\">\n\t\t\t\t\t \t\t\t\t<\/div>\n\t\t\t\t<\/div>\n\t\t\t\t\t<\/div>\n\t\t<\/div>\n\t\t\t\t\t<\/div>\n\t\t<\/section>\n\t\t\t\t\t<\/div>\n\t\t<\/div>\n\t\t\t\t\t<\/div>\n\t\t<\/section>\n\t\t\t\t<\/div>","protected":false},"excerpt":{"rendered":"<p>Teknodrom Merkez Fabrika Gebze Dilovas\u0131 Osb Mh. D-4011 Sk. No24 Gebze\/Kocaeli Google Haritalarda G\u00f6r\u00fcnt\u00fcle Teknodrom Sakarya Fabrikas\u0131 Ferizli Organize Sanayi B\u00f6lgesi 1.Cad No: 6\/1 Ferizli\/Sakarya Google Haritalarda G\u00f6r\u00fcnt\u00fcle Teknodrom Die Casting Tuzla Orta, Erk Sk. No:5 B D:7, 34956 Tuzla\/\u0130stanbul, T\u00fcrkiye Google Haritalarda G\u00f6r\u00fcnt\u00fcle \u0130leti\u015fim Formu<\/p>","protected":false},"author":1,"featured_media":0,"parent":0,"menu_order":0,"comment_status":"closed","ping_status":"closed","template":"elementor_header_footer","meta":{"footnotes":""},"class_list":["post-1270","page","type-page","status-publish","hentry"],"_links":{"self":[{"href":"https:\/\/teknodrom.com.tr\/ar\/wp-json\/wp\/v2\/pages\/1270","targetHints":{"allow":["GET"]}}],"collection":[{"href":"https:\/\/teknodrom.com.tr\/ar\/wp-json\/wp\/v2\/pages"}],"about":[{"href":"https:\/\/teknodrom.com.tr\/ar\/wp-json\/wp\/v2\/types\/page"}],"author":[{"embeddable":true,"href":"https:\/\/teknodrom.com.tr\/ar\/wp-json\/wp\/v2\/users\/1"}],"replies":[{"embeddable":true,"href":"https:\/\/teknodrom.com.tr\/ar\/wp-json\/wp\/v2\/comments?post=1270"}],"version-history":[{"count":0,"href":"https:\/\/teknodrom.com.tr\/ar\/wp-json\/wp\/v2\/pages\/1270\/revisions"}],"wp:attachment":[{"href":"https:\/\/teknodrom.com.tr\/ar\/wp-json\/wp\/v2\/media?parent=1270"}],"curies":[{"name":"wp","href":"https:\/\/api.w.org\/{rel}","templated":true}]}}