{"id":1034,"date":"2023-07-25T02:17:07","date_gmt":"2023-07-25T02:17:07","guid":{"rendered":"https:\/\/hostidex.com\/teknodrom\/?page_id=1034"},"modified":"2023-07-25T08:39:51","modified_gmt":"2023-07-25T08:39:51","slug":"politikalarimiz","status":"publish","type":"page","link":"https:\/\/teknodrom.com.tr\/ar\/politikalarimiz\/","title":{"rendered":"Politikalar\u0131m\u0131z"},"content":{"rendered":"<div data-elementor-type=\"wp-page\" data-elementor-id=\"1034\" class=\"elementor elementor-1034\">\n\t\t\t\t\t\t<section class=\"elementor-section elementor-top-section elementor-element elementor-element-3167f4c elementor-section-height-min-height elementor-section-boxed elementor-section-height-default elementor-section-items-middle\" data-id=\"3167f4c\" data-element_type=\"section\" data-settings=\"{&quot;background_background&quot;:&quot;classic&quot;}\">\n\t\t\t\t\t\t\t<div class=\"elementor-background-overlay\"><\/div>\n\t\t\t\t\t\t\t<div class=\"elementor-container elementor-column-gap-default\">\n\t\t\t\t\t<div class=\"elementor-column elementor-col-100 elementor-top-column elementor-element elementor-element-26b9a74\" data-id=\"26b9a74\" data-element_type=\"column\">\n\t\t\t<div class=\"elementor-widget-wrap elementor-element-populated\">\n\t\t\t\t\t\t<div class=\"elementor-element elementor-element-d17aca8 elementor-widget elementor-widget-heading\" data-id=\"d17aca8\" data-element_type=\"widget\" data-widget_type=\"heading.default\">\n\t\t\t\t<div class=\"elementor-widget-container\">\n\t\t\t\t\t<h1 class=\"elementor-heading-title elementor-size-default\">Hakk\u0131m\u0131zda<\/h1>\t\t\t\t<\/div>\n\t\t\t\t<\/div>\n\t\t\t\t\t<\/div>\n\t\t<\/div>\n\t\t\t\t\t<\/div>\n\t\t<\/section>\n\t\t\t\t<section class=\"elementor-section elementor-top-section elementor-element elementor-element-b6e8393 elementor-section-boxed elementor-section-height-default elementor-section-height-default\" data-id=\"b6e8393\" data-element_type=\"section\">\n\t\t\t\t\t\t<div class=\"elementor-container elementor-column-gap-default\">\n\t\t\t\t\t<div class=\"elementor-column elementor-col-16 elementor-top-column elementor-element elementor-element-77a4389\" data-id=\"77a4389\" data-element_type=\"column\" data-settings=\"{&quot;background_background&quot;:&quot;classic&quot;}\">\n\t\t\t<div class=\"elementor-widget-wrap elementor-element-populated\">\n\t\t\t\t\t\t<div class=\"elementor-element elementor-element-1ebba45 elementor-widget elementor-widget-heading\" data-id=\"1ebba45\" data-element_type=\"widget\" data-widget_type=\"heading.default\">\n\t\t\t\t<div class=\"elementor-widget-container\">\n\t\t\t\t\t<h2 class=\"elementor-heading-title elementor-size-default\"><a href=\"https:\/\/teknodrom.com.tr\/ar\/hakkimizda\/\">Hakk\u0131m\u0131zda<\/a><\/h2>\t\t\t\t<\/div>\n\t\t\t\t<\/div>\n\t\t\t\t\t<\/div>\n\t\t<\/div>\n\t\t\t\t<div class=\"elementor-column elementor-col-16 elementor-top-column elementor-element elementor-element-59755e2\" data-id=\"59755e2\" data-element_type=\"column\" data-settings=\"{&quot;background_background&quot;:&quot;classic&quot;}\">\n\t\t\t<div class=\"elementor-widget-wrap elementor-element-populated\">\n\t\t\t\t\t\t<div class=\"elementor-element elementor-element-54a85ca elementor-widget elementor-widget-heading\" data-id=\"54a85ca\" data-element_type=\"widget\" data-widget_type=\"heading.default\">\n\t\t\t\t<div class=\"elementor-widget-container\">\n\t\t\t\t\t<h2 class=\"elementor-heading-title elementor-size-default\"><a href=\"https:\/\/teknodrom.com.tr\/ar\/vizyon-misyon\/\">Vizyon \/ Misyon<\/a><\/h2>\t\t\t\t<\/div>\n\t\t\t\t<\/div>\n\t\t\t\t\t<\/div>\n\t\t<\/div>\n\t\t\t\t<div class=\"elementor-column elementor-col-16 elementor-top-column elementor-element elementor-element-317ae94\" data-id=\"317ae94\" data-element_type=\"column\" data-settings=\"{&quot;background_background&quot;:&quot;classic&quot;}\">\n\t\t\t<div class=\"elementor-widget-wrap elementor-element-populated\">\n\t\t\t\t\t\t<div class=\"elementor-element elementor-element-a20f1ed elementor-widget elementor-widget-heading\" data-id=\"a20f1ed\" data-element_type=\"widget\" data-widget_type=\"heading.default\">\n\t\t\t\t<div class=\"elementor-widget-container\">\n\t\t\t\t\t<h2 class=\"elementor-heading-title elementor-size-default\"><a href=\"https:\/\/teknodrom.com.tr\/ar\/tarihce\/\">Tarih\u00e7e<\/a><\/h2>\t\t\t\t<\/div>\n\t\t\t\t<\/div>\n\t\t\t\t\t<\/div>\n\t\t<\/div>\n\t\t\t\t<div class=\"elementor-column elementor-col-16 elementor-top-column elementor-element elementor-element-092a436\" data-id=\"092a436\" data-element_type=\"column\" data-settings=\"{&quot;background_background&quot;:&quot;classic&quot;}\">\n\t\t\t<div class=\"elementor-widget-wrap elementor-element-populated\">\n\t\t\t\t\t\t<div class=\"elementor-element elementor-element-4df307b elementor-widget elementor-widget-heading\" data-id=\"4df307b\" data-element_type=\"widget\" data-widget_type=\"heading.default\">\n\t\t\t\t<div class=\"elementor-widget-container\">\n\t\t\t\t\t<h2 class=\"elementor-heading-title elementor-size-default\"><a href=\"https:\/\/teknodrom.com.tr\/ar\/yatirim-ve-projeler\/\">Yat\u0131r\u0131m ve Projeler<\/a><\/h2>\t\t\t\t<\/div>\n\t\t\t\t<\/div>\n\t\t\t\t\t<\/div>\n\t\t<\/div>\n\t\t\t\t<div class=\"elementor-column elementor-col-16 elementor-top-column elementor-element elementor-element-f4e3c9f\" data-id=\"f4e3c9f\" data-element_type=\"column\" data-settings=\"{&quot;background_background&quot;:&quot;classic&quot;}\">\n\t\t\t<div class=\"elementor-widget-wrap elementor-element-populated\">\n\t\t\t\t\t\t<div class=\"elementor-element elementor-element-c53be24 elementor-widget elementor-widget-heading\" data-id=\"c53be24\" data-element_type=\"widget\" data-widget_type=\"heading.default\">\n\t\t\t\t<div class=\"elementor-widget-container\">\n\t\t\t\t\t<h2 class=\"elementor-heading-title elementor-size-default\"><a href=\"https:\/\/teknodrom.com.tr\/ar\/politikalarimiz\/\">Politikalar\u0131m\u0131z<\/a><\/h2>\t\t\t\t<\/div>\n\t\t\t\t<\/div>\n\t\t\t\t\t<\/div>\n\t\t<\/div>\n\t\t\t\t<div class=\"elementor-column elementor-col-16 elementor-top-column elementor-element elementor-element-cae5696\" data-id=\"cae5696\" data-element_type=\"column\" data-settings=\"{&quot;background_background&quot;:&quot;classic&quot;}\">\n\t\t\t<div class=\"elementor-widget-wrap elementor-element-populated\">\n\t\t\t\t\t\t<div class=\"elementor-element elementor-element-3e5a849 elementor-widget elementor-widget-heading\" data-id=\"3e5a849\" data-element_type=\"widget\" data-widget_type=\"heading.default\">\n\t\t\t\t<div class=\"elementor-widget-container\">\n\t\t\t\t\t<h2 class=\"elementor-heading-title elementor-size-default\"><a href=\"https:\/\/teknodrom.com.tr\/ar\/kvkk\/\">KVKK<\/a><\/h2>\t\t\t\t<\/div>\n\t\t\t\t<\/div>\n\t\t\t\t\t<\/div>\n\t\t<\/div>\n\t\t\t\t\t<\/div>\n\t\t<\/section>\n\t\t\t\t<section class=\"elementor-section elementor-top-section elementor-element elementor-element-828fa65 elementor-section-boxed elementor-section-height-default elementor-section-height-default\" data-id=\"828fa65\" data-element_type=\"section\">\n\t\t\t\t\t\t<div class=\"elementor-container elementor-column-gap-default\">\n\t\t\t\t\t<div class=\"elementor-column elementor-col-100 elementor-top-column elementor-element elementor-element-5d18ea2\" data-id=\"5d18ea2\" data-element_type=\"column\">\n\t\t\t<div class=\"elementor-widget-wrap elementor-element-populated\">\n\t\t\t\t\t\t<div class=\"elementor-element elementor-element-f35ae0f elementor-widget elementor-widget-heading\" data-id=\"f35ae0f\" data-element_type=\"widget\" data-widget_type=\"heading.default\">\n\t\t\t\t<div class=\"elementor-widget-container\">\n\t\t\t\t\t<h2 class=\"elementor-heading-title elementor-size-default\">Politikalar\u0131m\u0131z<\/h2>\t\t\t\t<\/div>\n\t\t\t\t<\/div>\n\t\t\t\t<div class=\"elementor-element elementor-element-85c84f4 elementor-widget-divider--view-line elementor-widget elementor-widget-divider\" data-id=\"85c84f4\" data-element_type=\"widget\" data-widget_type=\"divider.default\">\n\t\t\t\t<div class=\"elementor-widget-container\">\n\t\t\t\t\t\t\t<div class=\"elementor-divider\">\n\t\t\t<span class=\"elementor-divider-separator\">\n\t\t\t\t\t\t<\/span>\n\t\t<\/div>\n\t\t\t\t\t\t<\/div>\n\t\t\t\t<\/div>\n\t\t\t\t<div class=\"elementor-element elementor-element-59db3d1 elementor-widget elementor-widget-elementskit-simple-tab\" data-id=\"59db3d1\" data-element_type=\"widget\" data-widget_type=\"elementskit-simple-tab.default\">\n\t\t\t\t<div class=\"elementor-widget-container\">\n\t\t\t\t\t<div class=\"ekit-wid-con\" >        <div class=\"elementkit-tab-wraper   elementskit-fitcontent-tab\">\n            <ul class=\"nav nav-tabs elementkit-tab-nav  tab-nav-fluid\">\n                                    <li class=\"elementkit-nav-item elementor-repeater-item-e050c5a\">\n                        <a class=\"elementkit-nav-link  active show left-pos\" id=\"content-e050c5a69f152877a996-tab\" data-ekit-handler-id=\"-evre-politikas-\" data-ekit-toggle=\"tab\" data-target=\"#content-e050c5a69f152877a996\" href=\"#Content-e050c5a69f152877a996\"\n                            data-ekit-toggle-trigger=\"click\"\n                            aria-describedby=\"Content-e050c5a69f152877a996\">\n                            <span class=\"elementskit-tab-icon\"><\/span>                            <span class=\"elementskit-tab-title\"> \u00c7evre Politikas\u0131<\/span>\n                        <\/a>\n                    <\/li>\n                                        <li class=\"elementkit-nav-item elementor-repeater-item-7c86111\">\n                        <a class=\"elementkit-nav-link  left-pos\" id=\"content-7c8611169f152877a996-tab\" data-ekit-handler-id=\"kalite-politikas-\" data-ekit-toggle=\"tab\" data-target=\"#content-7c8611169f152877a996\" href=\"#Content-7c8611169f152877a996\"\n                            data-ekit-toggle-trigger=\"click\"\n                            aria-describedby=\"Content-7c8611169f152877a996\">\n                            <span class=\"elementskit-tab-icon\"><\/span>                            <span class=\"elementskit-tab-title\"> Kalite Politikas\u0131<\/span>\n                        <\/a>\n                    <\/li>\n                                        <li class=\"elementkit-nav-item elementor-repeater-item-1d3bf57\">\n                        <a class=\"elementkit-nav-link  left-pos\" id=\"content-1d3bf5769f152877a996-tab\" data-ekit-handler-id=\"isg-politikas-\" data-ekit-toggle=\"tab\" data-target=\"#content-1d3bf5769f152877a996\" href=\"#Content-1d3bf5769f152877a996\"\n                            data-ekit-toggle-trigger=\"click\"\n                            aria-describedby=\"Content-1d3bf5769f152877a996\">\n                            <span class=\"elementskit-tab-icon\"><\/span>                            <span class=\"elementskit-tab-title\"> ISG Politikas\u0131<\/span>\n                        <\/a>\n                    <\/li>\n                                <\/ul>\n\n            <div class=\"tab-content elementkit-tab-content\">\n                                    <div class=\"tab-pane elementkit-tab-pane elementor-repeater-item-e050c5a  active show\" id=\"content-e050c5a69f152877a996\" role=\"tabpanel\"\n                         aria-labelledby=\"content-e050c5a69f152877a996-tab\">\n                        <div class=\"animated fadeIn\">\n                            <ul><li>Tesislerin kurulum a\u015famas\u0131nda, i\u015fletilmesinde, hammadde ve enerji kullan\u0131m\u0131nda do\u011fam\u0131z\u0131 koruyacak \u00f6nlemler almak<\/li><li>\u00c7al\u0131\u015fanlar\u0131m\u0131za g\u00fcvenli bir \u00e7evre sa\u011flamak<\/li><li>Geri d\u00f6n\u00fc\u015f\u00fcmde at\u0131klar\u0131n seviyesini minimum dereceye indirmek<\/li><li>\u00dcretimde karbon ayak izini d\u00fc\u015f\u00fcrmeye y\u00f6nelik s\u00fcre\u00e7leri uygulamak<\/li><li>Yerel ve uluslararas\u0131 kurallara uyum sa\u011flamak ve resmi kurulu\u015flarla \u00e7al\u0131\u015fmak<\/li><li>\u00c7evreyi korumaya y\u00f6nelik e\u011fitim ve bilgilendirici i\u00e7erikler sa\u011flamak<\/li><li>\u00c7evre politika hedeflerimizi y\u0131ll\u0131k olarak d\u00fczenleyip, \u00e7evre y\u00f6netim sistemimizin s\u00fcrekli geli\u015fimini sa\u011flamak<\/li><\/ul>                        <\/div>\n                    <\/div>\n                                    <div class=\"tab-pane elementkit-tab-pane elementor-repeater-item-7c86111\" id=\"content-7c8611169f152877a996\" role=\"tabpanel\"\n                         aria-labelledby=\"content-7c8611169f152877a996-tab\">\n                        <div class=\"animated fadeIn\">\n                            <ul><li><p>Sekt\u00f6rlerimizle alakal\u0131 t\u00fcm prosed\u00fcrleri takip etmek ve m\u00fc\u015fterilerin iste\u011fi do\u011frultusunda g\u00fcncellemek<\/p><\/li><li><p>\u015eirket verimlili\u011fini ve kapasite kullan\u0131m oranlar\u0131n\u0131 d\u00fczenli olarak artt\u0131rmak<\/p><\/li><li><p>\u015eirketimizin ve \u00e7al\u0131\u015fanlar\u0131m\u0131z\u0131n geli\u015fimlerini izlemek ve geli\u015ftirmeye y\u00f6nelik \u00e7al\u0131\u015fmalarda bulunmak<\/p><\/li><li><p>Sekt\u00f6r\u00fcm\u00fczde ger\u00e7ekle\u015fen yenilikleri takip edip \u015firketimizin her y\u00f6nden geli\u015fimini sa\u011flamak,<\/p><\/li><\/ul>                        <\/div>\n                    <\/div>\n                                    <div class=\"tab-pane elementkit-tab-pane elementor-repeater-item-1d3bf57\" id=\"content-1d3bf5769f152877a996\" role=\"tabpanel\"\n                         aria-labelledby=\"content-1d3bf5769f152877a996-tab\">\n                        <div class=\"animated fadeIn\">\n                            <ul><li><p>\u0130\u015f sa\u011fl\u0131\u011f\u0131 ve g\u00fcvenli\u011fi konusunda tabi oldu\u011fumuz mevzuata ve \u015fartlar\u0131na uygun olarak \u00e7al\u0131\u015fmak<\/p><\/li><li><p>\u0130\u015f sa\u011fl\u0131\u011f\u0131 ve g\u00fcvenli\u011fine ait y\u00f6netim sisteminin d\u00fczenli takibini ve iyile\u015ftirilmesini sa\u011flamak<\/p><\/li><li><p>Sa\u011fl\u0131k ve g\u00fcvenlik bilincinin \u00e7al\u0131\u015fanlar\u0131m\u0131zda olu\u015fmas\u0131n\u0131 sa\u011flamak ve d\u00fczenli e\u011fitimlerle desteklemek<\/p><\/li><li><p>Faaliyetlerimizde ger\u00e7ekle\u015fecek her t\u00fcrl\u00fc sa\u011fl\u0131k-g\u00fcvenlik risklerine kar\u015f\u0131 \u00f6nlem al\u0131nmas\u0131n\u0131 sa\u011flamak ve tesislerimizde d\u00fczenli kontroller ger\u00e7ekle\u015ftirmek<\/p><\/li><\/ul>                        <\/div>\n                    <\/div>\n                                \n            <\/div>\n                    <\/div>\n    <\/div>\t\t\t\t<\/div>\n\t\t\t\t<\/div>\n\t\t\t\t\t<\/div>\n\t\t<\/div>\n\t\t\t\t\t<\/div>\n\t\t<\/section>\n\t\t\t\t<\/div>","protected":false},"excerpt":{"rendered":"<p>Hakk\u0131m\u0131zda Vizyon \/ Misyon Tarih\u00e7e Yat\u0131r\u0131m ve Projeler Politikalar\u0131m\u0131z KVKK Politikalar\u0131m\u0131z \u00c7evre Politikas\u0131 Kalite Politikas\u0131 ISG Politikas\u0131 Tesislerin kurulum a\u015famas\u0131nda, i\u015fletilmesinde, hammadde ve enerji kullan\u0131m\u0131nda do\u011fam\u0131z\u0131 koruyacak \u00f6nlemler almak \u00c7al\u0131\u015fanlar\u0131m\u0131za g\u00fcvenli bir \u00e7evre sa\u011flamak Geri d\u00f6n\u00fc\u015f\u00fcmde at\u0131klar\u0131n seviyesini minimum dereceye indirmek \u00dcretimde karbon ayak izini d\u00fc\u015f\u00fcrmeye y\u00f6nelik s\u00fcre\u00e7leri uygulamak Yerel ve uluslararas\u0131 kurallara uyum sa\u011flamak [&hellip;]<\/p>","protected":false},"author":1,"featured_media":0,"parent":0,"menu_order":0,"comment_status":"closed","ping_status":"closed","template":"elementor_header_footer","meta":{"footnotes":""},"class_list":["post-1034","page","type-page","status-publish","hentry"],"_links":{"self":[{"href":"https:\/\/teknodrom.com.tr\/ar\/wp-json\/wp\/v2\/pages\/1034","targetHints":{"allow":["GET"]}}],"collection":[{"href":"https:\/\/teknodrom.com.tr\/ar\/wp-json\/wp\/v2\/pages"}],"about":[{"href":"https:\/\/teknodrom.com.tr\/ar\/wp-json\/wp\/v2\/types\/page"}],"author":[{"embeddable":true,"href":"https:\/\/teknodrom.com.tr\/ar\/wp-json\/wp\/v2\/users\/1"}],"replies":[{"embeddable":true,"href":"https:\/\/teknodrom.com.tr\/ar\/wp-json\/wp\/v2\/comments?post=1034"}],"version-history":[{"count":0,"href":"https:\/\/teknodrom.com.tr\/ar\/wp-json\/wp\/v2\/pages\/1034\/revisions"}],"wp:attachment":[{"href":"https:\/\/teknodrom.com.tr\/ar\/wp-json\/wp\/v2\/media?parent=1034"}],"curies":[{"name":"wp","href":"https:\/\/api.w.org\/{rel}","templated":true}]}}