{"id":1023,"date":"2023-07-25T02:07:41","date_gmt":"2023-07-25T02:07:41","guid":{"rendered":"https:\/\/hostidex.com\/teknodrom\/?page_id=1023"},"modified":"2023-07-25T02:16:50","modified_gmt":"2023-07-25T02:16:50","slug":"yatirim-ve-projeler","status":"publish","type":"page","link":"https:\/\/teknodrom.com.tr\/ar\/yatirim-ve-projeler\/","title":{"rendered":"Yat\u0131r\u0131m ve Projeler"},"content":{"rendered":"<div data-elementor-type=\"wp-page\" data-elementor-id=\"1023\" class=\"elementor elementor-1023\">\n\t\t\t\t\t\t<section class=\"elementor-section elementor-top-section elementor-element elementor-element-f2230c4 elementor-section-height-min-height elementor-section-boxed elementor-section-height-default elementor-section-items-middle\" data-id=\"f2230c4\" data-element_type=\"section\" data-settings=\"{&quot;background_background&quot;:&quot;classic&quot;}\">\n\t\t\t\t\t\t\t<div class=\"elementor-background-overlay\"><\/div>\n\t\t\t\t\t\t\t<div class=\"elementor-container elementor-column-gap-default\">\n\t\t\t\t\t<div class=\"elementor-column elementor-col-100 elementor-top-column elementor-element elementor-element-b122eb9\" data-id=\"b122eb9\" data-element_type=\"column\">\n\t\t\t<div class=\"elementor-widget-wrap elementor-element-populated\">\n\t\t\t\t\t\t<div class=\"elementor-element elementor-element-fbc821e elementor-widget elementor-widget-heading\" data-id=\"fbc821e\" data-element_type=\"widget\" data-widget_type=\"heading.default\">\n\t\t\t\t<div class=\"elementor-widget-container\">\n\t\t\t\t\t<h1 class=\"elementor-heading-title elementor-size-default\">Hakk\u0131m\u0131zda<\/h1>\t\t\t\t<\/div>\n\t\t\t\t<\/div>\n\t\t\t\t\t<\/div>\n\t\t<\/div>\n\t\t\t\t\t<\/div>\n\t\t<\/section>\n\t\t\t\t<section class=\"elementor-section elementor-top-section elementor-element elementor-element-4b32d98 elementor-section-boxed elementor-section-height-default elementor-section-height-default\" data-id=\"4b32d98\" data-element_type=\"section\">\n\t\t\t\t\t\t<div class=\"elementor-container elementor-column-gap-default\">\n\t\t\t\t\t<div class=\"elementor-column elementor-col-16 elementor-top-column elementor-element elementor-element-53bd921\" data-id=\"53bd921\" data-element_type=\"column\" data-settings=\"{&quot;background_background&quot;:&quot;classic&quot;}\">\n\t\t\t<div class=\"elementor-widget-wrap elementor-element-populated\">\n\t\t\t\t\t\t<div class=\"elementor-element elementor-element-c5ea801 elementor-widget elementor-widget-heading\" data-id=\"c5ea801\" data-element_type=\"widget\" data-widget_type=\"heading.default\">\n\t\t\t\t<div class=\"elementor-widget-container\">\n\t\t\t\t\t<h2 class=\"elementor-heading-title elementor-size-default\"><a href=\"https:\/\/teknodrom.com.tr\/ar\/hakkimizda\/\">Hakk\u0131m\u0131zda<\/a><\/h2>\t\t\t\t<\/div>\n\t\t\t\t<\/div>\n\t\t\t\t\t<\/div>\n\t\t<\/div>\n\t\t\t\t<div class=\"elementor-column elementor-col-16 elementor-top-column elementor-element elementor-element-b8c2586\" data-id=\"b8c2586\" data-element_type=\"column\" data-settings=\"{&quot;background_background&quot;:&quot;classic&quot;}\">\n\t\t\t<div class=\"elementor-widget-wrap elementor-element-populated\">\n\t\t\t\t\t\t<div class=\"elementor-element elementor-element-5762902 elementor-widget elementor-widget-heading\" data-id=\"5762902\" data-element_type=\"widget\" data-widget_type=\"heading.default\">\n\t\t\t\t<div class=\"elementor-widget-container\">\n\t\t\t\t\t<h2 class=\"elementor-heading-title elementor-size-default\"><a href=\"https:\/\/teknodrom.com.tr\/ar\/vizyon-misyon\/\">Vizyon \/ Misyon<\/a><\/h2>\t\t\t\t<\/div>\n\t\t\t\t<\/div>\n\t\t\t\t\t<\/div>\n\t\t<\/div>\n\t\t\t\t<div class=\"elementor-column elementor-col-16 elementor-top-column elementor-element elementor-element-f1377f0\" data-id=\"f1377f0\" data-element_type=\"column\" data-settings=\"{&quot;background_background&quot;:&quot;classic&quot;}\">\n\t\t\t<div class=\"elementor-widget-wrap elementor-element-populated\">\n\t\t\t\t\t\t<div class=\"elementor-element elementor-element-a49d038 elementor-widget elementor-widget-heading\" data-id=\"a49d038\" data-element_type=\"widget\" data-widget_type=\"heading.default\">\n\t\t\t\t<div class=\"elementor-widget-container\">\n\t\t\t\t\t<h2 class=\"elementor-heading-title elementor-size-default\"><a href=\"https:\/\/teknodrom.com.tr\/ar\/tarihce\/\">Tarih\u00e7e<\/a><\/h2>\t\t\t\t<\/div>\n\t\t\t\t<\/div>\n\t\t\t\t\t<\/div>\n\t\t<\/div>\n\t\t\t\t<div class=\"elementor-column elementor-col-16 elementor-top-column elementor-element elementor-element-2b085f4\" data-id=\"2b085f4\" data-element_type=\"column\" data-settings=\"{&quot;background_background&quot;:&quot;classic&quot;}\">\n\t\t\t<div class=\"elementor-widget-wrap elementor-element-populated\">\n\t\t\t\t\t\t<div class=\"elementor-element elementor-element-49c7877 elementor-widget elementor-widget-heading\" data-id=\"49c7877\" data-element_type=\"widget\" data-widget_type=\"heading.default\">\n\t\t\t\t<div class=\"elementor-widget-container\">\n\t\t\t\t\t<h2 class=\"elementor-heading-title elementor-size-default\"><a href=\"https:\/\/teknodrom.com.tr\/ar\/yatirim-ve-projeler\/\">Yat\u0131r\u0131m ve Projeler<\/a><\/h2>\t\t\t\t<\/div>\n\t\t\t\t<\/div>\n\t\t\t\t\t<\/div>\n\t\t<\/div>\n\t\t\t\t<div class=\"elementor-column elementor-col-16 elementor-top-column elementor-element elementor-element-c21c4d3\" data-id=\"c21c4d3\" data-element_type=\"column\" data-settings=\"{&quot;background_background&quot;:&quot;classic&quot;}\">\n\t\t\t<div class=\"elementor-widget-wrap elementor-element-populated\">\n\t\t\t\t\t\t<div class=\"elementor-element elementor-element-be5b402 elementor-widget elementor-widget-heading\" data-id=\"be5b402\" data-element_type=\"widget\" data-widget_type=\"heading.default\">\n\t\t\t\t<div class=\"elementor-widget-container\">\n\t\t\t\t\t<h2 class=\"elementor-heading-title elementor-size-default\"><a href=\"https:\/\/teknodrom.com.tr\/ar\/politikalarimiz\/\">Politikalar\u0131m\u0131z<\/a><\/h2>\t\t\t\t<\/div>\n\t\t\t\t<\/div>\n\t\t\t\t\t<\/div>\n\t\t<\/div>\n\t\t\t\t<div class=\"elementor-column elementor-col-16 elementor-top-column elementor-element elementor-element-6093492\" data-id=\"6093492\" data-element_type=\"column\" data-settings=\"{&quot;background_background&quot;:&quot;classic&quot;}\">\n\t\t\t<div class=\"elementor-widget-wrap elementor-element-populated\">\n\t\t\t\t\t\t<div class=\"elementor-element elementor-element-d270a21 elementor-widget elementor-widget-heading\" data-id=\"d270a21\" data-element_type=\"widget\" data-widget_type=\"heading.default\">\n\t\t\t\t<div class=\"elementor-widget-container\">\n\t\t\t\t\t<h2 class=\"elementor-heading-title elementor-size-default\"><a href=\"https:\/\/teknodrom.com.tr\/ar\/kvkk\/\">KVKK<\/a><\/h2>\t\t\t\t<\/div>\n\t\t\t\t<\/div>\n\t\t\t\t\t<\/div>\n\t\t<\/div>\n\t\t\t\t\t<\/div>\n\t\t<\/section>\n\t\t\t\t<section class=\"elementor-section elementor-top-section elementor-element elementor-element-a072d23 elementor-section-boxed elementor-section-height-default elementor-section-height-default\" data-id=\"a072d23\" data-element_type=\"section\">\n\t\t\t\t\t\t<div class=\"elementor-container elementor-column-gap-default\">\n\t\t\t\t\t<div class=\"elementor-column elementor-col-100 elementor-top-column elementor-element elementor-element-0464c8a\" data-id=\"0464c8a\" data-element_type=\"column\">\n\t\t\t<div class=\"elementor-widget-wrap elementor-element-populated\">\n\t\t\t\t\t\t<div class=\"elementor-element elementor-element-3e38168 elementor-widget elementor-widget-heading\" data-id=\"3e38168\" data-element_type=\"widget\" data-widget_type=\"heading.default\">\n\t\t\t\t<div class=\"elementor-widget-container\">\n\t\t\t\t\t<h2 class=\"elementor-heading-title elementor-size-default\">Yat\u0131r\u0131m ve Projeler<\/h2>\t\t\t\t<\/div>\n\t\t\t\t<\/div>\n\t\t\t\t<div class=\"elementor-element elementor-element-e2900c8 elementor-widget-divider--view-line elementor-widget elementor-widget-divider\" data-id=\"e2900c8\" data-element_type=\"widget\" data-widget_type=\"divider.default\">\n\t\t\t\t<div class=\"elementor-widget-container\">\n\t\t\t\t\t\t\t<div class=\"elementor-divider\">\n\t\t\t<span class=\"elementor-divider-separator\">\n\t\t\t\t\t\t<\/span>\n\t\t<\/div>\n\t\t\t\t\t\t<\/div>\n\t\t\t\t<\/div>\n\t\t\t\t<div class=\"elementor-element elementor-element-3263eb3 elementor-widget elementor-widget-ucaddon_post_horizontal_timeline\" data-id=\"3263eb3\" data-element_type=\"widget\" data-widget_type=\"ucaddon_post_horizontal_timeline.default\">\n\t\t\t\t<div class=\"elementor-widget-container\">\n\t\t\t\t\t\n<!-- start Post Horizontal Timeline -->\n\t\t<link id='font-awesome-css' href='https:\/\/teknodrom.com.tr\/wp-content\/plugins\/unlimited-elements-for-elementor\/assets_libraries\/font-awesome6\/fontawesome-all.min.css' type='text\/css' rel='stylesheet' >\n\t\t<link id='font-awesome-4-shim-css' href='https:\/\/teknodrom.com.tr\/wp-content\/plugins\/unlimited-elements-for-elementor\/assets_libraries\/font-awesome6\/fontawesome-v4-shims.min.css' type='text\/css' rel='stylesheet' >\n\t\t<link id='owl-carousel-css' href='https:\/\/teknodrom.com.tr\/wp-content\/plugins\/unlimited-elements-for-elementor\/assets_libraries\/owl-carousel-new\/assets\/owl.carousel.css' type='text\/css' rel='stylesheet' >\n\n<style>\/* widget: Post Horizontal Timeline *\/\n\n#uc_post_horizontal_timeline_elementor_3263eb3 *{\n  box-sizing:border-box;\n}\n#uc_post_horizontal_timeline_elementor_3263eb3{\n  position:relative;\n}\n#uc_post_horizontal_timeline_elementor_3263eb3 .ue-carousel-content{\n    display: flex;\n    flex-flow: column nowrap;\n    flex:1;\n\n}\n#uc_post_horizontal_timeline_elementor_3263eb3 .ue-carousel-item\n{\n  overflow:hidden;\n  position:relative;\n  display:flex;\n\n}\n\n#uc_post_horizontal_timeline_elementor_3263eb3 .ue-btn-holder\n{\n  margin-top:auto;\n}\n\n\n#uc_post_horizontal_timeline_elementor_3263eb3 .ue-btn{\n  text-align:center;\n  text-decoration:none;\n  transition:0.3s;\n} \n\n\n.post-horizontal-timeline .ue-post-title{\n  font-size:21px;\n  text-decoration:none;\n}\n\n#uc_post_horizontal_timeline_elementor_3263eb3 .owl-nav .owl-prev{\n    position:absolute;\n    display:inline-block;\n    text-align:center;\n}\n#uc_post_horizontal_timeline_elementor_3263eb3 .owl-nav .owl-next{\n  position:absolute;\n  display:inline-block;\n  text-align:center;\n}\n\n\n#uc_post_horizontal_timeline_elementor_3263eb3 .owl-dots {\noverflow:hidden;\ndisplay:false !important;\ntext-align:center;\n}\n\n#uc_post_horizontal_timeline_elementor_3263eb3 .owl-dot {\nborder-radius:50%;\ndisplay:inline-block;\n}\n\n#uc_post_horizontal_timeline_elementor_3263eb3 .ue-item-bullet-holder\n{\n  display:flex;\n  align-items:center;\n}\n\n#uc_post_horizontal_timeline_elementor_3263eb3 .ue-item-bullet-line\n{\n  flex-grow:1;\n}\n\n#uc_post_horizontal_timeline_elementor_3263eb3 .ue-item-bullet-line-spacing\n{\n  flex-grow:0;\n  flex-shrink:0;\n}\n\n#uc_post_horizontal_timeline_elementor_3263eb3 .ue-item-bullet\n{\n  flex-grow:0;\n  flex-shrink:0;\n  display:flex;\n  align-items:center;\n  justify-content:center;\n  line-height:1em;\n}\n\n.ue-post-category a\n{\n  font-size:12px;\n  line-height:1.5em;\n  text-decoration:none;\n}\n\n#uc_post_horizontal_timeline_elementor_3263eb3 .ue-post-image\n{\n  overflow:hidden;\n}\n\n#uc_post_horizontal_timeline_elementor_3263eb3 .ue-post-image a\n{\n  display:block;\n}\n\n#uc_post_horizontal_timeline_elementor_3263eb3 .ue-post-image img\n{\nobject-fit: cover;\n  width:100%;\n  transition:0.3s;\n}\n\n#uc_post_horizontal_timeline_elementor_3263eb3 .ue-item-vertical-line-holder\n{\n  display:flex;\n  justify-content:center; \n}\n\n#uc_post_horizontal_timeline_elementor_3263eb3 .ue-item-pointer-holder\n{\n  display:flex;\n  justify-content:center; \n}\n\n#uc_post_horizontal_timeline_elementor_3263eb3 .ue-carousel-item:hover .ue-post-image img\n{\n  transform:scale(1.1,1.1);\n}\n\n#uc_post_horizontal_timeline_elementor_3263eb3 .owl-stage {\n\/**  display: flex; **\/\n}\n\/**\n#uc_post_horizontal_timeline_elementor_3263eb3 .owl-item {\n   display: flex;\n   flex: 1 0 auto;\n  align-items: stretch;\n}\n **\/\n\n#uc_post_horizontal_timeline_elementor_3263eb3 .ue-carousel-item-holder\n{\n  display: flex;\n    flex-direction: column;\n    align-items: stretch;\n  height:100%;\n}\n\n<\/style>\n\n<div class=\"post-horizontal-timeline\" id=\"uc_post_horizontal_timeline_elementor_3263eb3\" data-custom-sethtml=\"true\" >\n   <div class=\"owl-carousel owl-theme uc-items-wrapper\">\n   \t\t\n   <\/div>\t\n<\/div>\n<!-- end Post Horizontal Timeline -->\t\t\t\t<\/div>\n\t\t\t\t<\/div>\n\t\t\t\t\t<\/div>\n\t\t<\/div>\n\t\t\t\t\t<\/div>\n\t\t<\/section>\n\t\t\t\t<\/div>","protected":false},"excerpt":{"rendered":"<p>Hakk\u0131m\u0131zda Vizyon \/ Misyon Tarih\u00e7e Yat\u0131r\u0131m ve Projeler Politikalar\u0131m\u0131z KVKK Yat\u0131r\u0131m ve Projeler 25 Temmuz 2023 Yat\u0131r\u0131m ve Projeler Teknodrom\u2019un Yeni Yat\u0131r\u0131m\u0131 Al\u00fcminyum Tesisi Al\u00fcminyum k\u00fcl\u00e7e \u00fcretimine 2019 y\u0131l\u0131nda Gebze tesisinde ba\u015flayan Teknodrom, al\u00fcminyum sekt\u00f6r\u00fcnde k\u0131sa&#8230;<\/p>","protected":false},"author":1,"featured_media":0,"parent":0,"menu_order":0,"comment_status":"closed","ping_status":"closed","template":"elementor_header_footer","meta":{"footnotes":""},"class_list":["post-1023","page","type-page","status-publish","hentry"],"_links":{"self":[{"href":"https:\/\/teknodrom.com.tr\/ar\/wp-json\/wp\/v2\/pages\/1023","targetHints":{"allow":["GET"]}}],"collection":[{"href":"https:\/\/teknodrom.com.tr\/ar\/wp-json\/wp\/v2\/pages"}],"about":[{"href":"https:\/\/teknodrom.com.tr\/ar\/wp-json\/wp\/v2\/types\/page"}],"author":[{"embeddable":true,"href":"https:\/\/teknodrom.com.tr\/ar\/wp-json\/wp\/v2\/users\/1"}],"replies":[{"embeddable":true,"href":"https:\/\/teknodrom.com.tr\/ar\/wp-json\/wp\/v2\/comments?post=1023"}],"version-history":[{"count":0,"href":"https:\/\/teknodrom.com.tr\/ar\/wp-json\/wp\/v2\/pages\/1023\/revisions"}],"wp:attachment":[{"href":"https:\/\/teknodrom.com.tr\/ar\/wp-json\/wp\/v2\/media?parent=1023"}],"curies":[{"name":"wp","href":"https:\/\/api.w.org\/{rel}","templated":true}]}}